{"id":7182,"date":"2024-05-06T20:52:50","date_gmt":"2024-05-06T18:52:50","guid":{"rendered":"https:\/\/www.simpedil.eu\/kit-ricambi-originali\/"},"modified":"2024-10-24T12:42:07","modified_gmt":"2024-10-24T10:42:07","slug":"original-spare-parts-kit","status":"publish","type":"page","link":"https:\/\/www.simpedil.eu\/pt-pt\/original-spare-parts-kit\/","title":{"rendered":"ORIGINAL SPARE PARTS KIT"},"content":{"rendered":"<section class=\"wpb-content-wrapper\"><p>[vc_row disable_background_image=&#8221;&#8221;][vc_column][vc_column_text]<\/p>\n<p class=\"p1\">[\/vc_column_text][\/vc_column][\/vc_row][vc_row disable_background_image=&#8221;1024&#8243; enable_background_svg=&#8221;yes&#8221; animated_text_position=&#8221;right&#8221; disable_animated_text=&#8221;&#8221; animated_text=&#8221;racing&#8221; animated_text_color=&#8221;#101010&#8243; simple_background_color=&#8221;#000000&#8243; el_class=&#8221;mkdf-row-margin-top&#8221; css=&#8221;.vc_custom_1719585235219{padding-top: 100px !important;}&#8221;][vc_column][vc_row_inner row_content_width=&#8221;grid&#8221;][vc_column_inner css=&#8221;.vc_custom_1719585258753{padding-top: 0px !important;padding-bottom: 0px !important;}&#8221;]<div class=\"mkdf-elements-holder   mkdf-one-column  mkdf-responsive-mode-768 \" ><div class=\"mkdf-eh-item   mkdf-horizontal-alignment-center \"  data-item-class=\"mkdf-eh-custom-3773\">\n\t<div class=\"mkdf-eh-item-inner\">\n\t\t<div class=\"mkdf-eh-item-content mkdf-eh-custom-3773\" >\n\t\t\t[vc_column_text]<\/p>\n<h3 class=\"p1\" style=\"text-align: center;\"><span style=\"color: #ffffff;\"><b>AS M\u00c1QUINAS SIMPEDIL SE DISTINGUEM POR SUA EFICI\u00caNCIA, FRUTO DA QUALIDADE DOS COMPONENTES. PARA MANTER AO LONGO DO TEMPO DESEMPENHOS EXCELENTES, \u00c9 FUNDAMENTAL REALIZAR A MANUTEN\u00c7\u00c3O REGULARMENTE, UTILIZANDO EXCLUSIVAMENTE PE\u00c7AS DE REPOSI\u00c7\u00c3O ORIGINAIS SIMPEDIL.<\/b><\/span><\/h3>\n<p>[\/vc_column_text][vc_empty_space]\t\t<\/div>\n\t<\/div>\n<\/div><\/div>[\/vc_column_inner][\/vc_row_inner][\/vc_column][\/vc_row][vc_row disable_background_image=&#8221;1024&#8243; enable_background_svg=&#8221;yes&#8221; animated_text_position=&#8221;right&#8221; disable_animated_text=&#8221;&#8221; animated_text=&#8221;racing&#8221; animated_text_color=&#8221;#101010&#8243; simple_background_color=&#8221;#000000&#8243; el_class=&#8221;mkdf-row-margin-top&#8221; animated_text_overlay_image=&#8221;2357&#8243; background_svg=&#8221;JTNDZGl2JTIwY2xhc3MlM0QlMjJta2RmLWFuaW1hdGVkLWJhY2tncm91bmQtc3ZnJTIyJTNFJTNDc3ZnJTIweG1sbnMlM0QlMjJodHRwJTNBJTJGJTJGd3d3LnczLm9yZyUyRjIwMDAlMkZzdmclMjIlMjB4bWxucyUzQXhsaW5rJTNEJTIyaHR0cCUzQSUyRiUyRnd3dy53My5vcmclMkYxOTk5JTJGeGxpbmslMjIlMjB4JTNEJTIyMHB4JTIyJTIweSUzRCUyMjBweCUyMiUyMHZpZXdCb3glM0QlMjIwJTIwMCUyMDE5MjAlMjA3MDAlMjIlMjBlbmFibGUtYmFja2dyb3VuZCUzRCUyMm5ldyUyMDAlMjAwJTIwMTkyMCUyMDcwMCUyMiUyMHhtbCUzQXNwYWNlJTNEJTIycHJlc2VydmUlMjIlM0UlMEElM0NwYXRoJTIwc3R5bGUlM0QlMjJmaWxsJTNBbm9uZSUzQnN0cm9rZSUzQXJlZCUzQnN0cm9rZS1taXRlcmxpbWl0JTNBMTAlMjIlMjBkJTNEJTIyTTAlMkMyNTcuNzhjMjMuMjYlMkMwLjYzJTJDNDcuMzYlMkMyLjIzJTJDNzIuNiUyQzQuOGM0My41MSUyQzQuNDglMkM4NC4yNCUyQzExLjE2JTJDMTIxLjA3JTJDMTkuODQlMEElMDljNDEuNTYlMkM5LjglMkM3OS45MiUyQzIyLjU2JTJDMTE0LjAyJTJDMzcuOTNjMTguNCUyQzguMjQlMkMzNi4zOCUyQzE3LjUzJTJDNTQuOTklMkMyOC4zOGM2OS40NiUyQzQwLjUzJTJDMTI4LjA1JTJDOTMuMjglMkMxODQuNzElMkMxNDQuMyUwQSUwOWM0OS40NyUyQzQ0LjU0JTJDMTAwLjYzJTJDOTAuNiUyQzE1OC42NSUyQzEyOC4xMmM0My4zMyUyQzI4LjAyJTJDODUuNTIlMkM0Ni42NSUyQzEyNS40MSUyQzU1LjM5YzI0LjkxJTJDNS40NiUyQzQ5LjE5JTJDNy4xNCUyQzcyLjE3JTJDNSUwQSUwOWM4NC45LTguMDUlMkMxNTMuNjgtNjYuODIlMkMyMDguOTQtMTE0LjA1Yzc2LjcxLTY1LjM3JTJDMTUyLjg5LTEyNi42OCUyQzIyNi40LTE4Mi4yM2M0OS0zNi45OCUyQzk3LjE2LTcyLjMzJTJDMTQzLjc0LTEwNi41MmwwLjA5LTAuMDYlMEElMDljMTguNjMtMTMuNjclMkMzNy44OS0yNy44MSUyQzU2Ljg1LTQxLjc5YzE4Ljg5LTEzLjkzJTJDNDEuNS0yOS40NSUyQzY2LjA1LTM4Ljg5YzEzLTUlMkMyNS43NC03Ljk1JTJDMzcuODctOC43NyUwQSUwOWMxMy43My0wLjkzJTJDMjcuMjIlMkMwLjgzJTJDNDAuMTElMkM1LjIyYzI2LjklMkM5LjE1JTJDNDcuODMlMkMyOC4wNyUyQzYzLjk5JTJDNTcuODRjMTQuMiUyQzI2LjE2JTJDMjIuMzMlMkM1Ni4yNSUyQzI4LjgzJTJDODIuMzklMEElMDljMzAuNzUlMkMxMjQuNiUyQzc0LjUlMkMyMTcuMDQlMkMxMzcuNjclMkMyOTAuOTFjMS45MiUyQzIuMjQlMkMzLjg2JTJDNC40NyUyQzUuODQlMkM2LjY5JTIyJTJGJTNFJTBBJTNDJTJGc3ZnJTNFJTNDJTJGZGl2JTNF&#8221;][vc_column css=&#8221;.vc_custom_1719585101894{margin-bottom: -150px !important;border-bottom-width: -70px !important;padding-top: 0px !important;padding-bottom: 0px !important;}&#8221;][vc_row_inner row_content_width=&#8221;grid&#8221;][vc_column_inner css=&#8221;.vc_custom_1567499344778{padding-top: 0px !important;padding-bottom: 0px !important;}&#8221;]<div class=\"mkdf-elements-holder   mkdf-one-column  mkdf-responsive-mode-768 \" ><div class=\"mkdf-eh-item    \"  data-item-class=\"mkdf-eh-custom-8324\" data-1400-1600=\"195px 0 238px\" data-1025-1399=\"183px 0 227px\" data-769-1024=\"160px 0 150px\" data-681-768=\"144px 0 150px\" data-680=\"105px 0 150px\">\n\t<div class=\"mkdf-eh-item-inner\">\n\t\t<div class=\"mkdf-eh-item-content mkdf-eh-custom-8324\" style=\"padding: 195px 0 238px\">\n\t\t\t<div class=\"mkdf-item-showcase-specific-holder  mkdf-iss-text-left mkdf-light-skin mkdf-has-appear-animation\">\n\t<div class=\"mkdf-iss-content\">\n\t\t<div class=\"mkdf-iss-info-section\">\n\t\t\t\t\t\t\t<span class=\"mkdf-iss-tagline\" >Original Spare Parts Kit<\/span>\n\t\t\t\t\t\t\t\t\t\t<h2 class=\"mkdf-iss-title\" style=\"color: #ffffff\">\n\t\t\t\t\tPOR QUE ESCOLHER OS KITS DE PE\u00c7AS DE REPOSI\u00c7\u00c3O ORIGINAIS SIMPEDIL?\t\t\t\t<\/h2>\n\t\t\t\t\t\t\t\t\t\t\t\t\t<\/div>\n\t\t<div class=\"mkdf-iss-media-section\">\n\t\t\t<div class=\"mkdf-iss-al-and-si-holder\">\n\t\t\t\t<div class=\"mkdf-iss-additional-link-holder\">\n\t\t\t\t\t\t\t\t\t<\/div>\n\t\t\t\t<div class=\"mkdf-iss-second-image-holder\">\n\t\t\t\t\t\t\t\t\t<\/div>\n\t\t\t<\/div>\n\t\t\t<div class=\"mkdf-iss-main-image-holder\">\n\t\t\t\t<img loading=\"lazy\" decoding=\"async\" width=\"1979\" height=\"1700\" src=\"https:\/\/www.simpedil.eu\/wp-content\/uploads\/2024\/05\/combo-valigette.png\" class=\"attachment-full size-full\" alt=\"\" style=\"transform: scale(1.4)\" srcset=\"https:\/\/www.simpedil.eu\/wp-content\/uploads\/2024\/05\/combo-valigette.png 1979w, https:\/\/www.simpedil.eu\/wp-content\/uploads\/2024\/05\/combo-valigette-300x258.png 300w, https:\/\/www.simpedil.eu\/wp-content\/uploads\/2024\/05\/combo-valigette-1024x880.png 1024w, https:\/\/www.simpedil.eu\/wp-content\/uploads\/2024\/05\/combo-valigette-768x660.png 768w, https:\/\/www.simpedil.eu\/wp-content\/uploads\/2024\/05\/combo-valigette-1536x1319.png 1536w, https:\/\/www.simpedil.eu\/wp-content\/uploads\/2024\/05\/combo-valigette-600x515.png 600w\" sizes=\"auto, (max-width: 1979px) 100vw, 1979px\" \/>\t\t\t<\/div>\n\t\t\t<div class=\"mkdf-iss-icon-holder\">\n\t\t\t\t\t\t\t<\/div>\n\t\t<\/div>\n\t<\/div>\n<\/div>[vc_empty_space height=&#8221;18&#8243;][vc_column_text]<\/p>\n<p class=\"p1\"><span style=\"color: #ffffff;\">\u2022<b>MARGEM DE VENDA VANTAJOSA<\/b>: Maior lucro em cada produto vendido.<\/span><\/p>\n<p class=\"p1\"><span style=\"color: #ffffff;\">\u2022<b>CONFIABILIDADE DOS PRODUTOS<\/b>: Venda de m\u00e1quinas de alta qualidade, 100% Made in Italy.<\/span><\/p>\n<p class=\"p1\"><span style=\"color: #ffffff;\">\u2022<b>PROMO\u00c7\u00d5ES EXCLUSIVAS<\/b>: Descontos, brindes e produtos personalizados para aumentar as vendas e fidelizar os clientes.<\/span><\/p>\n<p class=\"p1\"><span style=\"color: #ffffff;\">\u2022<b>SUPORTE DE MARKETING CONSTANTE<\/b>: Campanhas digitais direcionadas, estrat\u00e9gias de inbound marketing e automa\u00e7\u00e3o de marketing para alcan\u00e7ar os objetivos de neg\u00f3cios.<\/span><\/p>\n<p class=\"p1\"><span style=\"color: #ffffff;\">\u2022<b>GARANTIA DE DESEMPENHO<\/b>: Nossos kits s\u00e3o projetados para atender \u00e0s necessidades espec\u00edficas dos profissionais do setor, garantindo desempenho \u00f3timo e maior durabilidade das m\u00e1quinas.<\/span><\/p>\n<p class=\"p1\"><span style=\"color: #ffffff;\">\u2022<b>PREVEN\u00c7\u00c3O DE FALHAS<\/b>: Substituir regularmente os componentes desgastados previne falhas inesperadas, garantindo um fluxo de trabalho cont\u00ednuo e sem interrup\u00e7\u00f5es.<\/span><\/p>\n<p class=\"p1\"><span style=\"color: #ffffff;\">\u2022<b>ECONOMIA<\/b>: Investir em pe\u00e7as de reposi\u00e7\u00e3o originais significa economizar nos custos de repara\u00e7\u00e3o e substitui\u00e7\u00e3o das m\u00e1quinas a longo prazo.<\/span><\/p>\n<p>[\/vc_column_text]\t\t<\/div>\n\t<\/div>\n<\/div><\/div>[vc_empty_space height=&#8221;40px&#8221;][\/vc_column_inner][\/vc_row_inner][\/vc_column][\/vc_row][vc_row disable_background_image=&#8221;&#8221; css=&#8221;.vc_custom_1569325891658{padding-top: 119px !important;padding-bottom: 82px !important;}&#8221; simple_background_color=&#8221;#000000&#8243;][vc_column css=&#8221;.vc_custom_1716473480464{margin-top: -100px !important;margin-bottom: -150px !important;}&#8221;][vc_empty_space height=&#8221;40px&#8221;][vc_row_inner row_content_width=&#8221;grid&#8221; content_text_aligment=&#8221;left&#8221;][vc_column_inner offset=&#8221;vc_col-lg-4 vc_col-md-6 vc_col-xs-12&#8243;]<div class=\"mkdf-pie-chart-holder \">\n\t<div class=\"mkdf-pc-percentage\" data-percent=\"19\" data-bar-color=\"#ed1d24\">\n\t\t<span class=\"mkdf-pc-percent\" style=\"color: #ffffff\">19<\/span>\n\t<\/div>\n\t\t\t<div class=\"mkdf-pc-text-holder\">\n\t\t\t\t\t\t\t<h4 class=\"mkdf-pc-title\" style=\"color: #ffffff\">A MENOS DE DESEMPENHO E PRODUTIVIDADE DI\u00c1RIA<\/h4>\n\t\t\t\t\t\t\t\t<\/div>\n\t<\/div>[vc_empty_space height=&#8221;40px&#8221;][\/vc_column_inner][vc_column_inner offset=&#8221;vc_col-lg-4 vc_col-md-6 vc_col-xs-12&#8243;]<div class=\"mkdf-pie-chart-holder \">\n\t<div class=\"mkdf-pc-percentage\" data-percent=\"42\" data-bar-color=\"#ed1d24\">\n\t\t<span class=\"mkdf-pc-percent\" style=\"color: #ffffff\">42<\/span>\n\t<\/div>\n\t\t\t<div class=\"mkdf-pc-text-holder\">\n\t\t\t\t\t\t\t<h4 class=\"mkdf-pc-title\" style=\"color: #ffffff\">A MAIS DE ESFOR\u00c7O DO MOTOR E DESGASTE MEC\u00c2NICO<\/h4>\n\t\t\t\t\t\t\t\t<\/div>\n\t<\/div>[vc_empty_space height=&#8221;40px&#8221;][\/vc_column_inner][vc_column_inner offset=&#8221;vc_col-lg-4 vc_col-md-6 vc_col-xs-12&#8243;]<div class=\"mkdf-pie-chart-holder \">\n\t<div class=\"mkdf-pc-percentage\" data-percent=\"15\" data-bar-color=\"#ed1d24\">\n\t\t<span class=\"mkdf-pc-percent\" style=\"color: #ffffff\">15<\/span>\n\t<\/div>\n\t\t\t<div class=\"mkdf-pc-text-holder\">\n\t\t\t\t\t\t\t<h4 class=\"mkdf-pc-title\" style=\"color: #ffffff\">A MAIS DE CONSUMO DE ENERGIA EL\u00c9TRICA<\/h4>\n\t\t\t\t\t\t\t\t<\/div>\n\t<\/div>[\/vc_column_inner][\/vc_row_inner][vc_empty_space height=&#8221;40px&#8221;][\/vc_column][\/vc_row][vc_row disable_background_image=&#8221;1024&#8243; enable_background_svg=&#8221;yes&#8221; animated_text_position=&#8221;right&#8221; disable_animated_text=&#8221;&#8221; animated_text=&#8221;racing&#8221; animated_text_color=&#8221;#101010&#8243; simple_background_color=&#8221;#000000&#8243; el_class=&#8221;mkdf-row-margin-top&#8221; css=&#8221;.vc_custom_1714982762415{padding-top: 100px !important;padding-bottom: 100px !important;}&#8221;][vc_column css=&#8221;.vc_custom_1719586094963{padding-top: 0px !important;padding-bottom: 0px !important;}&#8221;][vc_row_inner row_content_width=&#8221;grid&#8221;][vc_column_inner css=&#8221;.vc_custom_1567499344778{padding-top: 0px !important;padding-bottom: 0px !important;}&#8221;]<div class=\"mkdf-elements-holder   mkdf-one-column  mkdf-responsive-mode-768 \" ><div class=\"mkdf-eh-item   mkdf-horizontal-alignment-center \"  data-item-class=\"mkdf-eh-custom-1786\">\n\t<div class=\"mkdf-eh-item-inner\">\n\t\t<div class=\"mkdf-eh-item-content mkdf-eh-custom-1786\" >\n\t\t\t[vc_empty_space]<div class=\"mkdf-section-title-holder    mkdf-has-appear-animation\" style=\"text-align: center\">\n\t<div class=\"mkdf-st-inner\">\n\t\t\t\t\t\t<h3 class=\"mkdf-st-title\" style=\"color: #ffffff\">\n\t\t\t\t\t\t\t\t\tPerformance e Always on Kit\t\t\t\t\t\t\t<\/h3>\n\t\t\t\t\t\t\t<\/div>\n<\/div>[vc_column_text]<\/p>\n<p class=\"p1\">\u2022<b>PERFORMANCE KIT<\/b>: ADEQUADO PARA A SUBSTITUI\u00c7\u00c3O PERI\u00d3DICA DAS L\u00c2MINAS E MAXIMIZAR O CICLO DE VIDA DAS M\u00c1QUINAS. RECOMENDAMOS A SUBSTITUI\u00c7\u00c3O DOS CONSUM\u00cdVEIS A CADA 600 HORAS DE TRABALHO.<\/p>\n<p class=\"p1\">\u2022<b>ALWAYS ON KIT<\/b>: UM KIT COMPLETO DE PE\u00c7AS DE REPOSI\u00c7\u00c3O ORIGINAIS SEMPRE \u00c0 M\u00c3O PARA PREVENIR BLOQUEIOS IMPREVISTOS NO CANTEIRO DE OBRAS.<\/p>\n<p class=\"p1\">[\/vc_column_text][vc_empty_space height=&#8221;100px&#8221;]\t\t<\/div>\n\t<\/div>\n<\/div><\/div>[\/vc_column_inner][\/vc_row_inner][vc_row_inner row_content_width=&#8221;grid&#8221;][vc_column_inner css=&#8221;.vc_custom_1567499344778{padding-top: 0px !important;padding-bottom: 0px !important;}&#8221;]<div class=\"mkdf-elements-holder   mkdf-one-column  mkdf-responsive-mode-768 \" ><div class=\"mkdf-eh-item   mkdf-horizontal-alignment-center \"  data-item-class=\"mkdf-eh-custom-2421\">\n\t<div class=\"mkdf-eh-item-inner\">\n\t\t<div class=\"mkdf-eh-item-content mkdf-eh-custom-2421\" >\n\t\t\t<div class=\"mkdf-section-title-holder    mkdf-has-appear-animation\" style=\"text-align: center\">\n\t<div class=\"mkdf-st-inner\">\n\t\t\t\t\t\t<h3 class=\"mkdf-st-title\" style=\"color: #ffffff\">\n\t\t\t\t\t\t\t\t\tO QUE EST\u00c1 INCLU\u00cdDO NOS KITS DE PE\u00c7AS ORIGINAIS OFMER?\t\t\t\t\t\t\t<\/h3>\n\t\t\t\t\t\t\t<\/div>\n<\/div>[vc_column_text]<\/p>\n<p class=\"p1\">Cada kit de pe\u00e7as de reposi\u00e7\u00e3o originais Simpedil \u00e9 entregue em uma robusta maleta resistente a impactos e ao desgaste do tempo, garantindo a seguran\u00e7a e a prote\u00e7\u00e3o dos componentes. Dentro, voc\u00ea encontrar\u00e1 uma sele\u00e7\u00e3o cuidadosa de pe\u00e7as de reposi\u00e7\u00e3o essenciais para a manuten\u00e7\u00e3o, apresentadas em sacos protetores a v\u00e1cuo. Os kits est\u00e3o dispon\u00edveis para uma ampla gama de categorias, incluindo Tesouras, Dobradeiras de Ferro, Combinadas e Estribadeiras, e cont\u00eam tudo o que voc\u00ea precisa para manter suas m\u00e1quinas Simpedil com o m\u00e1ximo desempenho: l\u00e2minas de reposi\u00e7\u00e3o, parafusos, placa guia nasello com parafusos e encaixe, mezzolunas e um kit de molas.<\/p>\n<p class=\"p1\">[\/vc_column_text]\t\t<\/div>\n\t<\/div>\n<\/div><\/div>[\/vc_column_inner][\/vc_row_inner][\/vc_column][\/vc_row][vc_row disable_background_image=&#8221;&#8221;][vc_column][vc_column_text]<\/p>\n<p>[\/vc_column_text][\/vc_column][\/vc_row]<\/p>\n<\/section>","protected":false},"excerpt":{"rendered":"<p>[vc_row disable_background_image=&#8221;&#8221;][vc_column][vc_column_text] [\/vc_column_text][\/vc_column][\/vc_row][vc_row disable_background_image=&#8221;1024&#8243; enable_background_svg=&#8221;yes&#8221; animated_text_position=&#8221;right&#8221; disable_animated_text=&#8221;&#8221; animated_text=&#8221;racing&#8221; animated_text_color=&#8221;#101010&#8243; simple_background_color=&#8221;#000000&#8243; el_class=&#8221;mkdf-row-margin-top&#8221; css=&#8221;.vc_custom_1719585235219{padding-top: 100px !important;}&#8221;][vc_column][vc_row_inner row_content_width=&#8221;grid&#8221;][vc_column_inner css=&#8221;.vc_custom_1719585258753{padding-top: 0px !important;padding-bottom: 0px !important;}&#8221;][\/vc_column_inner][\/vc_row_inner][\/vc_column][\/vc_row][vc_row disable_background_image=&#8221;1024&#8243; enable_background_svg=&#8221;yes&#8221; animated_text_position=&#8221;right&#8221; disable_animated_text=&#8221;&#8221; animated_text=&#8221;racing&#8221; animated_text_color=&#8221;#101010&#8243; simple_background_color=&#8221;#000000&#8243; el_class=&#8221;mkdf-row-margin-top&#8221; animated_text_overlay_image=&#8221;2357&#8243; background_svg=&#8221;JTNDZGl2JTIwY2xhc3MlM0QlMjJta2RmLWFuaW1hdGVkLWJhY2tncm91bmQtc3ZnJTIyJTNFJTNDc3ZnJTIweG1sbnMlM0QlMjJodHRwJTNBJTJGJTJGd3d3LnczLm9yZyUyRjIwMDAlMkZzdmclMjIlMjB4bWxucyUzQXhsaW5rJTNEJTIyaHR0cCUzQSUyRiUyRnd3dy53My5vcmclMkYxOTk5JTJGeGxpbmslMjIlMjB4JTNEJTIyMHB4JTIyJTIweSUzRCUyMjBweCUyMiUyMHZpZXdCb3glM0QlMjIwJTIwMCUyMDE5MjAlMjA3MDAlMjIlMjBlbmFibGUtYmFja2dyb3VuZCUzRCUyMm5ldyUyMDAlMjAwJTIwMTkyMCUyMDcwMCUyMiUyMHhtbCUzQXNwYWNlJTNEJTIycHJlc2VydmUlMjIlM0UlMEElM0NwYXRoJTIwc3R5bGUlM0QlMjJmaWxsJTNBbm9uZSUzQnN0cm9rZSUzQXJlZCUzQnN0cm9rZS1taXRlcmxpbWl0JTNBMTAlMjIlMjBkJTNEJTIyTTAlMkMyNTcuNzhjMjMuMjYlMkMwLjYzJTJDNDcuMzYlMkMyLjIzJTJDNzIuNiUyQzQuOGM0My41MSUyQzQuNDglMkM4NC4yNCUyQzExLjE2JTJDMTIxLjA3JTJDMTkuODQlMEElMDljNDEuNTYlMkM5LjglMkM3OS45MiUyQzIyLjU2JTJDMTE0LjAyJTJDMzcuOTNjMTguNCUyQzguMjQlMkMzNi4zOCUyQzE3LjUzJTJDNTQuOTklMkMyOC4zOGM2OS40NiUyQzQwLjUzJTJDMTI4LjA1JTJDOTMuMjglMkMxODQuNzElMkMxNDQuMyUwQSUwOWM0OS40NyUyQzQ0LjU0JTJDMTAwLjYzJTJDOTAuNiUyQzE1OC42NSUyQzEyOC4xMmM0My4zMyUyQzI4LjAyJTJDODUuNTIlMkM0Ni42NSUyQzEyNS40MSUyQzU1LjM5YzI0LjkxJTJDNS40NiUyQzQ5LjE5JTJDNy4xNCUyQzcyLjE3JTJDNSUwQSUwOWM4NC45LTguMDUlMkMxNTMuNjgtNjYuODIlMkMyMDguOTQtMTE0LjA1Yzc2LjcxLTY1LjM3JTJDMTUyLjg5LTEyNi42OCUyQzIyNi40LTE4Mi4yM2M0OS0zNi45OCUyQzk3LjE2LTcyLjMzJTJDMTQzLjc0LTEwNi41MmwwLjA5LTAuMDYlMEElMDljMTguNjMtMTMuNjclMkMzNy44OS0yNy44MSUyQzU2Ljg1LTQxLjc5YzE4Ljg5LTEzLjkzJTJDNDEuNS0yOS40NSUyQzY2LjA1LTM4Ljg5YzEzLTUlMkMyNS43NC03Ljk1JTJDMzcuODctOC43NyUwQSUwOWMxMy43My0wLjkzJTJDMjcuMjIlMkMwLjgzJTJDNDAuMTElMkM1LjIyYzI2LjklMkM5LjE1JTJDNDcuODMlMkMyOC4wNyUyQzYzLjk5JTJDNTcuODRjMTQuMiUyQzI2LjE2JTJDMjIuMzMlMkM1Ni4yNSUyQzI4LjgzJTJDODIuMzklMEElMDljMzAuNzUlMkMxMjQuNiUyQzc0LjUlMkMyMTcuMDQlMkMxMzcuNjclMkMyOTAuOTFjMS45MiUyQzIuMjQlMkMzLjg2JTJDNC40NyUyQzUuODQlMkM2LjY5JTIyJTJGJTNFJTBBJTNDJTJGc3ZnJTNFJTNDJTJGZGl2JTNF&#8221;][vc_column css=&#8221;.vc_custom_1719585101894{margin-bottom: -150px !important;border-bottom-width: -70px !important;padding-top: 0px !important;padding-bottom: 0px !important;}&#8221;][vc_row_inner row_content_width=&#8221;grid&#8221;][vc_column_inner css=&#8221;.vc_custom_1567499344778{padding-top: 0px !important;padding-bottom: 0px !important;}&#8221;][vc_empty_space height=&#8221;40px&#8221;][\/vc_column_inner][\/vc_row_inner][\/vc_column][\/vc_row][vc_row disable_background_image=&#8221;&#8221; css=&#8221;.vc_custom_1569325891658{padding-top: 119px !important;padding-bottom: 82px [&hellip;]<\/p>\n","protected":false},"author":4,"featured_media":0,"parent":0,"menu_order":0,"comment_status":"closed","ping_status":"closed","template":"full-width.php","meta":{"om_disable_all_campaigns":false,"_monsterinsights_skip_tracking":false,"_monsterinsights_sitenote_active":false,"_monsterinsights_sitenote_note":"","_monsterinsights_sitenote_category":0,"footnotes":""},"class_list":["post-7182","page","type-page","status-publish","hentry"],"aioseo_notices":[],"_links":{"self":[{"href":"https:\/\/www.simpedil.eu\/pt-pt\/wp-json\/wp\/v2\/pages\/7182","targetHints":{"allow":["GET"]}}],"collection":[{"href":"https:\/\/www.simpedil.eu\/pt-pt\/wp-json\/wp\/v2\/pages"}],"about":[{"href":"https:\/\/www.simpedil.eu\/pt-pt\/wp-json\/wp\/v2\/types\/page"}],"author":[{"embeddable":true,"href":"https:\/\/www.simpedil.eu\/pt-pt\/wp-json\/wp\/v2\/users\/4"}],"replies":[{"embeddable":true,"href":"https:\/\/www.simpedil.eu\/pt-pt\/wp-json\/wp\/v2\/comments?post=7182"}],"version-history":[{"count":16,"href":"https:\/\/www.simpedil.eu\/pt-pt\/wp-json\/wp\/v2\/pages\/7182\/revisions"}],"predecessor-version":[{"id":8936,"href":"https:\/\/www.simpedil.eu\/pt-pt\/wp-json\/wp\/v2\/pages\/7182\/revisions\/8936"}],"wp:attachment":[{"href":"https:\/\/www.simpedil.eu\/pt-pt\/wp-json\/wp\/v2\/media?parent=7182"}],"curies":[{"name":"wp","href":"https:\/\/api.w.org\/{rel}","templated":true}]}}