{"id":7142,"date":"2024-05-06T20:59:05","date_gmt":"2024-05-06T18:59:05","guid":{"rendered":"https:\/\/www.simpedil.eu\/ofmer-owner-club\/"},"modified":"2024-10-23T12:14:24","modified_gmt":"2024-10-23T10:14:24","slug":"simpedil-owner-club","status":"publish","type":"page","link":"https:\/\/www.simpedil.eu\/pt-pt\/simpedil-owner-club\/","title":{"rendered":"SIMPEDIL OWNER CLUB"},"content":{"rendered":"<section class=\"wpb-content-wrapper\"><p>[vc_row disable_background_image=&#8221;1024&#8243; enable_background_svg=&#8221;yes&#8221; animated_text_position=&#8221;right&#8221; disable_animated_text=&#8221;&#8221; animated_text=&#8221;racing&#8221; animated_text_color=&#8221;#101010&#8243; simple_background_color=&#8221;#000000&#8243; el_class=&#8221;mkdf-row-margin-top&#8221; css=&#8221;.vc_custom_1714982762415{padding-top: 100px !important;padding-bottom: 100px !important;}&#8221;][vc_column css=&#8221;.vc_custom_1568717806229{padding-top: 0px !important;padding-bottom: 0px !important;}&#8221;][vc_row_inner row_content_width=&#8221;grid&#8221;][vc_column_inner css=&#8221;.vc_custom_1716473700704{margin-bottom: -100px !important;padding-top: 0px !important;padding-bottom: 0px !important;}&#8221;]<div class=\"mkdf-elements-holder   mkdf-one-column  mkdf-responsive-mode-768 \" ><div class=\"mkdf-eh-item   mkdf-horizontal-alignment-center \"  data-item-class=\"mkdf-eh-custom-4661\">\n\t<div class=\"mkdf-eh-item-inner\">\n\t\t<div class=\"mkdf-eh-item-content mkdf-eh-custom-4661\" >\n\t\t\t[vc_column_text]<\/p>\n<h3 style=\"text-align: center;\"><span style=\"color: #ffffff;\"><strong><span style=\"color: #ffffff;\">A<\/span>o Com o Simpedil Owner Club, sua experi\u00eancia se torna \u00fanica.<\/strong><\/span><\/h3>\n<h4 style=\"text-align: center;\"><span style=\"color: #ffffff;\"><strong>Al\u00e9m de m\u00e1quinas confi\u00e1veis, oferecemos um programa de fidelidade feito sob medida para voc\u00ea, com servi\u00e7os e benef\u00edcios pensados para atender \u00e0s suas necessidades espec\u00edficas.<\/strong><\/span><\/h4>\n<p>[\/vc_column_text]\t\t<\/div>\n\t<\/div>\n<\/div><\/div>[\/vc_column_inner][\/vc_row_inner][\/vc_column][\/vc_row][vc_row disable_background_image=&#8221;&#8221;][vc_column]<div class=\"mkdf-elements-holder   mkdf-one-column  mkdf-responsive-mode-768 \" ><div class=\"mkdf-eh-item   mkdf-horizontal-alignment-center \"  data-item-class=\"mkdf-eh-custom-4689\">\n\t<div class=\"mkdf-eh-item-inner\">\n\t\t<div class=\"mkdf-eh-item-content mkdf-eh-custom-4689\" >\n\t\t\t[vc_empty_space height=&#8221;50px&#8221;]<a itemprop=\"url\" href=\"https:\/\/25859542.hs-sites-eu1.com\/simpedil-owner-club-warranty\" target=\"_blank\"  class=\"mkdf-btn mkdf-btn-medium mkdf-btn-predefined\"  >\n            <span class=\"mkdf-btn-predefined-line-holder\">\n            <span class=\"mkdf-btn-line-hidden\"><\/span>\n            <span class=\"mkdf-btn-text\">Registre a sua m\u00e1quina<\/span>\n\t        <span class=\"mkdf-btn-line\"><\/span>\n            <i class=\"mkdf-btn-predefined-icon mkdf-icon-ion-icon ion-ios-play \"><\/i>\n        <\/span>\n    <\/a>[vc_empty_space height=&#8221;50px&#8221;]\t\t<\/div>\n\t<\/div>\n<\/div><\/div>[\/vc_column][\/vc_row][vc_row disable_background_image=&#8221;&#8221; css=&#8221;.vc_custom_1570546487736{background-image: url(https:\/\/grandprix.qodeinteractive.com\/wp-content\/uploads\/2019\/09\/h3-bck-img-4.png?id=1591) !important;background-position: center !important;background-repeat: no-repeat !important;background-size: cover !important;}&#8221; simple_background_color=&#8221;#000000&#8243;][vc_column css=&#8221;.vc_custom_1568724725566{padding-top: 0px !important;}&#8221;][vc_row_inner row_content_width=&#8221;grid&#8221;][vc_column_inner width=&#8221;1\/4&#8243;]<div class=\"mkdf-elements-holder   mkdf-four-columns  mkdf-responsive-mode-1024 \" ><div class=\"mkdf-eh-item    \"  data-item-class=\"mkdf-eh-custom-9059\" data-1025-1399=\"154px 15px 6px 0px\" data-769-1024=\"154px 0px 0px 8px\" data-681-768=\"154px 0px 0px 8px\" data-680=\"154px 0px 0px 8px\">\n\t<div class=\"mkdf-eh-item-inner\">\n\t\t<div class=\"mkdf-eh-item-content mkdf-eh-custom-9059\" style=\"padding: 154px 15px 6px 0px\">\n\t\t\t<div class=\"mkdf-iwt clearfix  mkdf-iwt-icon-left mkdf-iwt-icon-medium mkdf-has-appear-animation\">\n\t\t\t\t\t\t<div class=\"mkdf-iwt-icon\">\n\t\t\t\t\t\t\t\t\t\t\t\t\t\t\t<img loading=\"lazy\" decoding=\"async\" width=\"50\" height=\"50\" src=\"https:\/\/www.simpedil.eu\/wp-content\/uploads\/2024\/05\/OFMER_ICON-04.png\" class=\"attachment-full size-full\" alt=\"\" \/>\t\t\t\t\t\n\t\t\t\t\t\t\t\t<\/div>\n\t\t\t<div class=\"mkdf-iwt-content\" style=\"padding-left: 25px\">\n\t\t\t\t\t\t\t\t<h4 class=\"mkdf-iwt-title\" style=\"color: #ffffff\">\n\t\t\t\t\t<span class=\"mkdf-iwt-title-text\">Conte\u00fados personalizados:<\/span>\n\t\t\t<\/h4>\n\t\t\t\t\t\t\t\t\t<p class=\"mkdf-iwt-text\" style=\"color: #b2b2b2;margin-top: 12px\">Acesso a uma vasta gama de conte\u00fados personalizados, concebidos especificamente para as necessidades profissionais dos clientes.<\/p>\n\t\t\t\t\t<\/div>\n\t\t\t<\/div>\n[vc_empty_space height=&#8221;60px&#8221;]\t\t<\/div>\n\t<\/div>\n<\/div><\/div>[\/vc_column_inner][vc_column_inner width=&#8221;1\/4&#8243;]<div class=\"mkdf-elements-holder   mkdf-four-columns  mkdf-responsive-mode-1024 \" ><div class=\"mkdf-eh-item    \"  data-item-class=\"mkdf-eh-custom-5295\">\n\t<div class=\"mkdf-eh-item-inner\">\n\t\t<div class=\"mkdf-eh-item-content mkdf-eh-custom-5295\" style=\"padding: 154px 15px 6px 0px\">\n\t\t\t<div class=\"mkdf-iwt clearfix  mkdf-iwt-icon-left mkdf-iwt-icon-medium mkdf-has-appear-animation\">\n\t\t\t\t\t\t<div class=\"mkdf-iwt-icon\">\n\t\t\t\t\t\t\t\t\t\t\t\t\t\t\t<img loading=\"lazy\" decoding=\"async\" width=\"50\" height=\"50\" src=\"https:\/\/www.simpedil.eu\/wp-content\/uploads\/2024\/05\/OFMER_ICON-03.png\" class=\"attachment-full size-full\" alt=\"\" \/>\t\t\t\t\t\n\t\t\t\t\t\t\t\t<\/div>\n\t\t\t<div class=\"mkdf-iwt-content\" style=\"padding-left: 25px\">\n\t\t\t\t\t\t\t\t<h4 class=\"mkdf-iwt-title\" style=\"color: #ffffff\">\n\t\t\t\t\t<span class=\"mkdf-iwt-title-text\">Garantias das m\u00e1quinas:<\/span>\n\t\t\t<\/h4>\n\t\t\t\t\t\t\t\t\t<p class=\"mkdf-iwt-text\" style=\"color: #b2b2b2;margin-top: 12px\">M\u00e1xima seguran\u00e7a com as garantias das nossas m\u00e1quinas para um desempenho fi\u00e1vel e duradouro.<\/p>\n\t\t\t\t\t<\/div>\n\t\t\t<\/div>\n[vc_empty_space height=&#8221;60px&#8221;]\t\t<\/div>\n\t<\/div>\n<\/div><\/div>[\/vc_column_inner][vc_column_inner width=&#8221;1\/4&#8243;]<div class=\"mkdf-elements-holder   mkdf-four-columns  mkdf-responsive-mode-1024 \" ><div class=\"mkdf-eh-item    \"  data-item-class=\"mkdf-eh-custom-2173\">\n\t<div class=\"mkdf-eh-item-inner\">\n\t\t<div class=\"mkdf-eh-item-content mkdf-eh-custom-2173\" style=\"padding: 154px 15px 6px 0px\">\n\t\t\t<div class=\"mkdf-iwt clearfix  mkdf-iwt-icon-left mkdf-iwt-icon-medium mkdf-has-appear-animation\">\n\t\t\t\t\t\t<div class=\"mkdf-iwt-icon\">\n\t\t\t\t\t\t\t\t\t\t\t\t\t\t\t<img loading=\"lazy\" decoding=\"async\" width=\"50\" height=\"50\" src=\"https:\/\/www.simpedil.eu\/wp-content\/uploads\/2024\/05\/OFMER_ICON-02.png\" class=\"attachment-full size-full\" alt=\"\" \/>\t\t\t\t\t\n\t\t\t\t\t\t\t\t<\/div>\n\t\t\t<div class=\"mkdf-iwt-content\" style=\"padding-left: 25px\">\n\t\t\t\t\t\t\t\t<h4 class=\"mkdf-iwt-title\" style=\"color: #ffffff\">\n\t\t\t\t\t<span class=\"mkdf-iwt-title-text\">Gest\u00e3o de cuidados preferenciais:<\/span>\n\t\t\t<\/h4>\n\t\t\t\t\t\t\t\t\t<p class=\"mkdf-iwt-text\" style=\"color: #b2b2b2;margin-top: 12px\">Possibilidade de solicitar assist\u00eancia diretamente no local, assegurando uma interven\u00e7\u00e3o r\u00e1pida de modo a n\u00e3o interromper o fluxo de trabalho.<\/p>\n\t\t\t\t\t<\/div>\n\t\t\t<\/div>\n[vc_empty_space height=&#8221;60px&#8221;]\t\t<\/div>\n\t<\/div>\n<\/div><\/div>[\/vc_column_inner][vc_column_inner width=&#8221;1\/4&#8243;]<div class=\"mkdf-elements-holder   mkdf-four-columns  mkdf-responsive-mode-1024 \" ><div class=\"mkdf-eh-item    \"  data-item-class=\"mkdf-eh-custom-4695\">\n\t<div class=\"mkdf-eh-item-inner\">\n\t\t<div class=\"mkdf-eh-item-content mkdf-eh-custom-4695\" style=\"padding: 154px 15px 6px 0px\">\n\t\t\t<div class=\"mkdf-iwt clearfix  mkdf-iwt-icon-left mkdf-iwt-icon-medium mkdf-has-appear-animation\">\n\t\t\t\t\t\t<div class=\"mkdf-iwt-icon\">\n\t\t\t\t\t\t\t\t\t\t\t\t\t\t\t<img loading=\"lazy\" decoding=\"async\" width=\"50\" height=\"50\" src=\"https:\/\/www.simpedil.eu\/wp-content\/uploads\/2024\/05\/OFMER_ICON-01.png\" class=\"attachment-full size-full\" alt=\"\" \/>\t\t\t\t\t\n\t\t\t\t\t\t\t\t<\/div>\n\t\t\t<div class=\"mkdf-iwt-content\" style=\"padding-left: 25px\">\n\t\t\t\t\t\t\t\t<h4 class=\"mkdf-iwt-title\" style=\"color: #ffffff\">\n\t\t\t\t\t<span class=\"mkdf-iwt-title-text\">Descontos exclusivos:<\/span>\n\t\t\t<\/h4>\n\t\t\t\t\t\t\t\t\t<p class=\"mkdf-iwt-text\" style=\"color: #b2b2b2;margin-top: 12px\">Descontos especiais durante todo o ano na compra de m\u00e1quinas e pe\u00e7as sobresselentes, reservados exclusivamente aos membros do clube.<\/p>\n\t\t\t\t\t<\/div>\n\t\t\t<\/div>\n[vc_empty_space height=&#8221;60px&#8221;]\t\t<\/div>\n\t<\/div>\n<\/div><\/div>[\/vc_column_inner][\/vc_row_inner][\/vc_column][\/vc_row]<\/p>\n<\/section>","protected":false},"excerpt":{"rendered":"<p>[vc_row disable_background_image=&#8221;1024&#8243; enable_background_svg=&#8221;yes&#8221; animated_text_position=&#8221;right&#8221; disable_animated_text=&#8221;&#8221; animated_text=&#8221;racing&#8221; animated_text_color=&#8221;#101010&#8243; simple_background_color=&#8221;#000000&#8243; el_class=&#8221;mkdf-row-margin-top&#8221; css=&#8221;.vc_custom_1714982762415{padding-top: 100px !important;padding-bottom: 100px !important;}&#8221;][vc_column css=&#8221;.vc_custom_1568717806229{padding-top: 0px !important;padding-bottom: 0px !important;}&#8221;][vc_row_inner row_content_width=&#8221;grid&#8221;][vc_column_inner css=&#8221;.vc_custom_1716473700704{margin-bottom: -100px !important;padding-top: 0px !important;padding-bottom: 0px !important;}&#8221;][\/vc_column_inner][\/vc_row_inner][\/vc_column][\/vc_row][vc_row disable_background_image=&#8221;&#8221;][vc_column][\/vc_column][\/vc_row][vc_row disable_background_image=&#8221;&#8221; css=&#8221;.vc_custom_1570546487736{background-image: url(https:\/\/grandprix.qodeinteractive.com\/wp-content\/uploads\/2019\/09\/h3-bck-img-4.png?id=1591) !important;background-position: center !important;background-repeat: no-repeat !important;background-size: cover !important;}&#8221; simple_background_color=&#8221;#000000&#8243;][vc_column css=&#8221;.vc_custom_1568724725566{padding-top: 0px !important;}&#8221;][vc_row_inner row_content_width=&#8221;grid&#8221;][vc_column_inner width=&#8221;1\/4&#8243;][\/vc_column_inner][vc_column_inner width=&#8221;1\/4&#8243;][\/vc_column_inner][vc_column_inner width=&#8221;1\/4&#8243;][\/vc_column_inner][vc_column_inner width=&#8221;1\/4&#8243;][\/vc_column_inner][\/vc_row_inner][\/vc_column][\/vc_row]<\/p>\n","protected":false},"author":4,"featured_media":0,"parent":0,"menu_order":0,"comment_status":"closed","ping_status":"closed","template":"full-width.php","meta":{"om_disable_all_campaigns":false,"_monsterinsights_skip_tracking":false,"_monsterinsights_sitenote_active":false,"_monsterinsights_sitenote_note":"","_monsterinsights_sitenote_category":0,"footnotes":""},"class_list":["post-7142","page","type-page","status-publish","hentry"],"aioseo_notices":[],"_links":{"self":[{"href":"https:\/\/www.simpedil.eu\/pt-pt\/wp-json\/wp\/v2\/pages\/7142","targetHints":{"allow":["GET"]}}],"collection":[{"href":"https:\/\/www.simpedil.eu\/pt-pt\/wp-json\/wp\/v2\/pages"}],"about":[{"href":"https:\/\/www.simpedil.eu\/pt-pt\/wp-json\/wp\/v2\/types\/page"}],"author":[{"embeddable":true,"href":"https:\/\/www.simpedil.eu\/pt-pt\/wp-json\/wp\/v2\/users\/4"}],"replies":[{"embeddable":true,"href":"https:\/\/www.simpedil.eu\/pt-pt\/wp-json\/wp\/v2\/comments?post=7142"}],"version-history":[{"count":7,"href":"https:\/\/www.simpedil.eu\/pt-pt\/wp-json\/wp\/v2\/pages\/7142\/revisions"}],"predecessor-version":[{"id":8894,"href":"https:\/\/www.simpedil.eu\/pt-pt\/wp-json\/wp\/v2\/pages\/7142\/revisions\/8894"}],"wp:attachment":[{"href":"https:\/\/www.simpedil.eu\/pt-pt\/wp-json\/wp\/v2\/media?parent=7142"}],"curies":[{"name":"wp","href":"https:\/\/api.w.org\/{rel}","templated":true}]}}