{"id":7137,"date":"2024-05-05T15:24:00","date_gmt":"2024-05-05T13:24:00","guid":{"rendered":"https:\/\/www.simpedil.eu\/macchine-per-taglio-e-piega-del-tondino\/"},"modified":"2024-10-23T12:09:41","modified_gmt":"2024-10-23T10:09:41","slug":"maquinas-de-corte-e-dobragem","status":"publish","type":"page","link":"https:\/\/www.simpedil.eu\/pt-pt\/maquinas-de-corte-e-dobragem\/","title":{"rendered":"Hist\u00f3ria"},"content":{"rendered":"<section class=\"wpb-content-wrapper\"><p>[vc_row disable_background_image=&#8221;1024&#8243; enable_background_svg=&#8221;yes&#8221; animated_text_position=&#8221;right&#8221; disable_animated_text=&#8221;&#8221; animated_text=&#8221;racing&#8221; animated_text_color=&#8221;#101010&#8243; simple_background_color=&#8221;#000000&#8243; el_class=&#8221;mkdf-row-margin-top&#8221; css=&#8221;.vc_custom_1714982762415{padding-top: 100px !important;padding-bottom: 100px !important;}&#8221;][vc_column css=&#8221;.vc_custom_1568717806229{padding-top: 0px !important;padding-bottom: 0px !important;}&#8221;][vc_row_inner row_content_width=&#8221;grid&#8221;][vc_column_inner css=&#8221;.vc_custom_1567499344778{padding-top: 0px !important;padding-bottom: 0px !important;}&#8221;]<div class=\"mkdf-elements-holder   mkdf-one-column  mkdf-responsive-mode-768 \" ><div class=\"mkdf-eh-item   mkdf-horizontal-alignment-center \"  data-item-class=\"mkdf-eh-custom-2878\">\n\t<div class=\"mkdf-eh-item-inner\">\n\t\t<div class=\"mkdf-eh-item-content mkdf-eh-custom-2878\" >\n\t\t\t<div class=\"mkdf-section-title-holder    mkdf-has-appear-animation\" style=\"text-align: center\">\n\t<div class=\"mkdf-st-inner\">\n\t\t\t\t\t\t<h3 class=\"mkdf-st-title\" style=\"color: #ffffff\">\n\t\t\t\t\t\t\t\t\tEmpresa\t\t\t\t\t\t\t<\/h3>\n\t\t\t\t\t\t\t<\/div>\n<\/div>[vc_column_text]<\/p>\n<p class=\"p1\">Com sede em Trezzo sull\u2019Adda (MI), a Simpedil nasceu em 1984 da paix\u00e3o e engenhosidade de seus fundadores. H\u00e1 mais de 40 anos, dedicamo-nos \u00e0 cria\u00e7\u00e3o de m\u00e1quinas para corte e dobra de vergalh\u00f5es para concreto armado.<\/p>\n<p class=\"p1\">Nosso objetivo \u00e9 simplificar o trabalho dos profissionais do setor da constru\u00e7\u00e3o, oferecendo solu\u00e7\u00f5es inovadoras e duradouras que atendam \u00e0s necessidades de cada canteiro.<\/p>\n<p class=\"p1\">A qualidade de nossos produtos nos permitiu tornar-nos um ponto de refer\u00eancia na It\u00e1lia e expandir-nos para mais de 90 pa\u00edses ao redor do mundo. Temos orgulho de levar a excel\u00eancia italiana no setor de constru\u00e7\u00e3o a n\u00edvel internacional.<\/p>\n<p>[\/vc_column_text]\t\t<\/div>\n\t<\/div>\n<\/div><div class=\"mkdf-eh-item  mkdf-vertical-alignment-bottom mkdf-horizontal-alignment-center \"  data-item-class=\"mkdf-eh-custom-2537\">\n\t<div class=\"mkdf-eh-item-inner\">\n\t\t<div class=\"mkdf-eh-item-content mkdf-eh-custom-2537\" >\n\t\t\t<div class=\"mkdf-section-title-holder    mkdf-has-appear-animation\" style=\"text-align: center\">\n\t<div class=\"mkdf-st-inner\">\n\t\t\t\t\t\t<h3 class=\"mkdf-st-title\" style=\"color: #ffffff\">\n\t\t\t\t\t\t\t\t\tVALORES\t\t\t\t\t\t\t<\/h3>\n\t\t\t\t\t\t\t<\/div>\n<\/div>[vc_column_text]<\/p>\n<p class=\"p1\">Na Simpedil, cada a\u00e7\u00e3o \u00e9 guiada pelos valores transmitidos por nossos fundadores, Luigi e Paolo Camurati. Acreditamos firmemente na import\u00e2ncia da forma\u00e7\u00e3o cont\u00ednua e na melhoria constante, elementos-chave que nos permitiram aprimorar nossos produtos e conquistar a confian\u00e7a de nossos clientes. Para n\u00f3s, o relacionamento com os clientes vai al\u00e9m do simples relacionamento comercial. Constru\u00edmos rela\u00e7\u00f5es baseadas na confian\u00e7a, no respeito m\u00fatuo e na compreens\u00e3o das necessidades espec\u00edficas de cada um.<\/p>\n<p class=\"p1\">Hoje, Sibilla e Sveva Camurati, representantes da nova gera\u00e7\u00e3o, levam adiante com paix\u00e3o a vis\u00e3o original da empresa, garantindo a continuidade do nosso compromisso com os projetos e objetivos que estabelecemos.<\/p>\n<p>[\/vc_column_text]\t\t<\/div>\n\t<\/div>\n<\/div><\/div>[\/vc_column_inner][\/vc_row_inner][\/vc_column][\/vc_row][vc_row disable_background_image=&#8221;&#8221;][vc_column][vc_single_image image=&#8221;8880&#8243; img_size=&#8221;1350&#215;500&#8243; alignment=&#8221;center&#8221; onclick=&#8221;link_image&#8221;][\/vc_column][\/vc_row]<\/p>\n<\/section>","protected":false},"excerpt":{"rendered":"<p>[vc_row disable_background_image=&#8221;1024&#8243; enable_background_svg=&#8221;yes&#8221; animated_text_position=&#8221;right&#8221; disable_animated_text=&#8221;&#8221; animated_text=&#8221;racing&#8221; animated_text_color=&#8221;#101010&#8243; simple_background_color=&#8221;#000000&#8243; el_class=&#8221;mkdf-row-margin-top&#8221; css=&#8221;.vc_custom_1714982762415{padding-top: 100px !important;padding-bottom: 100px !important;}&#8221;][vc_column css=&#8221;.vc_custom_1568717806229{padding-top: 0px !important;padding-bottom: 0px !important;}&#8221;][vc_row_inner row_content_width=&#8221;grid&#8221;][vc_column_inner css=&#8221;.vc_custom_1567499344778{padding-top: 0px !important;padding-bottom: 0px !important;}&#8221;][\/vc_column_inner][\/vc_row_inner][\/vc_column][\/vc_row][vc_row disable_background_image=&#8221;&#8221;][vc_column][vc_single_image image=&#8221;8880&#8243; img_size=&#8221;1350&#215;500&#8243; alignment=&#8221;center&#8221; onclick=&#8221;link_image&#8221;][\/vc_column][\/vc_row]<\/p>\n","protected":false},"author":4,"featured_media":0,"parent":0,"menu_order":0,"comment_status":"closed","ping_status":"closed","template":"full-width.php","meta":{"om_disable_all_campaigns":false,"_monsterinsights_skip_tracking":false,"_monsterinsights_sitenote_active":false,"_monsterinsights_sitenote_note":"","_monsterinsights_sitenote_category":0,"footnotes":""},"class_list":["post-7137","page","type-page","status-publish","hentry"],"aioseo_notices":[],"_links":{"self":[{"href":"https:\/\/www.simpedil.eu\/pt-pt\/wp-json\/wp\/v2\/pages\/7137","targetHints":{"allow":["GET"]}}],"collection":[{"href":"https:\/\/www.simpedil.eu\/pt-pt\/wp-json\/wp\/v2\/pages"}],"about":[{"href":"https:\/\/www.simpedil.eu\/pt-pt\/wp-json\/wp\/v2\/types\/page"}],"author":[{"embeddable":true,"href":"https:\/\/www.simpedil.eu\/pt-pt\/wp-json\/wp\/v2\/users\/4"}],"replies":[{"embeddable":true,"href":"https:\/\/www.simpedil.eu\/pt-pt\/wp-json\/wp\/v2\/comments?post=7137"}],"version-history":[{"count":6,"href":"https:\/\/www.simpedil.eu\/pt-pt\/wp-json\/wp\/v2\/pages\/7137\/revisions"}],"predecessor-version":[{"id":8885,"href":"https:\/\/www.simpedil.eu\/pt-pt\/wp-json\/wp\/v2\/pages\/7137\/revisions\/8885"}],"wp:attachment":[{"href":"https:\/\/www.simpedil.eu\/pt-pt\/wp-json\/wp\/v2\/media?parent=7137"}],"curies":[{"name":"wp","href":"https:\/\/api.w.org\/{rel}","templated":true}]}}