{"id":7123,"date":"2024-05-05T15:21:45","date_gmt":"2024-05-05T13:21:45","guid":{"rendered":"https:\/\/www.simpedil.eu\/progettazione-di-soluzioni-innovative\/"},"modified":"2024-10-23T12:01:20","modified_gmt":"2024-10-23T10:01:20","slug":"conceber-solucoes-inovadoras","status":"publish","type":"page","link":"https:\/\/www.simpedil.eu\/pt-pt\/conceber-solucoes-inovadoras\/","title":{"rendered":"PRODU\u00c7\u00c3O"},"content":{"rendered":"<section class=\"wpb-content-wrapper\"><p>[vc_row disable_background_image=&#8221;1024&#8243; enable_background_svg=&#8221;yes&#8221; animated_text_position=&#8221;right&#8221; disable_animated_text=&#8221;&#8221; animated_text=&#8221;racing&#8221; animated_text_color=&#8221;#101010&#8243; simple_background_color=&#8221;#000000&#8243; el_class=&#8221;mkdf-row-margin-top&#8221; css=&#8221;.vc_custom_1715020666274{margin-bottom: 10px !important;padding-top: 100px !important;padding-bottom: 100px !important;}&#8221;][vc_column css=&#8221;.vc_custom_1716472979020{padding-top: 0px !important;padding-bottom: 0px !important;}&#8221;][vc_row_inner row_content_width=&#8221;grid&#8221;][vc_column_inner css=&#8221;.vc_custom_1716472994662{margin-bottom: -50px !important;border-bottom-width: -70px !important;padding-top: 0px !important;padding-bottom: 0px !important;}&#8221;]<div class=\"mkdf-elements-holder   mkdf-one-column  mkdf-responsive-mode-768 \" ><div class=\"mkdf-eh-item   mkdf-horizontal-alignment-center \"  data-item-class=\"mkdf-eh-custom-5494\">\n\t<div class=\"mkdf-eh-item-inner\">\n\t\t<div class=\"mkdf-eh-item-content mkdf-eh-custom-5494\" >\n\t\t\t<div class=\"mkdf-section-title-holder    mkdf-has-appear-animation\" style=\"text-align: center\">\n\t<div class=\"mkdf-st-inner\">\n\t\t\t\t\t\t<h2 class=\"mkdf-st-title\" style=\"color: #ffffff\">\n\t\t\t\t\t\t\t\t\tOFICINA MEC\u00c2NICA\t\t\t\t\t\t\t<\/h2>\n\t\t\t\t\t\t\t<\/div>\n<\/div>[vc_column_text]<\/p>\n<p class=\"p1\">H\u00e1 mais de 40 anos, a Simpedil \u00e9 sin\u00f4nimo de excel\u00eancia no setor. Nossa oficina, o cora\u00e7\u00e3o pulsante da empresa, \u00e9 um lugar onde o design de solu\u00e7\u00f5es inovadoras se funde com a experi\u00eancia artesanal, dando vida a solu\u00e7\u00f5es mec\u00e2nicas de alt\u00edssima qualidade. Cada componente produzido em nossa oficina \u00e9 o resultado de um processo rigoroso, que come\u00e7a com a sele\u00e7\u00e3o de materiais de primeira escolha de fornecedores certificados e termina com controles precisos para garantir confiabilidade e durabilidade ao longo do tempo.<\/p>\n<p>[\/vc_column_text][vc_empty_space height=&#8221;60px&#8221;]\t\t<\/div>\n\t<\/div>\n<\/div><\/div>[\/vc_column_inner][\/vc_row_inner][\/vc_column][\/vc_row][vc_row disable_background_image=&#8221;1024&#8243; enable_background_svg=&#8221;yes&#8221; animated_text_position=&#8221;right&#8221; disable_animated_text=&#8221;&#8221; animated_text=&#8221;racing&#8221; animated_text_color=&#8221;#101010&#8243; simple_background_color=&#8221;#000000&#8243; el_class=&#8221;mkdf-row-margin-top&#8221; animated_text_overlay_image=&#8221;2357&#8243; background_svg=&#8221;JTNDZGl2JTIwY2xhc3MlM0QlMjJta2RmLWFuaW1hdGVkLWJhY2tncm91bmQtc3ZnJTIyJTNFJTNDc3ZnJTIweG1sbnMlM0QlMjJodHRwJTNBJTJGJTJGd3d3LnczLm9yZyUyRjIwMDAlMkZzdmclMjIlMjB4bWxucyUzQXhsaW5rJTNEJTIyaHR0cCUzQSUyRiUyRnd3dy53My5vcmclMkYxOTk5JTJGeGxpbmslMjIlMjB4JTNEJTIyMHB4JTIyJTIweSUzRCUyMjBweCUyMiUyMHZpZXdCb3glM0QlMjIwJTIwMCUyMDE5MjAlMjA3MDAlMjIlMjBlbmFibGUtYmFja2dyb3VuZCUzRCUyMm5ldyUyMDAlMjAwJTIwMTkyMCUyMDcwMCUyMiUyMHhtbCUzQXNwYWNlJTNEJTIycHJlc2VydmUlMjIlM0UlMEElM0NwYXRoJTIwc3R5bGUlM0QlMjJmaWxsJTNBbm9uZSUzQnN0cm9rZSUzQXJlZCUzQnN0cm9rZS1taXRlcmxpbWl0JTNBMTAlMjIlMjBkJTNEJTIyTTAlMkMyNTcuNzhjMjMuMjYlMkMwLjYzJTJDNDcuMzYlMkMyLjIzJTJDNzIuNiUyQzQuOGM0My41MSUyQzQuNDglMkM4NC4yNCUyQzExLjE2JTJDMTIxLjA3JTJDMTkuODQlMEElMDljNDEuNTYlMkM5LjglMkM3OS45MiUyQzIyLjU2JTJDMTE0LjAyJTJDMzcuOTNjMTguNCUyQzguMjQlMkMzNi4zOCUyQzE3LjUzJTJDNTQuOTklMkMyOC4zOGM2OS40NiUyQzQwLjUzJTJDMTI4LjA1JTJDOTMuMjglMkMxODQuNzElMkMxNDQuMyUwQSUwOWM0OS40NyUyQzQ0LjU0JTJDMTAwLjYzJTJDOTAuNiUyQzE1OC42NSUyQzEyOC4xMmM0My4zMyUyQzI4LjAyJTJDODUuNTIlMkM0Ni42NSUyQzEyNS40MSUyQzU1LjM5YzI0LjkxJTJDNS40NiUyQzQ5LjE5JTJDNy4xNCUyQzcyLjE3JTJDNSUwQSUwOWM4NC45LTguMDUlMkMxNTMuNjgtNjYuODIlMkMyMDguOTQtMTE0LjA1Yzc2LjcxLTY1LjM3JTJDMTUyLjg5LTEyNi42OCUyQzIyNi40LTE4Mi4yM2M0OS0zNi45OCUyQzk3LjE2LTcyLjMzJTJDMTQzLjc0LTEwNi41MmwwLjA5LTAuMDYlMEElMDljMTguNjMtMTMuNjclMkMzNy44OS0yNy44MSUyQzU2Ljg1LTQxLjc5YzE4Ljg5LTEzLjkzJTJDNDEuNS0yOS40NSUyQzY2LjA1LTM4Ljg5YzEzLTUlMkMyNS43NC03Ljk1JTJDMzcuODctOC43NyUwQSUwOWMxMy43My0wLjkzJTJDMjcuMjIlMkMwLjgzJTJDNDAuMTElMkM1LjIyYzI2LjklMkM5LjE1JTJDNDcuODMlMkMyOC4wNyUyQzYzLjk5JTJDNTcuODRjMTQuMiUyQzI2LjE2JTJDMjIuMzMlMkM1Ni4yNSUyQzI4LjgzJTJDODIuMzklMEElMDljMzAuNzUlMkMxMjQuNiUyQzc0LjUlMkMyMTcuMDQlMkMxMzcuNjclMkMyOTAuOTFjMS45MiUyQzIuMjQlMkMzLjg2JTJDNC40NyUyQzUuODQlMkM2LjY5JTIyJTJGJTNFJTBBJTNDJTJGc3ZnJTNFJTNDJTJGZGl2JTNF&#8221;][vc_column css=&#8221;.vc_custom_1716473241671{margin-top: -100px !important;margin-bottom: -100px !important;border-top-width: -50px !important;border-bottom-width: -70px !important;padding-top: 0px !important;padding-bottom: 0px !important;}&#8221;][vc_row_inner row_content_width=&#8221;grid&#8221;][vc_column_inner css=&#8221;.vc_custom_1567499344778{padding-top: 0px !important;padding-bottom: 0px !important;}&#8221;]<div class=\"mkdf-elements-holder   mkdf-one-column  mkdf-responsive-mode-768 \" ><div class=\"mkdf-eh-item    \"  data-item-class=\"mkdf-eh-custom-3723\" data-1400-1600=\"195px 0 238px\" data-1025-1399=\"183px 0 227px\" data-769-1024=\"160px 0 150px\" data-681-768=\"144px 0 150px\" data-680=\"105px 0 150px\">\n\t<div class=\"mkdf-eh-item-inner\">\n\t\t<div class=\"mkdf-eh-item-content mkdf-eh-custom-3723\" style=\"padding: 195px 0 238px\">\n\t\t\t<div class=\"mkdf-item-showcase-specific-holder  mkdf-iss-text-left mkdf-light-skin mkdf-has-appear-animation\">\n\t<div class=\"mkdf-iss-content\">\n\t\t<div class=\"mkdf-iss-info-section\">\n\t\t\t\t\t\t\t\t\t\t<h2 class=\"mkdf-iss-title\" style=\"color: #ffffff\">\n\t\t\t\t\tTecnologia CNC para M\u00e1xima Precis\u00e3o\t\t\t\t<\/h2>\n\t\t\t\t\t\t\t\t\t\t<p class=\"mkdf-is-text\" style=\"color: #b2b2b2\">A nossa oficina 4.0 \u00e9 um concentrado de inova\u00e7\u00e3o gra\u00e7as \u00e0 tecnologia CNC. Nossas m\u00e1quinas de ponta nos permitem criar componentes com precis\u00e3o milim\u00e9trica.. Com a tecnologia CNC, otimizamos cada fase da produ\u00e7\u00e3o, reduzindo os tempos de processamento e garantindo o m\u00e1ximo de efici\u00eancia.<\/p>\n\t\t\t\t\t\t\t\t\t\t<\/div>\n\t\t<div class=\"mkdf-iss-media-section\">\n\t\t\t<div class=\"mkdf-iss-al-and-si-holder\">\n\t\t\t\t<div class=\"mkdf-iss-additional-link-holder\">\n\t\t\t\t\t\t\t\t\t<\/div>\n\t\t\t\t<div class=\"mkdf-iss-second-image-holder\">\n\t\t\t\t\t\t\t\t\t<\/div>\n\t\t\t<\/div>\n\t\t\t<div class=\"mkdf-iss-main-image-holder\">\n\t\t\t\t<img loading=\"lazy\" decoding=\"async\" width=\"1000\" height=\"667\" src=\"https:\/\/www.simpedil.eu\/wp-content\/uploads\/2024\/07\/OFMER_PRODUZIONE-01.png\" class=\"attachment-full size-full\" alt=\"\" style=\"transform: scale(1.4)\" srcset=\"https:\/\/www.simpedil.eu\/wp-content\/uploads\/2024\/07\/OFMER_PRODUZIONE-01.png 1000w, https:\/\/www.simpedil.eu\/wp-content\/uploads\/2024\/07\/OFMER_PRODUZIONE-01-300x200.png 300w, https:\/\/www.simpedil.eu\/wp-content\/uploads\/2024\/07\/OFMER_PRODUZIONE-01-768x512.png 768w, https:\/\/www.simpedil.eu\/wp-content\/uploads\/2024\/07\/OFMER_PRODUZIONE-01-600x400.png 600w\" sizes=\"auto, (max-width: 1000px) 100vw, 1000px\" \/>\t\t\t<\/div>\n\t\t\t<div class=\"mkdf-iss-icon-holder\">\n\t\t\t\t\t\t\t<\/div>\n\t\t<\/div>\n\t<\/div>\n<\/div>\t\t<\/div>\n\t<\/div>\n<\/div><\/div>[\/vc_column_inner][\/vc_row_inner][vc_row_inner row_content_width=&#8221;grid&#8221;][vc_column_inner css=&#8221;.vc_custom_1716473205008{margin-top: -100px !important;margin-bottom: -100px !important;border-top-width: -50px !important;border-bottom-width: -70px !important;padding-top: 0px !important;padding-bottom: 0px !important;}&#8221;]<div class=\"mkdf-elements-holder   mkdf-one-column  mkdf-responsive-mode-768 \" ><div class=\"mkdf-eh-item    \"  data-item-class=\"mkdf-eh-custom-8297\" data-1400-1600=\"195px 0 238px\" data-1025-1399=\"183px 0 227px\" data-769-1024=\"160px 0 150px\" data-681-768=\"144px 0 150px\" data-680=\"105px 0 150px\">\n\t<div class=\"mkdf-eh-item-inner\">\n\t\t<div class=\"mkdf-eh-item-content mkdf-eh-custom-8297\" style=\"padding: 195px 0 238px\">\n\t\t\t<div class=\"mkdf-item-showcase-specific-holder  mkdf-iss-text-right mkdf-light-skin mkdf-has-appear-animation\">\n\t<div class=\"mkdf-iss-content\">\n\t\t<div class=\"mkdf-iss-info-section\">\n\t\t\t\t\t\t\t\t\t\t<h2 class=\"mkdf-iss-title\" style=\"color: #ffffff\">\n\t\t\t\t\tProdu\u00e7\u00e3o Interna: Uma Vantagem Competitiva\t\t\t\t<\/h2>\n\t\t\t\t\t\t\t\t\t\t<p class=\"mkdf-is-text\" style=\"color: #b2b2b2\">Acreditamos que o verdadeiro controle de qualidade nasce da experi\u00eancia. \u00c9 por isso que produzimos internamente cada componente de nossos produtos. Nossa equipe de especialistas supervisiona cada fase do processo, assegurando que cada m\u00e1quina Simpedil seja confi\u00e1vel, de alto desempenho e esteja em conformidade com os padr\u00f5es da empresa.<\/p>\n\t\t\t\t\t\t\t\t\t\t<\/div>\n\t\t<div class=\"mkdf-iss-media-section\">\n\t\t\t<div class=\"mkdf-iss-al-and-si-holder\">\n\t\t\t\t<div class=\"mkdf-iss-additional-link-holder\">\n\t\t\t\t\t\t\t\t\t<\/div>\n\t\t\t\t<div class=\"mkdf-iss-second-image-holder\">\n\t\t\t\t\t\t\t\t\t<\/div>\n\t\t\t<\/div>\n\t\t\t<div class=\"mkdf-iss-main-image-holder\">\n\t\t\t\t<img loading=\"lazy\" decoding=\"async\" width=\"1000\" height=\"667\" src=\"https:\/\/www.simpedil.eu\/wp-content\/uploads\/2024\/07\/OFMER_PRODUZIONE-02.png\" class=\"attachment-full size-full\" alt=\"\" style=\"transform: scale(1.4)\" srcset=\"https:\/\/www.simpedil.eu\/wp-content\/uploads\/2024\/07\/OFMER_PRODUZIONE-02.png 1000w, https:\/\/www.simpedil.eu\/wp-content\/uploads\/2024\/07\/OFMER_PRODUZIONE-02-300x200.png 300w, https:\/\/www.simpedil.eu\/wp-content\/uploads\/2024\/07\/OFMER_PRODUZIONE-02-768x512.png 768w, https:\/\/www.simpedil.eu\/wp-content\/uploads\/2024\/07\/OFMER_PRODUZIONE-02-600x400.png 600w\" sizes=\"auto, (max-width: 1000px) 100vw, 1000px\" \/>\t\t\t<\/div>\n\t\t\t<div class=\"mkdf-iss-icon-holder\">\n\t\t\t\t\t\t\t<\/div>\n\t\t<\/div>\n\t<\/div>\n<\/div>\t\t<\/div>\n\t<\/div>\n<\/div><\/div>[\/vc_column_inner][\/vc_row_inner][vc_row_inner row_content_width=&#8221;grid&#8221;][vc_column_inner css=&#8221;.vc_custom_1716473190479{margin-top: -100px !important;margin-bottom: -100px !important;border-top-width: -50px !important;border-bottom-width: -70px !important;padding-top: 0px !important;padding-bottom: 0px !important;}&#8221;]<div class=\"mkdf-elements-holder   mkdf-one-column  mkdf-responsive-mode-768 \" ><div class=\"mkdf-eh-item    \"  data-item-class=\"mkdf-eh-custom-4198\" data-1400-1600=\"195px 0 238px\" data-1025-1399=\"183px 0 227px\" data-769-1024=\"160px 0 150px\" data-681-768=\"144px 0 150px\" data-680=\"105px 0 150px\">\n\t<div class=\"mkdf-eh-item-inner\">\n\t\t<div class=\"mkdf-eh-item-content mkdf-eh-custom-4198\" style=\"padding: 195px 0 238px\">\n\t\t\t<div class=\"mkdf-item-showcase-specific-holder  mkdf-iss-text-left mkdf-light-skin mkdf-has-appear-animation\">\n\t<div class=\"mkdf-iss-content\">\n\t\t<div class=\"mkdf-iss-info-section\">\n\t\t\t\t\t\t\t\t\t\t<h2 class=\"mkdf-iss-title\" style=\"color: #ffffff\">\n\t\t\t\t\tA For\u00e7a da Nossa Equipe\t\t\t\t<\/h2>\n\t\t\t\t\t\t\t\t\t\t<p class=\"mkdf-is-text\" style=\"color: #b2b2b2\">Nossas m\u00e1quinas n\u00e3o s\u00e3o apenas o resultado de processos construtivos, mas tamb\u00e9m da paix\u00e3o e experi\u00eancia de nossos oper\u00e1rios especializados. Cada componente \u00e9 fruto de m\u00e3os experientes, que trabalham com cuidado e dedica\u00e7\u00e3o para garantir a excel\u00eancia em cada detalhe.<\/p>\n\t\t\t\t\t\t\t\t\t\t<\/div>\n\t\t<div class=\"mkdf-iss-media-section\">\n\t\t\t<div class=\"mkdf-iss-al-and-si-holder\">\n\t\t\t\t<div class=\"mkdf-iss-additional-link-holder\">\n\t\t\t\t\t\t\t\t\t<\/div>\n\t\t\t\t<div class=\"mkdf-iss-second-image-holder\">\n\t\t\t\t\t\t\t\t\t<\/div>\n\t\t\t<\/div>\n\t\t\t<div class=\"mkdf-iss-main-image-holder\">\n\t\t\t\t<img loading=\"lazy\" decoding=\"async\" width=\"5184\" height=\"2920\" src=\"https:\/\/www.simpedil.eu\/wp-content\/uploads\/2024\/10\/foto-team.png\" class=\"attachment-full size-full\" alt=\"\" style=\"transform: scale(1.4)\" srcset=\"https:\/\/www.simpedil.eu\/wp-content\/uploads\/2024\/10\/foto-team.png 5184w, https:\/\/www.simpedil.eu\/wp-content\/uploads\/2024\/10\/foto-team-300x169.png 300w, https:\/\/www.simpedil.eu\/wp-content\/uploads\/2024\/10\/foto-team-1024x577.png 1024w, https:\/\/www.simpedil.eu\/wp-content\/uploads\/2024\/10\/foto-team-768x433.png 768w, https:\/\/www.simpedil.eu\/wp-content\/uploads\/2024\/10\/foto-team-1536x865.png 1536w, https:\/\/www.simpedil.eu\/wp-content\/uploads\/2024\/10\/foto-team-600x338.png 600w\" sizes=\"auto, (max-width: 5184px) 100vw, 5184px\" \/>\t\t\t<\/div>\n\t\t\t<div class=\"mkdf-iss-icon-holder\">\n\t\t\t\t\t\t\t<\/div>\n\t\t<\/div>\n\t<\/div>\n<\/div>\t\t<\/div>\n\t<\/div>\n<\/div><\/div>[\/vc_column_inner][\/vc_row_inner][\/vc_column][\/vc_row][vc_row disable_background_image=&#8221;1024&#8243; enable_background_svg=&#8221;yes&#8221; animated_text_position=&#8221;right&#8221; disable_animated_text=&#8221;&#8221; animated_text=&#8221;racing&#8221; animated_text_color=&#8221;#101010&#8243; simple_background_color=&#8221;#000000&#8243; el_class=&#8221;mkdf-row-margin-top&#8221; css=&#8221;.vc_custom_1715020666274{margin-bottom: 10px !important;padding-top: 100px !important;padding-bottom: 100px !important;}&#8221;][vc_column css=&#8221;.vc_custom_1716472979020{padding-top: 0px !important;padding-bottom: 0px !important;}&#8221;][vc_row_inner row_content_width=&#8221;grid&#8221;][vc_column_inner css=&#8221;.vc_custom_1716472994662{margin-bottom: -50px !important;border-bottom-width: -70px !important;padding-top: 0px !important;padding-bottom: 0px !important;}&#8221;]<div class=\"mkdf-elements-holder   mkdf-one-column  mkdf-responsive-mode-768 \" ><div class=\"mkdf-eh-item   mkdf-horizontal-alignment-center \"  data-item-class=\"mkdf-eh-custom-4787\">\n\t<div class=\"mkdf-eh-item-inner\">\n\t\t<div class=\"mkdf-eh-item-content mkdf-eh-custom-4787\" >\n\t\t\t<div class=\"mkdf-section-title-holder    mkdf-has-appear-animation\" style=\"text-align: center\">\n\t<div class=\"mkdf-st-inner\">\n\t\t\t\t\t\t<h2 class=\"mkdf-st-title\" style=\"color: #ffffff\">\n\t\t\t\t\t\t\t\t\tR&amp;D Solu\u00e7\u00f5es Personalizadas\t\t\t\t\t\t\t<\/h2>\n\t\t\t\t\t\t\t<\/div>\n<\/div>[vc_column_text]<\/p>\n<p class=\"p1\">Na Simpedil, a inova\u00e7\u00e3o n\u00e3o \u00e9 apenas um objetivo, mas uma pr\u00e1tica di\u00e1ria. Nossa equipe de Pesquisa e Desenvolvimento \u00e9 o motor que nos impulsiona constantemente em dire\u00e7\u00e3o a novas solu\u00e7\u00f5es, testando e analisando uma vasta gama de materiais e tratamentos para garantir a m\u00e1xima efici\u00eancia e durabilidade de nossas m\u00e1quinas.<\/p>\n<p class=\"p1\">Sabemos bem o quanto \u00e9 importante ter m\u00e1quinas confi\u00e1veis no canteiro. Por isso, nossa pesquisa avan\u00e7ada nos permite selecionar os materiais mais resistentes para cada componente, garantindo produtos capazes de suportar um uso intensivo, reduzir os tempos de trabalho e minimizar o desgaste ao longo do tempo. Escolher a Simpedil significa investir em m\u00e1quinas que se pagam amplamente em termos de trabalho e longevidade.<\/p>\n<p class=\"p1\">Cada canteiro \u00e9 \u00fanico, assim como as necessidades dos clientes. Por esse motivo, nossos projetistas est\u00e3o sempre prontos para personalizar os modelos b\u00e1sicos das m\u00e1quinas, adaptando-os perfeitamente a cada projeto.<\/p>\n<p>[\/vc_column_text][vc_empty_space height=&#8221;60&#8243;][vc_single_image image=&#8221;3582&#8243; img_size=&#8221;large&#8221; alignment=&#8221;center&#8221;][vc_empty_space height=&#8221;60px&#8221;]\t\t<\/div>\n\t<\/div>\n<\/div><\/div>[\/vc_column_inner][\/vc_row_inner][\/vc_column][\/vc_row]<\/p>\n<\/section>","protected":false},"excerpt":{"rendered":"<p>[vc_row disable_background_image=&#8221;1024&#8243; enable_background_svg=&#8221;yes&#8221; animated_text_position=&#8221;right&#8221; disable_animated_text=&#8221;&#8221; animated_text=&#8221;racing&#8221; animated_text_color=&#8221;#101010&#8243; simple_background_color=&#8221;#000000&#8243; el_class=&#8221;mkdf-row-margin-top&#8221; css=&#8221;.vc_custom_1715020666274{margin-bottom: 10px !important;padding-top: 100px !important;padding-bottom: 100px !important;}&#8221;][vc_column css=&#8221;.vc_custom_1716472979020{padding-top: 0px !important;padding-bottom: 0px !important;}&#8221;][vc_row_inner row_content_width=&#8221;grid&#8221;][vc_column_inner css=&#8221;.vc_custom_1716472994662{margin-bottom: -50px !important;border-bottom-width: -70px !important;padding-top: 0px !important;padding-bottom: 0px !important;}&#8221;][\/vc_column_inner][\/vc_row_inner][\/vc_column][\/vc_row][vc_row disable_background_image=&#8221;1024&#8243; enable_background_svg=&#8221;yes&#8221; animated_text_position=&#8221;right&#8221; disable_animated_text=&#8221;&#8221; animated_text=&#8221;racing&#8221; animated_text_color=&#8221;#101010&#8243; simple_background_color=&#8221;#000000&#8243; el_class=&#8221;mkdf-row-margin-top&#8221; animated_text_overlay_image=&#8221;2357&#8243; background_svg=&#8221;JTNDZGl2JTIwY2xhc3MlM0QlMjJta2RmLWFuaW1hdGVkLWJhY2tncm91bmQtc3ZnJTIyJTNFJTNDc3ZnJTIweG1sbnMlM0QlMjJodHRwJTNBJTJGJTJGd3d3LnczLm9yZyUyRjIwMDAlMkZzdmclMjIlMjB4bWxucyUzQXhsaW5rJTNEJTIyaHR0cCUzQSUyRiUyRnd3dy53My5vcmclMkYxOTk5JTJGeGxpbmslMjIlMjB4JTNEJTIyMHB4JTIyJTIweSUzRCUyMjBweCUyMiUyMHZpZXdCb3glM0QlMjIwJTIwMCUyMDE5MjAlMjA3MDAlMjIlMjBlbmFibGUtYmFja2dyb3VuZCUzRCUyMm5ldyUyMDAlMjAwJTIwMTkyMCUyMDcwMCUyMiUyMHhtbCUzQXNwYWNlJTNEJTIycHJlc2VydmUlMjIlM0UlMEElM0NwYXRoJTIwc3R5bGUlM0QlMjJmaWxsJTNBbm9uZSUzQnN0cm9rZSUzQXJlZCUzQnN0cm9rZS1taXRlcmxpbWl0JTNBMTAlMjIlMjBkJTNEJTIyTTAlMkMyNTcuNzhjMjMuMjYlMkMwLjYzJTJDNDcuMzYlMkMyLjIzJTJDNzIuNiUyQzQuOGM0My41MSUyQzQuNDglMkM4NC4yNCUyQzExLjE2JTJDMTIxLjA3JTJDMTkuODQlMEElMDljNDEuNTYlMkM5LjglMkM3OS45MiUyQzIyLjU2JTJDMTE0LjAyJTJDMzcuOTNjMTguNCUyQzguMjQlMkMzNi4zOCUyQzE3LjUzJTJDNTQuOTklMkMyOC4zOGM2OS40NiUyQzQwLjUzJTJDMTI4LjA1JTJDOTMuMjglMkMxODQuNzElMkMxNDQuMyUwQSUwOWM0OS40NyUyQzQ0LjU0JTJDMTAwLjYzJTJDOTAuNiUyQzE1OC42NSUyQzEyOC4xMmM0My4zMyUyQzI4LjAyJTJDODUuNTIlMkM0Ni42NSUyQzEyNS40MSUyQzU1LjM5YzI0LjkxJTJDNS40NiUyQzQ5LjE5JTJDNy4xNCUyQzcyLjE3JTJDNSUwQSUwOWM4NC45LTguMDUlMkMxNTMuNjgtNjYuODIlMkMyMDguOTQtMTE0LjA1Yzc2LjcxLTY1LjM3JTJDMTUyLjg5LTEyNi42OCUyQzIyNi40LTE4Mi4yM2M0OS0zNi45OCUyQzk3LjE2LTcyLjMzJTJDMTQzLjc0LTEwNi41MmwwLjA5LTAuMDYlMEElMDljMTguNjMtMTMuNjclMkMzNy44OS0yNy44MSUyQzU2Ljg1LTQxLjc5YzE4Ljg5LTEzLjkzJTJDNDEuNS0yOS40NSUyQzY2LjA1LTM4Ljg5YzEzLTUlMkMyNS43NC03Ljk1JTJDMzcuODctOC43NyUwQSUwOWMxMy43My0wLjkzJTJDMjcuMjIlMkMwLjgzJTJDNDAuMTElMkM1LjIyYzI2LjklMkM5LjE1JTJDNDcuODMlMkMyOC4wNyUyQzYzLjk5JTJDNTcuODRjMTQuMiUyQzI2LjE2JTJDMjIuMzMlMkM1Ni4yNSUyQzI4LjgzJTJDODIuMzklMEElMDljMzAuNzUlMkMxMjQuNiUyQzc0LjUlMkMyMTcuMDQlMkMxMzcuNjclMkMyOTAuOTFjMS45MiUyQzIuMjQlMkMzLjg2JTJDNC40NyUyQzUuODQlMkM2LjY5JTIyJTJGJTNFJTBBJTNDJTJGc3ZnJTNFJTNDJTJGZGl2JTNF&#8221;][vc_column css=&#8221;.vc_custom_1716473241671{margin-top: -100px !important;margin-bottom: -100px !important;border-top-width: -50px !important;border-bottom-width: -70px !important;padding-top: 0px [&hellip;]<\/p>\n","protected":false},"author":4,"featured_media":0,"parent":0,"menu_order":0,"comment_status":"closed","ping_status":"closed","template":"full-width.php","meta":{"om_disable_all_campaigns":false,"_monsterinsights_skip_tracking":false,"_monsterinsights_sitenote_active":false,"_monsterinsights_sitenote_note":"","_monsterinsights_sitenote_category":0,"footnotes":""},"class_list":["post-7123","page","type-page","status-publish","hentry"],"aioseo_notices":[],"_links":{"self":[{"href":"https:\/\/www.simpedil.eu\/pt-pt\/wp-json\/wp\/v2\/pages\/7123","targetHints":{"allow":["GET"]}}],"collection":[{"href":"https:\/\/www.simpedil.eu\/pt-pt\/wp-json\/wp\/v2\/pages"}],"about":[{"href":"https:\/\/www.simpedil.eu\/pt-pt\/wp-json\/wp\/v2\/types\/page"}],"author":[{"embeddable":true,"href":"https:\/\/www.simpedil.eu\/pt-pt\/wp-json\/wp\/v2\/users\/4"}],"replies":[{"embeddable":true,"href":"https:\/\/www.simpedil.eu\/pt-pt\/wp-json\/wp\/v2\/comments?post=7123"}],"version-history":[{"count":7,"href":"https:\/\/www.simpedil.eu\/pt-pt\/wp-json\/wp\/v2\/pages\/7123\/revisions"}],"predecessor-version":[{"id":8853,"href":"https:\/\/www.simpedil.eu\/pt-pt\/wp-json\/wp\/v2\/pages\/7123\/revisions\/8853"}],"wp:attachment":[{"href":"https:\/\/www.simpedil.eu\/pt-pt\/wp-json\/wp\/v2\/media?parent=7123"}],"curies":[{"name":"wp","href":"https:\/\/api.w.org\/{rel}","templated":true}]}}