{"id":7135,"date":"2024-05-05T15:24:00","date_gmt":"2024-05-05T13:24:00","guid":{"rendered":"https:\/\/www.simpedil.eu\/macchine-per-taglio-e-piega-del-tondino\/"},"modified":"2024-10-16T10:05:52","modified_gmt":"2024-10-16T08:05:52","slug":"couper-et-a-plier-les-barres-darmature","status":"publish","type":"page","link":"https:\/\/www.simpedil.eu\/fr\/couper-et-a-plier-les-barres-darmature\/","title":{"rendered":"Histoire"},"content":{"rendered":"<section class=\"wpb-content-wrapper\"><p>[vc_row disable_background_image=\u00a0\u00bb1024&Prime; enable_background_svg=\u00a0\u00bbyes\u00a0\u00bb animated_text_position=\u00a0\u00bbright\u00a0\u00bb disable_animated_text=\u00a0\u00bb\u00a0\u00bb animated_text=\u00a0\u00bbracing\u00a0\u00bb animated_text_color=\u00a0\u00bb#101010&Prime; simple_background_color=\u00a0\u00bb#000000&Prime; el_class=\u00a0\u00bbmkdf-row-margin-top\u00a0\u00bb css=\u00a0\u00bb.vc_custom_1714982762415{padding-top: 100px !important;padding-bottom: 100px !important;}\u00a0\u00bb][vc_column css=\u00a0\u00bb.vc_custom_1568717806229{padding-top: 0px !important;padding-bottom: 0px !important;}\u00a0\u00bb][vc_row_inner row_content_width=\u00a0\u00bbgrid\u00a0\u00bb][vc_column_inner css=\u00a0\u00bb.vc_custom_1567499344778{padding-top: 0px !important;padding-bottom: 0px !important;}\u00a0\u00bb]<div class=\"mkdf-elements-holder   mkdf-one-column  mkdf-responsive-mode-768 \" ><div class=\"mkdf-eh-item   mkdf-horizontal-alignment-center \"  data-item-class=\"mkdf-eh-custom-2881\">\n\t<div class=\"mkdf-eh-item-inner\">\n\t\t<div class=\"mkdf-eh-item-content mkdf-eh-custom-2881\" >\n\t\t\t<div class=\"mkdf-section-title-holder    mkdf-has-appear-animation\" style=\"text-align: center\">\n\t<div class=\"mkdf-st-inner\">\n\t\t\t\t\t\t<h3 class=\"mkdf-st-title\" style=\"color: #ffffff\">\n\t\t\t\t\t\t\t\t\tEntreprise\t\t\t\t\t\t\t<\/h3>\n\t\t\t\t\t\t\t<\/div>\n<\/div>[vc_column_text]<\/p>\n<p class=\"p1\">Bas\u00e9e \u00e0 Trezzo sull\u2019Adda (MI), Simpedil est n\u00e9e en 1984 de la passion et de l\u2019ing\u00e9niosit\u00e9 de ses fondateurs. Depuis plus de 40 ans, nous nous consacrons \u00e0 la cr\u00e9ation de machines pour la coupe et le pliage des barres d\u2019armature en b\u00e9ton.<\/p>\n<p class=\"p1\">Notre objectif est de simplifier le travail des professionnels du secteur de la construction, en offrant des solutions innovantes et durables qui r\u00e9pondent aux besoins de chaque chantier.<\/p>\n<p class=\"p1\">La qualit\u00e9 de nos produits nous a permis de devenir une r\u00e9f\u00e9rence en Italie et de nous \u00e9tendre dans plus de 90 pays \u00e0 travers le monde. Nous sommes fiers de porter l\u2019excellence italienne dans le secteur de la construction \u00e0 un niveau international.<\/p>\n<p>[\/vc_column_text]\t\t<\/div>\n\t<\/div>\n<\/div><div class=\"mkdf-eh-item  mkdf-vertical-alignment-bottom mkdf-horizontal-alignment-center \"  data-item-class=\"mkdf-eh-custom-8150\">\n\t<div class=\"mkdf-eh-item-inner\">\n\t\t<div class=\"mkdf-eh-item-content mkdf-eh-custom-8150\" >\n\t\t\t<div class=\"mkdf-section-title-holder    mkdf-has-appear-animation\" style=\"text-align: center\">\n\t<div class=\"mkdf-st-inner\">\n\t\t\t\t\t\t<h3 class=\"mkdf-st-title\" style=\"color: #ffffff\">\n\t\t\t\t\t\t\t\t\tValeurs\t\t\t\t\t\t\t<\/h3>\n\t\t\t\t\t\t\t<\/div>\n<\/div>[vc_column_text]<\/p>\n<p class=\"p1\">Chez Simpedil, chaque action est guid\u00e9e par les valeurs transmises par nos fondateurs, Luigi et Paolo Camurati. Nous croyons fermement en l\u2019importance de la formation continue et de l\u2019am\u00e9lioration constante, des \u00e9l\u00e9ments cl\u00e9s qui nous ont permis d\u2019affiner nos produits et de gagner la confiance de nos clients. Pour nous, la relation avec nos clients va au-del\u00e0 d\u2019une simple relation commerciale. Nous b\u00e2tissons des relations fond\u00e9es sur la confiance, le respect mutuel et la compr\u00e9hension des besoins sp\u00e9cifiques de chacun.<\/p>\n<p class=\"p1\">Aujourd\u2019hui, Sibilla et Sveva Camurati, repr\u00e9sentantes de la nouvelle g\u00e9n\u00e9ration, poursuivent avec passion la vision originelle de l\u2019entreprise, garantissant la continuit\u00e9 de notre engagement envers les projets et les objectifs que nous nous sommes fix\u00e9s.<\/p>\n<p>[\/vc_column_text]\t\t<\/div>\n\t<\/div>\n<\/div><\/div>[\/vc_column_inner][\/vc_row_inner][\/vc_column][\/vc_row][vc_row disable_background_image=\u00a0\u00bb\u00a0\u00bb][vc_column][vc_single_image image=\u00a0\u00bb8577&Prime; img_size=\u00a0\u00bb1350&#215;500&Prime; alignment=\u00a0\u00bbcenter\u00a0\u00bb onclick=\u00a0\u00bblink_image\u00a0\u00bb][\/vc_column][\/vc_row]<\/p>\n<\/section>","protected":false},"excerpt":{"rendered":"<p>[vc_row disable_background_image=\u00a0\u00bb1024&Prime; enable_background_svg=\u00a0\u00bbyes\u00a0\u00bb animated_text_position=\u00a0\u00bbright\u00a0\u00bb disable_animated_text=\u00a0\u00bb\u00a0\u00bb animated_text=\u00a0\u00bbracing\u00a0\u00bb animated_text_color=\u00a0\u00bb#101010&Prime; simple_background_color=\u00a0\u00bb#000000&Prime; el_class=\u00a0\u00bbmkdf-row-margin-top\u00a0\u00bb css=\u00a0\u00bb.vc_custom_1714982762415{padding-top: 100px !important;padding-bottom: 100px !important;}\u00a0\u00bb][vc_column css=\u00a0\u00bb.vc_custom_1568717806229{padding-top: 0px !important;padding-bottom: 0px !important;}\u00a0\u00bb][vc_row_inner row_content_width=\u00a0\u00bbgrid\u00a0\u00bb][vc_column_inner css=\u00a0\u00bb.vc_custom_1567499344778{padding-top: 0px !important;padding-bottom: 0px !important;}\u00a0\u00bb][\/vc_column_inner][\/vc_row_inner][\/vc_column][\/vc_row][vc_row disable_background_image=\u00a0\u00bb\u00a0\u00bb][vc_column][vc_single_image image=\u00a0\u00bb8577&Prime; img_size=\u00a0\u00bb1350&#215;500&Prime; alignment=\u00a0\u00bbcenter\u00a0\u00bb onclick=\u00a0\u00bblink_image\u00a0\u00bb][\/vc_column][\/vc_row]<\/p>\n","protected":false},"author":4,"featured_media":0,"parent":0,"menu_order":0,"comment_status":"closed","ping_status":"closed","template":"full-width.php","meta":{"om_disable_all_campaigns":false,"_monsterinsights_skip_tracking":false,"_monsterinsights_sitenote_active":false,"_monsterinsights_sitenote_note":"","_monsterinsights_sitenote_category":0,"footnotes":""},"class_list":["post-7135","page","type-page","status-publish","hentry"],"aioseo_notices":[],"_links":{"self":[{"href":"https:\/\/www.simpedil.eu\/fr\/wp-json\/wp\/v2\/pages\/7135","targetHints":{"allow":["GET"]}}],"collection":[{"href":"https:\/\/www.simpedil.eu\/fr\/wp-json\/wp\/v2\/pages"}],"about":[{"href":"https:\/\/www.simpedil.eu\/fr\/wp-json\/wp\/v2\/types\/page"}],"author":[{"embeddable":true,"href":"https:\/\/www.simpedil.eu\/fr\/wp-json\/wp\/v2\/users\/4"}],"replies":[{"embeddable":true,"href":"https:\/\/www.simpedil.eu\/fr\/wp-json\/wp\/v2\/comments?post=7135"}],"version-history":[{"count":7,"href":"https:\/\/www.simpedil.eu\/fr\/wp-json\/wp\/v2\/pages\/7135\/revisions"}],"predecessor-version":[{"id":8581,"href":"https:\/\/www.simpedil.eu\/fr\/wp-json\/wp\/v2\/pages\/7135\/revisions\/8581"}],"wp:attachment":[{"href":"https:\/\/www.simpedil.eu\/fr\/wp-json\/wp\/v2\/media?parent=7135"}],"curies":[{"name":"wp","href":"https:\/\/api.w.org\/{rel}","templated":true}]}}