{"id":7121,"date":"2024-05-05T15:21:45","date_gmt":"2024-05-05T13:21:45","guid":{"rendered":"https:\/\/www.simpedil.eu\/progettazione-di-soluzioni-innovative\/"},"modified":"2024-10-16T15:49:19","modified_gmt":"2024-10-16T13:49:19","slug":"concevoir-des-solutions-innovantes","status":"publish","type":"page","link":"https:\/\/www.simpedil.eu\/fr\/concevoir-des-solutions-innovantes\/","title":{"rendered":"Production"},"content":{"rendered":"<section class=\"wpb-content-wrapper\"><p>[vc_row disable_background_image=\u00a0\u00bb1024&Prime; enable_background_svg=\u00a0\u00bbyes\u00a0\u00bb animated_text_position=\u00a0\u00bbright\u00a0\u00bb disable_animated_text=\u00a0\u00bb\u00a0\u00bb animated_text=\u00a0\u00bbracing\u00a0\u00bb animated_text_color=\u00a0\u00bb#101010&Prime; simple_background_color=\u00a0\u00bb#000000&Prime; el_class=\u00a0\u00bbmkdf-row-margin-top\u00a0\u00bb css=\u00a0\u00bb.vc_custom_1715020666274{margin-bottom: 10px !important;padding-top: 100px !important;padding-bottom: 100px !important;}\u00a0\u00bb][vc_column css=\u00a0\u00bb.vc_custom_1716472979020{padding-top: 0px !important;padding-bottom: 0px !important;}\u00a0\u00bb][vc_row_inner row_content_width=\u00a0\u00bbgrid\u00a0\u00bb][vc_column_inner css=\u00a0\u00bb.vc_custom_1716472994662{margin-bottom: -50px !important;border-bottom-width: -70px !important;padding-top: 0px !important;padding-bottom: 0px !important;}\u00a0\u00bb]<div class=\"mkdf-elements-holder   mkdf-one-column  mkdf-responsive-mode-768 \" ><div class=\"mkdf-eh-item   mkdf-horizontal-alignment-center \"  data-item-class=\"mkdf-eh-custom-4715\">\n\t<div class=\"mkdf-eh-item-inner\">\n\t\t<div class=\"mkdf-eh-item-content mkdf-eh-custom-4715\" >\n\t\t\t<div class=\"mkdf-section-title-holder    mkdf-has-appear-animation\" style=\"text-align: center\">\n\t<div class=\"mkdf-st-inner\">\n\t\t\t\t\t\t<h2 class=\"mkdf-st-title\" style=\"color: #ffffff\">\n\t\t\t\t\t\t\t\t\tAtelier M\u00e9canique\t\t\t\t\t\t\t<\/h2>\n\t\t\t\t\t\t\t<\/div>\n<\/div>[vc_column_text]<\/p>\n<h4 class=\"p1\"><strong><span style=\"color: #ffffff;\">Depuis plus de 40 ans, Simpedil est synonyme d\u2019excellence dans le secteur. Notre atelier, v\u00e9ritable c\u0153ur de l\u2019entreprise, est un lieu o\u00f9 la conception de solutions innovantes se m\u00eale au savoir-faire artisanal, donnant naissance \u00e0 des solutions m\u00e9caniques de tr\u00e8s haute qualit\u00e9. Chaque composant fabriqu\u00e9 dans notre atelier est le r\u00e9sultat d\u2019un processus rigoureux, qui commence par la s\u00e9lection de mat\u00e9riaux de premi\u00e8re qualit\u00e9 provenant de fournisseurs certifi\u00e9s et se termine par des contr\u00f4les minutieux pour garantir fiabilit\u00e9 et durabilit\u00e9.<\/span><\/strong><\/h4>\n<p>[\/vc_column_text][vc_empty_space height=\u00a0\u00bb60px\u00a0\u00bb]\t\t<\/div>\n\t<\/div>\n<\/div><\/div>[\/vc_column_inner][\/vc_row_inner][\/vc_column][\/vc_row][vc_row disable_background_image=\u00a0\u00bb1024&Prime; enable_background_svg=\u00a0\u00bbyes\u00a0\u00bb animated_text_position=\u00a0\u00bbright\u00a0\u00bb disable_animated_text=\u00a0\u00bb\u00a0\u00bb animated_text=\u00a0\u00bbracing\u00a0\u00bb animated_text_color=\u00a0\u00bb#101010&Prime; simple_background_color=\u00a0\u00bb#000000&Prime; el_class=\u00a0\u00bbmkdf-row-margin-top\u00a0\u00bb animated_text_overlay_image=\u00a0\u00bb2357&Prime; background_svg=\u00a0\u00bbJTNDZGl2JTIwY2xhc3MlM0QlMjJta2RmLWFuaW1hdGVkLWJhY2tncm91bmQtc3ZnJTIyJTNFJTNDc3ZnJTIweG1sbnMlM0QlMjJodHRwJTNBJTJGJTJGd3d3LnczLm9yZyUyRjIwMDAlMkZzdmclMjIlMjB4bWxucyUzQXhsaW5rJTNEJTIyaHR0cCUzQSUyRiUyRnd3dy53My5vcmclMkYxOTk5JTJGeGxpbmslMjIlMjB4JTNEJTIyMHB4JTIyJTIweSUzRCUyMjBweCUyMiUyMHZpZXdCb3glM0QlMjIwJTIwMCUyMDE5MjAlMjA3MDAlMjIlMjBlbmFibGUtYmFja2dyb3VuZCUzRCUyMm5ldyUyMDAlMjAwJTIwMTkyMCUyMDcwMCUyMiUyMHhtbCUzQXNwYWNlJTNEJTIycHJlc2VydmUlMjIlM0UlMEElM0NwYXRoJTIwc3R5bGUlM0QlMjJmaWxsJTNBbm9uZSUzQnN0cm9rZSUzQXJlZCUzQnN0cm9rZS1taXRlcmxpbWl0JTNBMTAlMjIlMjBkJTNEJTIyTTAlMkMyNTcuNzhjMjMuMjYlMkMwLjYzJTJDNDcuMzYlMkMyLjIzJTJDNzIuNiUyQzQuOGM0My41MSUyQzQuNDglMkM4NC4yNCUyQzExLjE2JTJDMTIxLjA3JTJDMTkuODQlMEElMDljNDEuNTYlMkM5LjglMkM3OS45MiUyQzIyLjU2JTJDMTE0LjAyJTJDMzcuOTNjMTguNCUyQzguMjQlMkMzNi4zOCUyQzE3LjUzJTJDNTQuOTklMkMyOC4zOGM2OS40NiUyQzQwLjUzJTJDMTI4LjA1JTJDOTMuMjglMkMxODQuNzElMkMxNDQuMyUwQSUwOWM0OS40NyUyQzQ0LjU0JTJDMTAwLjYzJTJDOTAuNiUyQzE1OC42NSUyQzEyOC4xMmM0My4zMyUyQzI4LjAyJTJDODUuNTIlMkM0Ni42NSUyQzEyNS40MSUyQzU1LjM5YzI0LjkxJTJDNS40NiUyQzQ5LjE5JTJDNy4xNCUyQzcyLjE3JTJDNSUwQSUwOWM4NC45LTguMDUlMkMxNTMuNjgtNjYuODIlMkMyMDguOTQtMTE0LjA1Yzc2LjcxLTY1LjM3JTJDMTUyLjg5LTEyNi42OCUyQzIyNi40LTE4Mi4yM2M0OS0zNi45OCUyQzk3LjE2LTcyLjMzJTJDMTQzLjc0LTEwNi41MmwwLjA5LTAuMDYlMEElMDljMTguNjMtMTMuNjclMkMzNy44OS0yNy44MSUyQzU2Ljg1LTQxLjc5YzE4Ljg5LTEzLjkzJTJDNDEuNS0yOS40NSUyQzY2LjA1LTM4Ljg5YzEzLTUlMkMyNS43NC03Ljk1JTJDMzcuODctOC43NyUwQSUwOWMxMy43My0wLjkzJTJDMjcuMjIlMkMwLjgzJTJDNDAuMTElMkM1LjIyYzI2LjklMkM5LjE1JTJDNDcuODMlMkMyOC4wNyUyQzYzLjk5JTJDNTcuODRjMTQuMiUyQzI2LjE2JTJDMjIuMzMlMkM1Ni4yNSUyQzI4LjgzJTJDODIuMzklMEElMDljMzAuNzUlMkMxMjQuNiUyQzc0LjUlMkMyMTcuMDQlMkMxMzcuNjclMkMyOTAuOTFjMS45MiUyQzIuMjQlMkMzLjg2JTJDNC40NyUyQzUuODQlMkM2LjY5JTIyJTJGJTNFJTBBJTNDJTJGc3ZnJTNFJTNDJTJGZGl2JTNF\u00a0\u00bb][vc_column css=\u00a0\u00bb.vc_custom_1716473241671{margin-top: -100px !important;margin-bottom: -100px !important;border-top-width: -50px !important;border-bottom-width: -70px !important;padding-top: 0px !important;padding-bottom: 0px !important;}\u00a0\u00bb][vc_row_inner row_content_width=\u00a0\u00bbgrid\u00a0\u00bb][vc_column_inner css=\u00a0\u00bb.vc_custom_1567499344778{padding-top: 0px !important;padding-bottom: 0px !important;}\u00a0\u00bb]<div class=\"mkdf-elements-holder   mkdf-one-column  mkdf-responsive-mode-768 \" ><div class=\"mkdf-eh-item    \"  data-item-class=\"mkdf-eh-custom-8758\" data-1400-1600=\"195px 0 238px\" data-1025-1399=\"183px 0 227px\" data-769-1024=\"160px 0 150px\" data-681-768=\"144px 0 150px\" data-680=\"105px 0 150px\">\n\t<div class=\"mkdf-eh-item-inner\">\n\t\t<div class=\"mkdf-eh-item-content mkdf-eh-custom-8758\" style=\"padding: 195px 0 238px\">\n\t\t\t<div class=\"mkdf-item-showcase-specific-holder  mkdf-iss-text-left mkdf-light-skin mkdf-has-appear-animation\">\n\t<div class=\"mkdf-iss-content\">\n\t\t<div class=\"mkdf-iss-info-section\">\n\t\t\t\t\t\t\t\t\t\t<h2 class=\"mkdf-iss-title\" style=\"color: #ffffff\">\n\t\t\t\t\tTechnologie CNC pour une Pr\u00e9cision Maximale\t\t\t\t<\/h2>\n\t\t\t\t\t\t\t\t\t\t<p class=\"mkdf-is-text\" style=\"color: #b2b2b2\">Notre atelier 4.0 est un concentr\u00e9 d\u2019innovation gr\u00e2ce \u00e0 la technologie CNC. Nos machines de pointe nous permettent de cr\u00e9er des composants avec une pr\u00e9cision millim\u00e9trique. Gr\u00e2ce \u00e0 la technologie CNC, nous optimisons chaque \u00e9tape de la production, r\u00e9duisant ainsi les d\u00e9lais de fabrication tout en garantissant une efficacit\u00e9 maximale.<\/p>\n\t\t\t\t\t\t\t\t\t\t<\/div>\n\t\t<div class=\"mkdf-iss-media-section\">\n\t\t\t<div class=\"mkdf-iss-al-and-si-holder\">\n\t\t\t\t<div class=\"mkdf-iss-additional-link-holder\">\n\t\t\t\t\t\t\t\t\t<\/div>\n\t\t\t\t<div class=\"mkdf-iss-second-image-holder\">\n\t\t\t\t\t\t\t\t\t<\/div>\n\t\t\t<\/div>\n\t\t\t<div class=\"mkdf-iss-main-image-holder\">\n\t\t\t\t<img loading=\"lazy\" decoding=\"async\" width=\"1000\" height=\"667\" src=\"https:\/\/www.simpedil.eu\/wp-content\/uploads\/2024\/07\/OFMER_PRODUZIONE-01.png\" class=\"attachment-full size-full\" alt=\"\" style=\"transform: scale(1.4)\" srcset=\"https:\/\/www.simpedil.eu\/wp-content\/uploads\/2024\/07\/OFMER_PRODUZIONE-01.png 1000w, https:\/\/www.simpedil.eu\/wp-content\/uploads\/2024\/07\/OFMER_PRODUZIONE-01-300x200.png 300w, https:\/\/www.simpedil.eu\/wp-content\/uploads\/2024\/07\/OFMER_PRODUZIONE-01-768x512.png 768w, https:\/\/www.simpedil.eu\/wp-content\/uploads\/2024\/07\/OFMER_PRODUZIONE-01-600x400.png 600w\" sizes=\"auto, (max-width: 1000px) 100vw, 1000px\" \/>\t\t\t<\/div>\n\t\t\t<div class=\"mkdf-iss-icon-holder\">\n\t\t\t\t\t\t\t<\/div>\n\t\t<\/div>\n\t<\/div>\n<\/div>\t\t<\/div>\n\t<\/div>\n<\/div><\/div>[\/vc_column_inner][\/vc_row_inner][vc_row_inner row_content_width=\u00a0\u00bbgrid\u00a0\u00bb][vc_column_inner css=\u00a0\u00bb.vc_custom_1716473205008{margin-top: -100px !important;margin-bottom: -100px !important;border-top-width: -50px !important;border-bottom-width: -70px !important;padding-top: 0px !important;padding-bottom: 0px !important;}\u00a0\u00bb]<div class=\"mkdf-elements-holder   mkdf-one-column  mkdf-responsive-mode-768 \" ><div class=\"mkdf-eh-item    \"  data-item-class=\"mkdf-eh-custom-6497\" data-1400-1600=\"195px 0 238px\" data-1025-1399=\"183px 0 227px\" data-769-1024=\"160px 0 150px\" data-681-768=\"144px 0 150px\" data-680=\"105px 0 150px\">\n\t<div class=\"mkdf-eh-item-inner\">\n\t\t<div class=\"mkdf-eh-item-content mkdf-eh-custom-6497\" style=\"padding: 195px 0 238px\">\n\t\t\t<div class=\"mkdf-item-showcase-specific-holder  mkdf-iss-text-right mkdf-light-skin mkdf-has-appear-animation\">\n\t<div class=\"mkdf-iss-content\">\n\t\t<div class=\"mkdf-iss-info-section\">\n\t\t\t\t\t\t\t\t\t\t<h2 class=\"mkdf-iss-title\" style=\"color: #ffffff\">\n\t\t\t\t\tProduction Interne: Un Avantage Concurrentiel\t\t\t\t<\/h2>\n\t\t\t\t\t\t\t\t\t\t<p class=\"mkdf-is-text\" style=\"color: #b2b2b2\">Nous croyons que le v\u00e9ritable contr\u00f4le de la qualit\u00e9 d\u00e9coule de l\u2019exp\u00e9rience. C\u2019est pourquoi nous fabriquons en interne chaque composant de nos produits. Notre \u00e9quipe d\u2019experts supervise chaque \u00e9tape du processus, garantissant que chaque machine Simpedil soit fiable, performante et conforme aux normes de l\u2019entreprise.<\/p>\n\t\t\t\t\t\t\t\t\t\t<\/div>\n\t\t<div class=\"mkdf-iss-media-section\">\n\t\t\t<div class=\"mkdf-iss-al-and-si-holder\">\n\t\t\t\t<div class=\"mkdf-iss-additional-link-holder\">\n\t\t\t\t\t\t\t\t\t<\/div>\n\t\t\t\t<div class=\"mkdf-iss-second-image-holder\">\n\t\t\t\t\t\t\t\t\t<\/div>\n\t\t\t<\/div>\n\t\t\t<div class=\"mkdf-iss-main-image-holder\">\n\t\t\t\t<img loading=\"lazy\" decoding=\"async\" width=\"1000\" height=\"667\" src=\"https:\/\/www.simpedil.eu\/wp-content\/uploads\/2024\/07\/OFMER_PRODUZIONE-02.png\" class=\"attachment-full size-full\" alt=\"\" style=\"transform: scale(1.4)\" srcset=\"https:\/\/www.simpedil.eu\/wp-content\/uploads\/2024\/07\/OFMER_PRODUZIONE-02.png 1000w, https:\/\/www.simpedil.eu\/wp-content\/uploads\/2024\/07\/OFMER_PRODUZIONE-02-300x200.png 300w, https:\/\/www.simpedil.eu\/wp-content\/uploads\/2024\/07\/OFMER_PRODUZIONE-02-768x512.png 768w, https:\/\/www.simpedil.eu\/wp-content\/uploads\/2024\/07\/OFMER_PRODUZIONE-02-600x400.png 600w\" sizes=\"auto, (max-width: 1000px) 100vw, 1000px\" \/>\t\t\t<\/div>\n\t\t\t<div class=\"mkdf-iss-icon-holder\">\n\t\t\t\t\t\t\t<\/div>\n\t\t<\/div>\n\t<\/div>\n<\/div>\t\t<\/div>\n\t<\/div>\n<\/div><\/div>[\/vc_column_inner][\/vc_row_inner][vc_row_inner row_content_width=\u00a0\u00bbgrid\u00a0\u00bb][vc_column_inner css=\u00a0\u00bb.vc_custom_1716473190479{margin-top: -100px !important;margin-bottom: -100px !important;border-top-width: -50px !important;border-bottom-width: -70px !important;padding-top: 0px !important;padding-bottom: 0px !important;}\u00a0\u00bb]<div class=\"mkdf-elements-holder   mkdf-one-column  mkdf-responsive-mode-768 \" ><div class=\"mkdf-eh-item    \"  data-item-class=\"mkdf-eh-custom-1956\" data-1400-1600=\"195px 0 238px\" data-1025-1399=\"183px 0 227px\" data-769-1024=\"160px 0 150px\" data-681-768=\"144px 0 150px\" data-680=\"105px 0 150px\">\n\t<div class=\"mkdf-eh-item-inner\">\n\t\t<div class=\"mkdf-eh-item-content mkdf-eh-custom-1956\" style=\"padding: 195px 0 238px\">\n\t\t\t<div class=\"mkdf-item-showcase-specific-holder  mkdf-iss-text-left mkdf-light-skin mkdf-has-appear-animation\">\n\t<div class=\"mkdf-iss-content\">\n\t\t<div class=\"mkdf-iss-info-section\">\n\t\t\t\t\t\t\t\t\t\t<h2 class=\"mkdf-iss-title\" style=\"color: #ffffff\">\n\t\t\t\t\tLa Force de Notre \u00c9quipe\t\t\t\t<\/h2>\n\t\t\t\t\t\t\t\t\t\t<p class=\"mkdf-is-text\" style=\"color: #b2b2b2\">Nos machines ne sont pas seulement le fruit de processus de fabrication, mais aussi de la passion et de l\u2019exp\u00e9rience de nos ouvriers qualifi\u00e9s. Chaque composant est le r\u00e9sultat d\u2019un travail minutieux effectu\u00e9 par des mains expertes, qui \u0153uvrent avec soin et d\u00e9vouement pour garantir l\u2019excellence dans chaque d\u00e9tail.<\/p>\n\t\t\t\t\t\t\t\t\t\t<\/div>\n\t\t<div class=\"mkdf-iss-media-section\">\n\t\t\t<div class=\"mkdf-iss-al-and-si-holder\">\n\t\t\t\t<div class=\"mkdf-iss-additional-link-holder\">\n\t\t\t\t\t\t\t\t\t<\/div>\n\t\t\t\t<div class=\"mkdf-iss-second-image-holder\">\n\t\t\t\t\t\t\t\t\t<\/div>\n\t\t\t<\/div>\n\t\t\t<div class=\"mkdf-iss-main-image-holder\">\n\t\t\t\t<img loading=\"lazy\" decoding=\"async\" width=\"5184\" height=\"2920\" src=\"https:\/\/www.simpedil.eu\/wp-content\/uploads\/2024\/10\/foto-team.png\" class=\"attachment-full size-full\" alt=\"\" style=\"transform: scale(1.4)\" srcset=\"https:\/\/www.simpedil.eu\/wp-content\/uploads\/2024\/10\/foto-team.png 5184w, https:\/\/www.simpedil.eu\/wp-content\/uploads\/2024\/10\/foto-team-300x169.png 300w, https:\/\/www.simpedil.eu\/wp-content\/uploads\/2024\/10\/foto-team-1024x577.png 1024w, https:\/\/www.simpedil.eu\/wp-content\/uploads\/2024\/10\/foto-team-768x433.png 768w, https:\/\/www.simpedil.eu\/wp-content\/uploads\/2024\/10\/foto-team-1536x865.png 1536w, https:\/\/www.simpedil.eu\/wp-content\/uploads\/2024\/10\/foto-team-600x338.png 600w\" sizes=\"auto, (max-width: 5184px) 100vw, 5184px\" \/>\t\t\t<\/div>\n\t\t\t<div class=\"mkdf-iss-icon-holder\">\n\t\t\t\t\t\t\t<\/div>\n\t\t<\/div>\n\t<\/div>\n<\/div>\t\t<\/div>\n\t<\/div>\n<\/div><\/div>[\/vc_column_inner][\/vc_row_inner][\/vc_column][\/vc_row][vc_row disable_background_image=\u00a0\u00bb1024&Prime; enable_background_svg=\u00a0\u00bbyes\u00a0\u00bb animated_text_position=\u00a0\u00bbright\u00a0\u00bb disable_animated_text=\u00a0\u00bb\u00a0\u00bb animated_text=\u00a0\u00bbracing\u00a0\u00bb animated_text_color=\u00a0\u00bb#101010&Prime; simple_background_color=\u00a0\u00bb#000000&Prime; el_class=\u00a0\u00bbmkdf-row-margin-top\u00a0\u00bb css=\u00a0\u00bb.vc_custom_1715020666274{margin-bottom: 10px !important;padding-top: 100px !important;padding-bottom: 100px !important;}\u00a0\u00bb][vc_column css=\u00a0\u00bb.vc_custom_1716472979020{padding-top: 0px !important;padding-bottom: 0px !important;}\u00a0\u00bb][vc_row_inner row_content_width=\u00a0\u00bbgrid\u00a0\u00bb][vc_column_inner css=\u00a0\u00bb.vc_custom_1716472994662{margin-bottom: -50px !important;border-bottom-width: -70px !important;padding-top: 0px !important;padding-bottom: 0px !important;}\u00a0\u00bb]<div class=\"mkdf-elements-holder   mkdf-one-column  mkdf-responsive-mode-768 \" ><div class=\"mkdf-eh-item   mkdf-horizontal-alignment-center \"  data-item-class=\"mkdf-eh-custom-5014\">\n\t<div class=\"mkdf-eh-item-inner\">\n\t\t<div class=\"mkdf-eh-item-content mkdf-eh-custom-5014\" >\n\t\t\t<div class=\"mkdf-section-title-holder    mkdf-has-appear-animation\" style=\"text-align: center\">\n\t<div class=\"mkdf-st-inner\">\n\t\t\t\t\t\t<h2 class=\"mkdf-st-title\" style=\"color: #ffffff\">\n\t\t\t\t\t\t\t\t\tR&amp;D Solutions Personnalis\u00e9es\t\t\t\t\t\t\t<\/h2>\n\t\t\t\t\t\t\t<\/div>\n<\/div>[vc_column_text]<\/p>\n<p class=\"p1\">Chez Simpedil, l\u2019innovation n\u2019est pas seulement un objectif, mais une pratique quotidienne. Notre \u00e9quipe de Recherche et D\u00e9veloppement est le moteur qui nous pousse constamment vers de nouvelles solutions, testant et analysant une vaste gamme de mat\u00e9riaux et de traitements pour garantir l\u2019efficacit\u00e9 et la durabilit\u00e9 maximales de nos machines.<\/p>\n<p class=\"p1\">Nous savons \u00e0 quel point il est crucial d\u2019avoir des machines fiables sur un chantier. C\u2019est pourquoi notre recherche avanc\u00e9e nous permet de s\u00e9lectionner les mat\u00e9riaux les plus r\u00e9sistants pour chaque composant, garantissant des produits capables de supporter une utilisation intensive, de r\u00e9duire les temps de travail et de minimiser l\u2019usure au fil du temps. Choisir Simpedil, c\u2019est investir dans des machines qui se rentabilisent largement en termes de productivit\u00e9 et de long\u00e9vit\u00e9.<\/p>\n<p class=\"p1\">Chaque chantier est unique, tout comme les besoins des clients. C\u2019est pourquoi nos concepteurs sont toujours pr\u00eats \u00e0 personnaliser les mod\u00e8les de base de nos machines, les adaptant parfaitement \u00e0 chaque projet.<\/p>\n<p>[\/vc_column_text][vc_empty_space height=\u00a0\u00bb60&Prime;][vc_single_image image=\u00a0\u00bb3582&Prime; img_size=\u00a0\u00bblarge\u00a0\u00bb alignment=\u00a0\u00bbcenter\u00a0\u00bb][vc_empty_space height=\u00a0\u00bb60px\u00a0\u00bb]\t\t<\/div>\n\t<\/div>\n<\/div><\/div>[\/vc_column_inner][\/vc_row_inner][\/vc_column][\/vc_row]<\/p>\n<\/section>","protected":false},"excerpt":{"rendered":"<p>[vc_row disable_background_image=\u00a0\u00bb1024&Prime; enable_background_svg=\u00a0\u00bbyes\u00a0\u00bb animated_text_position=\u00a0\u00bbright\u00a0\u00bb disable_animated_text=\u00a0\u00bb\u00a0\u00bb animated_text=\u00a0\u00bbracing\u00a0\u00bb animated_text_color=\u00a0\u00bb#101010&Prime; simple_background_color=\u00a0\u00bb#000000&Prime; el_class=\u00a0\u00bbmkdf-row-margin-top\u00a0\u00bb css=\u00a0\u00bb.vc_custom_1715020666274{margin-bottom: 10px !important;padding-top: 100px !important;padding-bottom: 100px !important;}\u00a0\u00bb][vc_column css=\u00a0\u00bb.vc_custom_1716472979020{padding-top: 0px !important;padding-bottom: 0px !important;}\u00a0\u00bb][vc_row_inner row_content_width=\u00a0\u00bbgrid\u00a0\u00bb][vc_column_inner css=\u00a0\u00bb.vc_custom_1716472994662{margin-bottom: -50px !important;border-bottom-width: -70px !important;padding-top: 0px !important;padding-bottom: 0px !important;}\u00a0\u00bb][\/vc_column_inner][\/vc_row_inner][\/vc_column][\/vc_row][vc_row disable_background_image=\u00a0\u00bb1024&Prime; enable_background_svg=\u00a0\u00bbyes\u00a0\u00bb animated_text_position=\u00a0\u00bbright\u00a0\u00bb disable_animated_text=\u00a0\u00bb\u00a0\u00bb animated_text=\u00a0\u00bbracing\u00a0\u00bb animated_text_color=\u00a0\u00bb#101010&Prime; simple_background_color=\u00a0\u00bb#000000&Prime; el_class=\u00a0\u00bbmkdf-row-margin-top\u00a0\u00bb animated_text_overlay_image=\u00a0\u00bb2357&Prime; background_svg=\u00a0\u00bbJTNDZGl2JTIwY2xhc3MlM0QlMjJta2RmLWFuaW1hdGVkLWJhY2tncm91bmQtc3ZnJTIyJTNFJTNDc3ZnJTIweG1sbnMlM0QlMjJodHRwJTNBJTJGJTJGd3d3LnczLm9yZyUyRjIwMDAlMkZzdmclMjIlMjB4bWxucyUzQXhsaW5rJTNEJTIyaHR0cCUzQSUyRiUyRnd3dy53My5vcmclMkYxOTk5JTJGeGxpbmslMjIlMjB4JTNEJTIyMHB4JTIyJTIweSUzRCUyMjBweCUyMiUyMHZpZXdCb3glM0QlMjIwJTIwMCUyMDE5MjAlMjA3MDAlMjIlMjBlbmFibGUtYmFja2dyb3VuZCUzRCUyMm5ldyUyMDAlMjAwJTIwMTkyMCUyMDcwMCUyMiUyMHhtbCUzQXNwYWNlJTNEJTIycHJlc2VydmUlMjIlM0UlMEElM0NwYXRoJTIwc3R5bGUlM0QlMjJmaWxsJTNBbm9uZSUzQnN0cm9rZSUzQXJlZCUzQnN0cm9rZS1taXRlcmxpbWl0JTNBMTAlMjIlMjBkJTNEJTIyTTAlMkMyNTcuNzhjMjMuMjYlMkMwLjYzJTJDNDcuMzYlMkMyLjIzJTJDNzIuNiUyQzQuOGM0My41MSUyQzQuNDglMkM4NC4yNCUyQzExLjE2JTJDMTIxLjA3JTJDMTkuODQlMEElMDljNDEuNTYlMkM5LjglMkM3OS45MiUyQzIyLjU2JTJDMTE0LjAyJTJDMzcuOTNjMTguNCUyQzguMjQlMkMzNi4zOCUyQzE3LjUzJTJDNTQuOTklMkMyOC4zOGM2OS40NiUyQzQwLjUzJTJDMTI4LjA1JTJDOTMuMjglMkMxODQuNzElMkMxNDQuMyUwQSUwOWM0OS40NyUyQzQ0LjU0JTJDMTAwLjYzJTJDOTAuNiUyQzE1OC42NSUyQzEyOC4xMmM0My4zMyUyQzI4LjAyJTJDODUuNTIlMkM0Ni42NSUyQzEyNS40MSUyQzU1LjM5YzI0LjkxJTJDNS40NiUyQzQ5LjE5JTJDNy4xNCUyQzcyLjE3JTJDNSUwQSUwOWM4NC45LTguMDUlMkMxNTMuNjgtNjYuODIlMkMyMDguOTQtMTE0LjA1Yzc2LjcxLTY1LjM3JTJDMTUyLjg5LTEyNi42OCUyQzIyNi40LTE4Mi4yM2M0OS0zNi45OCUyQzk3LjE2LTcyLjMzJTJDMTQzLjc0LTEwNi41MmwwLjA5LTAuMDYlMEElMDljMTguNjMtMTMuNjclMkMzNy44OS0yNy44MSUyQzU2Ljg1LTQxLjc5YzE4Ljg5LTEzLjkzJTJDNDEuNS0yOS40NSUyQzY2LjA1LTM4Ljg5YzEzLTUlMkMyNS43NC03Ljk1JTJDMzcuODctOC43NyUwQSUwOWMxMy43My0wLjkzJTJDMjcuMjIlMkMwLjgzJTJDNDAuMTElMkM1LjIyYzI2LjklMkM5LjE1JTJDNDcuODMlMkMyOC4wNyUyQzYzLjk5JTJDNTcuODRjMTQuMiUyQzI2LjE2JTJDMjIuMzMlMkM1Ni4yNSUyQzI4LjgzJTJDODIuMzklMEElMDljMzAuNzUlMkMxMjQuNiUyQzc0LjUlMkMyMTcuMDQlMkMxMzcuNjclMkMyOTAuOTFjMS45MiUyQzIuMjQlMkMzLjg2JTJDNC40NyUyQzUuODQlMkM2LjY5JTIyJTJGJTNFJTBBJTNDJTJGc3ZnJTNFJTNDJTJGZGl2JTNF\u00a0\u00bb][vc_column css=\u00a0\u00bb.vc_custom_1716473241671{margin-top: -100px !important;margin-bottom: -100px !important;border-top-width: -50px !important;border-bottom-width: -70px !important;padding-top: 0px [&hellip;]<\/p>\n","protected":false},"author":4,"featured_media":0,"parent":0,"menu_order":0,"comment_status":"closed","ping_status":"closed","template":"full-width.php","meta":{"om_disable_all_campaigns":false,"_monsterinsights_skip_tracking":false,"_monsterinsights_sitenote_active":false,"_monsterinsights_sitenote_note":"","_monsterinsights_sitenote_category":0,"footnotes":""},"class_list":["post-7121","page","type-page","status-publish","hentry"],"aioseo_notices":[],"_links":{"self":[{"href":"https:\/\/www.simpedil.eu\/fr\/wp-json\/wp\/v2\/pages\/7121","targetHints":{"allow":["GET"]}}],"collection":[{"href":"https:\/\/www.simpedil.eu\/fr\/wp-json\/wp\/v2\/pages"}],"about":[{"href":"https:\/\/www.simpedil.eu\/fr\/wp-json\/wp\/v2\/types\/page"}],"author":[{"embeddable":true,"href":"https:\/\/www.simpedil.eu\/fr\/wp-json\/wp\/v2\/users\/4"}],"replies":[{"embeddable":true,"href":"https:\/\/www.simpedil.eu\/fr\/wp-json\/wp\/v2\/comments?post=7121"}],"version-history":[{"count":10,"href":"https:\/\/www.simpedil.eu\/fr\/wp-json\/wp\/v2\/pages\/7121\/revisions"}],"predecessor-version":[{"id":8623,"href":"https:\/\/www.simpedil.eu\/fr\/wp-json\/wp\/v2\/pages\/7121\/revisions\/8623"}],"wp:attachment":[{"href":"https:\/\/www.simpedil.eu\/fr\/wp-json\/wp\/v2\/media?parent=7121"}],"curies":[{"name":"wp","href":"https:\/\/api.w.org\/{rel}","templated":true}]}}