{"id":6759,"date":"2019-09-13T11:54:46","date_gmt":"2019-09-13T09:54:46","guid":{"rendered":"https:\/\/www.simpedil.eu\/contatti-macchine-lavorazione-ferro\/"},"modified":"2024-10-16T11:17:50","modified_gmt":"2024-10-16T09:17:50","slug":"contact-machines-a-travailler-le-fer","status":"publish","type":"page","link":"https:\/\/www.simpedil.eu\/fr\/contact-machines-a-travailler-le-fer\/","title":{"rendered":"CONTACTS"},"content":{"rendered":"<section class=\"wpb-content-wrapper\"><p>[vc_row row_content_width=\u00a0\u00bbgrid\u00a0\u00bb disable_background_image=\u00a0\u00bb\u00a0\u00bb css=\u00a0\u00bb.vc_custom_1721833862736{padding-top: 96px !important;}\u00a0\u00bb][vc_column width=\u00a0\u00bb1\/2&Prime; offset=\u00a0\u00bbvc_col-lg-4 vc_col-md-6 vc_col-xs-12&Prime;][vc_column_text]<\/p>\n<h4><span style=\"color: #ffffff;\">SIMPEDIL<\/span><\/h4>\n<p>[\/vc_column_text][vc_empty_space height=\u00a0\u00bb18&Prime;]<div class=\"mkdf-iwt clearfix  mkdf-iwt-icon-left mkdf-iwt-icon-tiny mkdf-has-appear-animation\">\n\t\t\t<a itemprop=\"url\" href=\"https:\/\/www.google.com\/maps\/place\/Via+Achille+Grandi,+19,+20056+Trezzo+sull&#039;Adda+MI\/@45.5903451,9.5096324,17z\/data=!3m1!4b1!4m6!3m5!1s0x47814cae83a8e9b5:0x10349899065f8602!8m2!3d45.5903414!4d9.5122073!16s%2Fg%2F11c4hr0jcs?entry=ttu\" target=\"_blank\" >\n\t\t\t\t\t\t<div class=\"mkdf-iwt-icon\">\n\t\t\t\t\t\t\t\t\t\t\t\t\t\t\t    <span class=\"mkdf-icon-shortcode mkdf-normal   mkdf-icon-tiny\"  data-color=\"#ed1d24\">\n                    <span aria-hidden=\"true\" class=\"mkdf-icon-font-elegant icon_pin_alt mkdf-icon-element\" style=\"color: #ed1d24\" ><\/span>            <\/span>\n\t\t\t\t\t\t\t\t<\/div>\n\t\t\t<div class=\"mkdf-iwt-content\" style=\"padding-left: 16px\">\n\t\t\t\t\t\t\t\t\t\t\t<p class=\"mkdf-iwt-text\" style=\"margin-top: 0px\">Via Achille Grandi,19<\/p>\n\t\t\t\t\t<\/div>\n\t\t\t\t\t<\/a>\n<\/div>\n[vc_empty_space height=\u00a0\u00bb0px\u00a0\u00bb css=\u00a0\u00bb.vc_custom_1568385312295{margin-top: -6px !important;}\u00a0\u00bb]<div class=\"mkdf-iwt clearfix  mkdf-iwt-icon-left mkdf-iwt-icon-tiny mkdf-has-appear-animation\">\n\t\t\t<a itemprop=\"url\" href=\"https:\/\/www.google.com\/maps\/place\/Via+Achille+Grandi,+19,+20056+Trezzo+sull&#039;Adda+MI\/@45.5903451,9.5096324,17z\/data=!3m1!4b1!4m6!3m5!1s0x47814cae83a8e9b5:0x10349899065f8602!8m2!3d45.5903414!4d9.5122073!16s%2Fg%2F11c4hr0jcs?entry=ttu\" target=\"_self\" >\n\t\t\t\t\t\t<div class=\"mkdf-iwt-icon\">\n\t\t\t\t\t\t\t\t\t\t\t\t\t\t\t    <span class=\"mkdf-icon-shortcode mkdf-normal   mkdf-icon-tiny\"  >\n                    <span aria-hidden=\"true\" class=\"mkdf-icon-font-elegant  mkdf-icon-element\" style=\"\" ><\/span>            <\/span>\n\t\t\t\t\t\t\t\t<\/div>\n\t\t\t<div class=\"mkdf-iwt-content\" style=\"padding-left: 39px\">\n\t\t\t\t\t\t\t\t\t\t\t<p class=\"mkdf-iwt-text\" style=\"margin-top: 0px\">20056, Trezzo sull&#039;Adda (MI)<\/p>\n\t\t\t\t\t<\/div>\n\t\t\t\t\t<\/a>\n<\/div>\n[vc_empty_space height=\u00a0\u00bb4px\u00a0\u00bb][\/vc_column][vc_column width=\u00a0\u00bb1\/2&Prime; offset=\u00a0\u00bbvc_col-lg-4 vc_col-md-6 vc_col-xs-12&Prime;][vc_column_text]<\/p>\n<h4><span style=\"color: #ffffff;\">NUM\u00c9RO DE T\u00c9L\u00c9PHONE<\/span><\/h4>\n<p>[\/vc_column_text][vc_empty_space height=\u00a0\u00bb4px\u00a0\u00bb]<div class=\"mkdf-iwt clearfix  mkdf-iwt-icon-left mkdf-iwt-icon-tiny mkdf-has-appear-animation\">\n\t\t\t<a itemprop=\"url\" href=\"tel:39029090134\" target=\"_self\" >\n\t\t\t\t\t\t<div class=\"mkdf-iwt-icon\">\n\t\t\t\t\t\t\t\t\t\t\t\t\t\t\t    <span class=\"mkdf-icon-shortcode mkdf-normal   mkdf-icon-tiny\"  data-color=\"#ed1d24\">\n                    <i class=\"mkdf-icon-simple-line-icon icon-phone mkdf-icon-element\" style=\"color: #ed1d24\" ><\/i>            <\/span>\n\t\t\t\t\t\t\t\t<\/div>\n\t\t\t<div class=\"mkdf-iwt-content\" style=\"padding-left: 16px\">\n\t\t\t\t\t\t\t\t\t\t\t<p class=\"mkdf-iwt-text\" style=\"margin-top: 0px\">+39 0290939735<\/p>\n\t\t\t\t\t<\/div>\n\t\t\t\t\t<\/a>\n<\/div>\n[vc_empty_space height=\u00a0\u00bb0px\u00a0\u00bb css=\u00a0\u00bb.vc_custom_1568385392340{margin-top: -6px !important;}\u00a0\u00bb][\/vc_column][vc_column offset=\u00a0\u00bbvc_col-lg-4 vc_col-md-12 vc_col-xs-12&Prime;][vc_column_text]<\/p>\n<h4><span style=\"color: #ffffff;\">ADRESSE <\/span><span style=\"color: #ffffff;\">EMAIL<\/span><\/h4>\n<p>[\/vc_column_text][vc_empty_space height=\u00a0\u00bb4px\u00a0\u00bb]<div class=\"mkdf-iwt clearfix  mkdf-iwt-icon-left mkdf-iwt-icon-tiny mkdf-has-appear-animation\">\n\t\t\t<a itemprop=\"url\" href=\"mailto:info@simpedil.it\" target=\"_self\" >\n\t\t\t\t\t\t<div class=\"mkdf-iwt-icon\">\n\t\t\t\t\t\t\t\t\t\t\t\t\t\t\t    <span class=\"mkdf-icon-shortcode mkdf-normal   mkdf-icon-tiny\"  data-color=\"#ed1d24\">\n                    <span aria-hidden=\"true\" class=\"mkdf-icon-font-elegant icon_mail_alt mkdf-icon-element\" style=\"color: #ed1d24\" ><\/span>            <\/span>\n\t\t\t\t\t\t\t\t<\/div>\n\t\t\t<div class=\"mkdf-iwt-content\" style=\"padding-left: 16px\">\n\t\t\t\t\t\t\t\t\t\t\t<p class=\"mkdf-iwt-text\" style=\"margin-top: 4px\">info@simpedil.it<\/p>\n\t\t\t\t\t<\/div>\n\t\t\t\t\t<\/a>\n<\/div>\n[vc_empty_space height=\u00a0\u00bb0px\u00a0\u00bb css=\u00a0\u00bb.vc_custom_1568385408748{margin-top: -6px !important;}\u00a0\u00bb][\/vc_column][\/vc_row][vc_row content_placement=\u00a0\u00bbmiddle\u00a0\u00bb row_content_width=\u00a0\u00bbgrid\u00a0\u00bb disable_background_image=\u00a0\u00bb\u00a0\u00bb css=\u00a0\u00bb.vc_custom_1721833873100{padding-top: 80px !important;padding-bottom: 60px !important;}\u00a0\u00bb][vc_column offset=\u00a0\u00bbvc_col-lg-6 vc_col-md-12 vc_col-xs-12&Prime;][vc_gmaps link=\u00a0\u00bb#E-8_JTNDaWZyYW1lJTIwc3JjJTNEJTIyaHR0cHMlM0ElMkYlMkZ3d3cuZ29vZ2xlLmNvbSUyRm1hcHMlMkZlbWJlZCUzRnBiJTNEJTIxMW0xOCUyMTFtMTIlMjExbTMlMjExZDU1NzYuNTA0MTk0MDMyNDU5JTIxMmQ5LjUwODg2Mjg3NjEwNDYyMiUyMTNkNDUuNTkyODA4OTI0ODQ4NzQlMjEybTMlMjExZjAlMjEyZjAlMjEzZjAlMjEzbTIlMjExaTEwMjQlMjEyaTc2OCUyMTRmMTMuMSUyMTNtMyUyMTFtMiUyMTFzMHg0NzgxNGNiMmY0YzE0NzA3JTI1M0EweDJiMTZlZjRiODhjZTAwNDMlMjEyc1NJTVBFRElMJTIxNWUxJTIxM20yJTIxMXNpdCUyMTJzaXQlMjE0djE3MjkwNjY0NzA5OTQlMjE1bTIlMjExc2l0JTIxMnNpdCUyMiUyMHdpZHRoJTNEJTIyNjAwJTIyJTIwaGVpZ2h0JTNEJTIyNDUwJTIyJTIwc3R5bGUlM0QlMjJib3JkZXIlM0EwJTNCJTIyJTIwYWxsb3dmdWxsc2NyZWVuJTNEJTIyJTIyJTIwbG9hZGluZyUzRCUyMmxhenklMjIlMjByZWZlcnJlcnBvbGljeSUzRCUyMm5vLXJlZmVycmVyLXdoZW4tZG93bmdyYWRlJTIyJTNFJTNDJTJGaWZyYW1lJTNF\u00a0\u00bb size=\u00a0\u00bb800px\u00a0\u00bb][vc_empty_space height=\u00a0\u00bb70&Prime;][\/vc_column][vc_column css=\u00a0\u00bb.vc_custom_1568386386823{padding-right: 7% !important;padding-left: 7% !important;}\u00a0\u00bb offset=\u00a0\u00bbvc_col-lg-6 vc_col-md-12 vc_col-xs-12&Prime;]\n<div class=\"wpcf7 no-js\" id=\"wpcf7-f8593-o1\" lang=\"en-US\" dir=\"ltr\" data-wpcf7-id=\"8593\">\n<div class=\"screen-reader-response\"><p role=\"status\" aria-live=\"polite\" aria-atomic=\"true\"><\/p> <ul><\/ul><\/div>\n<form action=\"\/fr\/wp-json\/wp\/v2\/pages\/6759#wpcf7-f8593-o1\" method=\"post\" class=\"wpcf7-form init\" aria-label=\"Contact form\" novalidate=\"novalidate\" data-status=\"init\">\n<fieldset class=\"hidden-fields-container\"><input type=\"hidden\" name=\"_wpcf7\" value=\"8593\" \/><input type=\"hidden\" name=\"_wpcf7_version\" value=\"6.1.5\" \/><input type=\"hidden\" name=\"_wpcf7_locale\" value=\"en_US\" \/><input type=\"hidden\" name=\"_wpcf7_unit_tag\" value=\"wpcf7-f8593-o1\" \/><input type=\"hidden\" name=\"_wpcf7_container_post\" value=\"0\" \/><input type=\"hidden\" name=\"_wpcf7_posted_data_hash\" value=\"\" \/><input type=\"hidden\" name=\"_wpcf7_recaptcha_response\" value=\"\" \/>\n<\/fieldset>\n<div class=\"mkdf-cf7-custom-style\">\n\t<p><label> Nom et Pr\u00e9nom<br \/>\n<span class=\"wpcf7-form-control-wrap\" data-name=\"your-name\"><input size=\"40\" maxlength=\"400\" class=\"wpcf7-form-control wpcf7-text wpcf7-validates-as-required\" aria-required=\"true\" aria-invalid=\"false\" value=\"\" type=\"text\" name=\"your-name\" \/><\/span> <\/label><br \/>\n<label> Adresse E-mail<br \/>\n<span class=\"wpcf7-form-control-wrap\" data-name=\"your-email\"><input size=\"40\" maxlength=\"400\" class=\"wpcf7-form-control wpcf7-email wpcf7-validates-as-required wpcf7-text wpcf7-validates-as-email\" aria-required=\"true\" aria-invalid=\"false\" value=\"\" type=\"email\" name=\"your-email\" \/><\/span> <\/label><br \/>\n<label> Message<br \/>\n<span class=\"wpcf7-form-control-wrap\" data-name=\"your-message\"><textarea cols=\"40\" rows=\"5\" maxlength=\"2000\" class=\"wpcf7-form-control wpcf7-textarea\" aria-invalid=\"false\" name=\"your-message\"><\/textarea><\/span> <\/label><button class=\"wpcf7-form-control wpcf7-submit mkdf-btn mkdf-btn-medium mkdf-btn-solid\" type=\"submit\"><span class=\"mkdf-btn-text\">Send message<\/span><\/button>\n\t<\/p>\n<\/div><p style=\"display: none !important;\" class=\"akismet-fields-container\" data-prefix=\"_wpcf7_ak_\"><label>&#916;<textarea name=\"_wpcf7_ak_hp_textarea\" cols=\"45\" rows=\"8\" maxlength=\"100\"><\/textarea><\/label><input type=\"hidden\" id=\"ak_js_1\" name=\"_wpcf7_ak_js\" value=\"247\"\/><script>document.getElementById( \"ak_js_1\" ).setAttribute( \"value\", ( new Date() ).getTime() );<\/script><\/p><div class=\"wpcf7-response-output\" aria-hidden=\"true\"><\/div>\n<\/form>\n<\/div>\n[vc_empty_space height=\u00a0\u00bb70&Prime;][\/vc_column][\/vc_row][vc_row disable_background_image=\u00a0\u00bb\u00a0\u00bb][vc_column][\/vc_column][\/vc_row]<\/p>\n<\/section>","protected":false},"excerpt":{"rendered":"<p>[vc_row row_content_width=\u00a0\u00bbgrid\u00a0\u00bb disable_background_image=\u00a0\u00bb\u00a0\u00bb css=\u00a0\u00bb.vc_custom_1721833862736{padding-top: 96px !important;}\u00a0\u00bb][vc_column width=\u00a0\u00bb1\/2&Prime; offset=\u00a0\u00bbvc_col-lg-4 vc_col-md-6 vc_col-xs-12&Prime;][vc_column_text] SIMPEDIL [\/vc_column_text][vc_empty_space height=\u00a0\u00bb18&Prime;][vc_empty_space height=\u00a0\u00bb0px\u00a0\u00bb css=\u00a0\u00bb.vc_custom_1568385312295{margin-top: -6px !important;}\u00a0\u00bb][vc_empty_space height=\u00a0\u00bb4px\u00a0\u00bb][\/vc_column][vc_column width=\u00a0\u00bb1\/2&Prime; offset=\u00a0\u00bbvc_col-lg-4 vc_col-md-6 vc_col-xs-12&Prime;][vc_column_text] NUM\u00c9RO DE T\u00c9L\u00c9PHONE [\/vc_column_text][vc_empty_space height=\u00a0\u00bb4px\u00a0\u00bb][vc_empty_space height=\u00a0\u00bb0px\u00a0\u00bb css=\u00a0\u00bb.vc_custom_1568385392340{margin-top: -6px !important;}\u00a0\u00bb][\/vc_column][vc_column offset=\u00a0\u00bbvc_col-lg-4 vc_col-md-12 vc_col-xs-12&Prime;][vc_column_text] ADRESSE EMAIL [\/vc_column_text][vc_empty_space height=\u00a0\u00bb4px\u00a0\u00bb][vc_empty_space height=\u00a0\u00bb0px\u00a0\u00bb css=\u00a0\u00bb.vc_custom_1568385408748{margin-top: -6px !important;}\u00a0\u00bb][\/vc_column][\/vc_row][vc_row content_placement=\u00a0\u00bbmiddle\u00a0\u00bb row_content_width=\u00a0\u00bbgrid\u00a0\u00bb disable_background_image=\u00a0\u00bb\u00a0\u00bb css=\u00a0\u00bb.vc_custom_1721833873100{padding-top: 80px !important;padding-bottom: 60px !important;}\u00a0\u00bb][vc_column offset=\u00a0\u00bbvc_col-lg-6 [&hellip;]<\/p>\n","protected":false},"author":1,"featured_media":0,"parent":0,"menu_order":0,"comment_status":"closed","ping_status":"closed","template":"full-width.php","meta":{"om_disable_all_campaigns":false,"_monsterinsights_skip_tracking":false,"_monsterinsights_sitenote_active":false,"_monsterinsights_sitenote_note":"","_monsterinsights_sitenote_category":0,"footnotes":""},"class_list":["post-6759","page","type-page","status-publish","hentry"],"aioseo_notices":[],"_links":{"self":[{"href":"https:\/\/www.simpedil.eu\/fr\/wp-json\/wp\/v2\/pages\/6759","targetHints":{"allow":["GET"]}}],"collection":[{"href":"https:\/\/www.simpedil.eu\/fr\/wp-json\/wp\/v2\/pages"}],"about":[{"href":"https:\/\/www.simpedil.eu\/fr\/wp-json\/wp\/v2\/types\/page"}],"author":[{"embeddable":true,"href":"https:\/\/www.simpedil.eu\/fr\/wp-json\/wp\/v2\/users\/1"}],"replies":[{"embeddable":true,"href":"https:\/\/www.simpedil.eu\/fr\/wp-json\/wp\/v2\/comments?post=6759"}],"version-history":[{"count":7,"href":"https:\/\/www.simpedil.eu\/fr\/wp-json\/wp\/v2\/pages\/6759\/revisions"}],"predecessor-version":[{"id":8612,"href":"https:\/\/www.simpedil.eu\/fr\/wp-json\/wp\/v2\/pages\/6759\/revisions\/8612"}],"wp:attachment":[{"href":"https:\/\/www.simpedil.eu\/fr\/wp-json\/wp\/v2\/media?parent=6759"}],"curies":[{"name":"wp","href":"https:\/\/api.w.org\/{rel}","templated":true}]}}