{"id":7183,"date":"2024-05-06T20:52:50","date_gmt":"2024-05-06T18:52:50","guid":{"rendered":"https:\/\/www.simpedil.eu\/kit-ricambi-originali\/"},"modified":"2024-10-24T12:40:48","modified_gmt":"2024-10-24T10:40:48","slug":"original-spare-parts","status":"publish","type":"page","link":"https:\/\/www.simpedil.eu\/es\/original-spare-parts\/","title":{"rendered":"ORIGINAL SPARE PARTS KIT"},"content":{"rendered":"<section class=\"wpb-content-wrapper\"><p>[vc_row disable_background_image=\u00bb1024&#8243; enable_background_svg=\u00bbyes\u00bb animated_text_position=\u00bbright\u00bb disable_animated_text=\u00bb\u00bb animated_text=\u00bbracing\u00bb animated_text_color=\u00bb#101010&#8243; simple_background_color=\u00bb#000000&#8243; el_class=\u00bbmkdf-row-margin-top\u00bb css=\u00bb.vc_custom_1719585235219{padding-top: 100px !important;}\u00bb][vc_column][vc_row_inner row_content_width=\u00bbgrid\u00bb][vc_column_inner css=\u00bb.vc_custom_1719585258753{padding-top: 0px !important;padding-bottom: 0px !important;}\u00bb]<div class=\"mkdf-elements-holder   mkdf-one-column  mkdf-responsive-mode-768 \" ><div class=\"mkdf-eh-item   mkdf-horizontal-alignment-center \"  data-item-class=\"mkdf-eh-custom-2134\">\n\t<div class=\"mkdf-eh-item-inner\">\n\t\t<div class=\"mkdf-eh-item-content mkdf-eh-custom-2134\" >\n\t\t\t[vc_column_text]<\/p>\n<h3 class=\"p1\" style=\"text-align: center;\"><span style=\"color: #ffffff;\"><b> AS M\u00c1QUINAS SIMPEDIL DESTACAM-SE PELA SUA QUALIDADE E EFICI\u00caNCIA, RESULTADO DA ALTA QUALIDADE DOS SEUS COMPONENTES. PARA MANTER UM DESEMPENHO EXCELENTE AO LONGO DO TEMPO, \u00c9 ESSENCIAL REALIZAR UMA MANUTEN\u00c7\u00c3O REGULAR UTILIZANDO APENAS PE\u00c7AS DE REPOSI\u00c7\u00c3O ORIGINAIS DA SIMPEDIL.<\/b><\/span><\/h3>\n<p>[\/vc_column_text][vc_empty_space]\t\t<\/div>\n\t<\/div>\n<\/div><\/div>[\/vc_column_inner][\/vc_row_inner][\/vc_column][\/vc_row][vc_row disable_background_image=\u00bb1024&#8243; enable_background_svg=\u00bbyes\u00bb animated_text_position=\u00bbright\u00bb disable_animated_text=\u00bb\u00bb animated_text=\u00bbracing\u00bb animated_text_color=\u00bb#101010&#8243; simple_background_color=\u00bb#000000&#8243; el_class=\u00bbmkdf-row-margin-top\u00bb animated_text_overlay_image=\u00bb2357&#8243; background_svg=\u00bbJTNDZGl2JTIwY2xhc3MlM0QlMjJta2RmLWFuaW1hdGVkLWJhY2tncm91bmQtc3ZnJTIyJTNFJTNDc3ZnJTIweG1sbnMlM0QlMjJodHRwJTNBJTJGJTJGd3d3LnczLm9yZyUyRjIwMDAlMkZzdmclMjIlMjB4bWxucyUzQXhsaW5rJTNEJTIyaHR0cCUzQSUyRiUyRnd3dy53My5vcmclMkYxOTk5JTJGeGxpbmslMjIlMjB4JTNEJTIyMHB4JTIyJTIweSUzRCUyMjBweCUyMiUyMHZpZXdCb3glM0QlMjIwJTIwMCUyMDE5MjAlMjA3MDAlMjIlMjBlbmFibGUtYmFja2dyb3VuZCUzRCUyMm5ldyUyMDAlMjAwJTIwMTkyMCUyMDcwMCUyMiUyMHhtbCUzQXNwYWNlJTNEJTIycHJlc2VydmUlMjIlM0UlMEElM0NwYXRoJTIwc3R5bGUlM0QlMjJmaWxsJTNBbm9uZSUzQnN0cm9rZSUzQXJlZCUzQnN0cm9rZS1taXRlcmxpbWl0JTNBMTAlMjIlMjBkJTNEJTIyTTAlMkMyNTcuNzhjMjMuMjYlMkMwLjYzJTJDNDcuMzYlMkMyLjIzJTJDNzIuNiUyQzQuOGM0My41MSUyQzQuNDglMkM4NC4yNCUyQzExLjE2JTJDMTIxLjA3JTJDMTkuODQlMEElMDljNDEuNTYlMkM5LjglMkM3OS45MiUyQzIyLjU2JTJDMTE0LjAyJTJDMzcuOTNjMTguNCUyQzguMjQlMkMzNi4zOCUyQzE3LjUzJTJDNTQuOTklMkMyOC4zOGM2OS40NiUyQzQwLjUzJTJDMTI4LjA1JTJDOTMuMjglMkMxODQuNzElMkMxNDQuMyUwQSUwOWM0OS40NyUyQzQ0LjU0JTJDMTAwLjYzJTJDOTAuNiUyQzE1OC42NSUyQzEyOC4xMmM0My4zMyUyQzI4LjAyJTJDODUuNTIlMkM0Ni42NSUyQzEyNS40MSUyQzU1LjM5YzI0LjkxJTJDNS40NiUyQzQ5LjE5JTJDNy4xNCUyQzcyLjE3JTJDNSUwQSUwOWM4NC45LTguMDUlMkMxNTMuNjgtNjYuODIlMkMyMDguOTQtMTE0LjA1Yzc2LjcxLTY1LjM3JTJDMTUyLjg5LTEyNi42OCUyQzIyNi40LTE4Mi4yM2M0OS0zNi45OCUyQzk3LjE2LTcyLjMzJTJDMTQzLjc0LTEwNi41MmwwLjA5LTAuMDYlMEElMDljMTguNjMtMTMuNjclMkMzNy44OS0yNy44MSUyQzU2Ljg1LTQxLjc5YzE4Ljg5LTEzLjkzJTJDNDEuNS0yOS40NSUyQzY2LjA1LTM4Ljg5YzEzLTUlMkMyNS43NC03Ljk1JTJDMzcuODctOC43NyUwQSUwOWMxMy43My0wLjkzJTJDMjcuMjIlMkMwLjgzJTJDNDAuMTElMkM1LjIyYzI2LjklMkM5LjE1JTJDNDcuODMlMkMyOC4wNyUyQzYzLjk5JTJDNTcuODRjMTQuMiUyQzI2LjE2JTJDMjIuMzMlMkM1Ni4yNSUyQzI4LjgzJTJDODIuMzklMEElMDljMzAuNzUlMkMxMjQuNiUyQzc0LjUlMkMyMTcuMDQlMkMxMzcuNjclMkMyOTAuOTFjMS45MiUyQzIuMjQlMkMzLjg2JTJDNC40NyUyQzUuODQlMkM2LjY5JTIyJTJGJTNFJTBBJTNDJTJGc3ZnJTNFJTNDJTJGZGl2JTNF\u00bb][vc_column css=\u00bb.vc_custom_1719585101894{margin-bottom: -150px !important;border-bottom-width: -70px !important;padding-top: 0px !important;padding-bottom: 0px !important;}\u00bb][vc_row_inner row_content_width=\u00bbgrid\u00bb][vc_column_inner css=\u00bb.vc_custom_1567499344778{padding-top: 0px !important;padding-bottom: 0px !important;}\u00bb]<div class=\"mkdf-elements-holder   mkdf-one-column  mkdf-responsive-mode-768 \" ><div class=\"mkdf-eh-item    \"  data-item-class=\"mkdf-eh-custom-6884\" data-1400-1600=\"195px 0 238px\" data-1025-1399=\"183px 0 227px\" data-769-1024=\"160px 0 150px\" data-681-768=\"144px 0 150px\" data-680=\"105px 0 150px\">\n\t<div class=\"mkdf-eh-item-inner\">\n\t\t<div class=\"mkdf-eh-item-content mkdf-eh-custom-6884\" style=\"padding: 195px 0 238px\">\n\t\t\t<div class=\"mkdf-item-showcase-specific-holder  mkdf-iss-text-left mkdf-light-skin mkdf-has-appear-animation\">\n\t<div class=\"mkdf-iss-content\">\n\t\t<div class=\"mkdf-iss-info-section\">\n\t\t\t\t\t\t\t<span class=\"mkdf-iss-tagline\" >Original Spare Parts Kit<\/span>\n\t\t\t\t\t\t\t\t\t\t<h2 class=\"mkdf-iss-title\" style=\"color: #ffffff\">\n\t\t\t\t\t\u00bfPor qu\u00e9 elegir los kits de repuestos originales Simpedil?\t\t\t\t<\/h2>\n\t\t\t\t\t\t\t\t\t\t<p class=\"mkdf-is-text\" style=\"color: #b2b2b2\">\u2022 M\u00e1rgenes de venta ventajosos: Mayor ganancia en cada producto vendido.&lt;br \/&gt;\n\u2022 Fiabilidad del producto: Venta de m\u00e1quinas de alta calidad, 100% fabricadas en Italia.&lt;br \/&gt;\n\u2022 Promociones exclusivas: Descuentos, regalos y productos personalizados para aumentar las ventas y fidelizar a los clientes.&lt;br \/&gt;\n\u2022 Apoyo constante en marketing: Campa\u00f1as digitales dirigidas, estrategias de marketing inbound y automatizaci\u00f3n de marketing para alcanzar los objetivos empresariales.&lt;br \/&gt;\n\u2022 Garant\u00eda de rendimiento: Nuestros kits est\u00e1n dise\u00f1ados para satisfacer las necesidades espec\u00edficas de los profesionales de la construcci\u00f3n, garantizando un rendimiento \u00f3ptimo y una vida \u00fatil m\u00e1s larga de la m\u00e1quina.&lt;br \/&gt;\n\u2022 Prevenci\u00f3n de fallos: Reemplazar regularmente los componentes desgastados previene fallos inesperados, asegurando un flujo de trabajo continuo e ininterrumpido.&lt;br \/&gt;\n\u2022 Ahorro: Invertir en repuestos originales significa ahorrar en costos de reparaci\u00f3n y reemplazo de m\u00e1quinas a largo plazo.<\/p>\n\t\t\t\t\t\t\t\t\t\t<\/div>\n\t\t<div class=\"mkdf-iss-media-section\">\n\t\t\t<div class=\"mkdf-iss-al-and-si-holder\">\n\t\t\t\t<div class=\"mkdf-iss-additional-link-holder\">\n\t\t\t\t\t\t\t\t\t<\/div>\n\t\t\t\t<div class=\"mkdf-iss-second-image-holder\">\n\t\t\t\t\t\t\t\t\t<\/div>\n\t\t\t<\/div>\n\t\t\t<div class=\"mkdf-iss-main-image-holder\">\n\t\t\t\t<img loading=\"lazy\" decoding=\"async\" width=\"1979\" height=\"1700\" src=\"https:\/\/www.simpedil.eu\/wp-content\/uploads\/2024\/05\/combo-valigette.png\" class=\"attachment-full size-full\" alt=\"\" style=\"transform: scale(1.4)\" srcset=\"https:\/\/www.simpedil.eu\/wp-content\/uploads\/2024\/05\/combo-valigette.png 1979w, https:\/\/www.simpedil.eu\/wp-content\/uploads\/2024\/05\/combo-valigette-300x258.png 300w, https:\/\/www.simpedil.eu\/wp-content\/uploads\/2024\/05\/combo-valigette-1024x880.png 1024w, https:\/\/www.simpedil.eu\/wp-content\/uploads\/2024\/05\/combo-valigette-768x660.png 768w, https:\/\/www.simpedil.eu\/wp-content\/uploads\/2024\/05\/combo-valigette-1536x1319.png 1536w, https:\/\/www.simpedil.eu\/wp-content\/uploads\/2024\/05\/combo-valigette-600x515.png 600w\" sizes=\"auto, (max-width: 1979px) 100vw, 1979px\" \/>\t\t\t<\/div>\n\t\t\t<div class=\"mkdf-iss-icon-holder\">\n\t\t\t\t\t\t\t<\/div>\n\t\t<\/div>\n\t<\/div>\n<\/div>\t\t<\/div>\n\t<\/div>\n<\/div><\/div>[vc_empty_space height=\u00bb40px\u00bb][\/vc_column_inner][\/vc_row_inner][\/vc_column][\/vc_row][vc_row disable_background_image=\u00bb\u00bb css=\u00bb.vc_custom_1569325891658{padding-top: 119px !important;padding-bottom: 82px !important;}\u00bb simple_background_color=\u00bb#000000&#8243;][vc_column css=\u00bb.vc_custom_1716473480464{margin-top: -100px !important;margin-bottom: -150px !important;}\u00bb][vc_empty_space height=\u00bb40px\u00bb][vc_row_inner row_content_width=\u00bbgrid\u00bb content_text_aligment=\u00bbleft\u00bb][vc_column_inner offset=\u00bbvc_col-lg-4 vc_col-md-6 vc_col-xs-12&#8243;]<div class=\"mkdf-pie-chart-holder \">\n\t<div class=\"mkdf-pc-percentage\" data-percent=\"19\" data-bar-color=\"#ed1d24\">\n\t\t<span class=\"mkdf-pc-percent\" style=\"color: #ffffff\">19<\/span>\n\t<\/div>\n\t\t\t<div class=\"mkdf-pc-text-holder\">\n\t\t\t\t\t\t\t<h4 class=\"mkdf-pc-title\" style=\"color: #ffffff\">MENOS RENDIMIENTO Y PRODUCTIVIDAD DIARIA<\/h4>\n\t\t\t\t\t\t\t\t<\/div>\n\t<\/div>[vc_empty_space height=\u00bb40px\u00bb][\/vc_column_inner][vc_column_inner offset=\u00bbvc_col-lg-4 vc_col-md-6 vc_col-xs-12&#8243;]<div class=\"mkdf-pie-chart-holder \">\n\t<div class=\"mkdf-pc-percentage\" data-percent=\"42\" data-bar-color=\"#ed1d24\">\n\t\t<span class=\"mkdf-pc-percent\" style=\"color: #ffffff\">42<\/span>\n\t<\/div>\n\t\t\t<div class=\"mkdf-pc-text-holder\">\n\t\t\t\t\t\t\t<h4 class=\"mkdf-pc-title\" style=\"color: #ffffff\">MAYOR ESFUERZO DEL MOTOR Y DESGASTE MEC\u00c1NICO<\/h4>\n\t\t\t\t\t\t\t\t<\/div>\n\t<\/div>[vc_empty_space height=\u00bb40px\u00bb][\/vc_column_inner][vc_column_inner offset=\u00bbvc_col-lg-4 vc_col-md-6 vc_col-xs-12&#8243;]<div class=\"mkdf-pie-chart-holder \">\n\t<div class=\"mkdf-pc-percentage\" data-percent=\"15\" data-bar-color=\"#ed1d24\">\n\t\t<span class=\"mkdf-pc-percent\" style=\"color: #ffffff\">15<\/span>\n\t<\/div>\n\t\t\t<div class=\"mkdf-pc-text-holder\">\n\t\t\t\t\t\t\t<h4 class=\"mkdf-pc-title\" style=\"color: #ffffff\">M\u00c1S CONSUMO DE ENERG\u00cdA EL\u00c9CTRICA<\/h4>\n\t\t\t\t\t\t\t\t<\/div>\n\t<\/div>[\/vc_column_inner][\/vc_row_inner][vc_empty_space height=\u00bb40px\u00bb][\/vc_column][\/vc_row][vc_row disable_background_image=\u00bb1024&#8243; enable_background_svg=\u00bbyes\u00bb animated_text_position=\u00bbright\u00bb disable_animated_text=\u00bb\u00bb animated_text=\u00bbracing\u00bb animated_text_color=\u00bb#101010&#8243; simple_background_color=\u00bb#000000&#8243; el_class=\u00bbmkdf-row-margin-top\u00bb css=\u00bb.vc_custom_1714982762415{padding-top: 100px !important;padding-bottom: 100px !important;}\u00bb][vc_column css=\u00bb.vc_custom_1719586094963{padding-top: 0px !important;padding-bottom: 0px !important;}\u00bb][vc_row_inner row_content_width=\u00bbgrid\u00bb][vc_column_inner css=\u00bb.vc_custom_1567499344778{padding-top: 0px !important;padding-bottom: 0px !important;}\u00bb]<div class=\"mkdf-elements-holder   mkdf-one-column  mkdf-responsive-mode-768 \" ><div class=\"mkdf-eh-item   mkdf-horizontal-alignment-center \"  data-item-class=\"mkdf-eh-custom-8782\">\n\t<div class=\"mkdf-eh-item-inner\">\n\t\t<div class=\"mkdf-eh-item-content mkdf-eh-custom-8782\" >\n\t\t\t[vc_empty_space]<div class=\"mkdf-section-title-holder    mkdf-has-appear-animation\" style=\"text-align: center\">\n\t<div class=\"mkdf-st-inner\">\n\t\t\t\t\t\t<h3 class=\"mkdf-st-title\" style=\"color: #ffffff\">\n\t\t\t\t\t\t\t\t\tKIT DE RENDIMIENTO Y SIEMPRE ACTIVO:\t\t\t\t\t\t\t<\/h3>\n\t\t\t\t\t\t\t<\/div>\n<\/div>[vc_column_text]<\/p>\n<p class=\"p1\">\u2022<b>Kit de Rendimiento<\/b>: Adecuado para el reemplazo peri\u00f3dico de las cuchillas y maximizar el ciclo de vida de la m\u00e1quina. Recomendamos reemplazar los consumibles cada 600 horas de trabajo.<\/p>\n<p class=\"p1\">\u2022<b>Kit Siempre Activo<\/b>: Un kit completo de repuestos originales siempre a mano para prevenir paradas inesperadas en el sitio de trabajo.<\/p>\n<p>[\/vc_column_text][vc_empty_space height=\u00bb100px\u00bb]\t\t<\/div>\n\t<\/div>\n<\/div><\/div>[\/vc_column_inner][\/vc_row_inner][vc_row_inner row_content_width=\u00bbgrid\u00bb][vc_column_inner css=\u00bb.vc_custom_1567499344778{padding-top: 0px !important;padding-bottom: 0px !important;}\u00bb]<div class=\"mkdf-elements-holder   mkdf-one-column  mkdf-responsive-mode-768 \" ><div class=\"mkdf-eh-item   mkdf-horizontal-alignment-center \"  data-item-class=\"mkdf-eh-custom-2960\">\n\t<div class=\"mkdf-eh-item-inner\">\n\t\t<div class=\"mkdf-eh-item-content mkdf-eh-custom-2960\" >\n\t\t\t<div class=\"mkdf-section-title-holder    mkdf-has-appear-animation\" style=\"text-align: center\">\n\t<div class=\"mkdf-st-inner\">\n\t\t\t\t\t\t<h3 class=\"mkdf-st-title\" style=\"color: #ffffff\">\n\t\t\t\t\t\t\t\t\t\u00bfQu\u00e9 contienen los kits de repuestos originales Simpedil?\t\t\t\t\t\t\t<\/h3>\n\t\t\t\t\t\t\t<\/div>\n<\/div>[vc_column_text]<\/p>\n<p class=\"p1\">Cada kit de repuestos originales Simpedil se entrega en un estuche resistente a impactos y al desgaste, garantizando la seguridad y protecci\u00f3n de los componentes. Dentro del estuche, encontrar\u00e1s una selecci\u00f3n precisa de piezas de repuesto esenciales para el mantenimiento, presentadas en bolsas protectoras selladas al vac\u00edo. Los kits est\u00e1n disponibles para una amplia gama de categor\u00edas, incluyendo m\u00e1quinas de corte, m\u00e1quinas de doblado, m\u00e1quinas combinadas y estribadoras, y contienen todo lo necesario para mantener tus m\u00e1quinas Simpedil en su m\u00e1ximo rendimiento: cuchillas de repuesto, tornillos, placa gu\u00eda con tornillos e inserto, medias lunas y un kit de resortes.<\/p>\n<p>[\/vc_column_text][vc_empty_space height=\u00bb100px\u00bb]\t\t<\/div>\n\t<\/div>\n<\/div><\/div>[\/vc_column_inner][\/vc_row_inner][\/vc_column][\/vc_row]<\/p>\n<\/section>","protected":false},"excerpt":{"rendered":"<p>[vc_row disable_background_image=\u00bb1024&#8243; enable_background_svg=\u00bbyes\u00bb animated_text_position=\u00bbright\u00bb disable_animated_text=\u00bb\u00bb animated_text=\u00bbracing\u00bb animated_text_color=\u00bb#101010&#8243; simple_background_color=\u00bb#000000&#8243; el_class=\u00bbmkdf-row-margin-top\u00bb css=\u00bb.vc_custom_1719585235219{padding-top: 100px !important;}\u00bb][vc_column][vc_row_inner row_content_width=\u00bbgrid\u00bb][vc_column_inner css=\u00bb.vc_custom_1719585258753{padding-top: 0px !important;padding-bottom: 0px !important;}\u00bb][\/vc_column_inner][\/vc_row_inner][\/vc_column][\/vc_row][vc_row disable_background_image=\u00bb1024&#8243; enable_background_svg=\u00bbyes\u00bb animated_text_position=\u00bbright\u00bb disable_animated_text=\u00bb\u00bb animated_text=\u00bbracing\u00bb animated_text_color=\u00bb#101010&#8243; simple_background_color=\u00bb#000000&#8243; el_class=\u00bbmkdf-row-margin-top\u00bb animated_text_overlay_image=\u00bb2357&#8243; background_svg=\u00bbJTNDZGl2JTIwY2xhc3MlM0QlMjJta2RmLWFuaW1hdGVkLWJhY2tncm91bmQtc3ZnJTIyJTNFJTNDc3ZnJTIweG1sbnMlM0QlMjJodHRwJTNBJTJGJTJGd3d3LnczLm9yZyUyRjIwMDAlMkZzdmclMjIlMjB4bWxucyUzQXhsaW5rJTNEJTIyaHR0cCUzQSUyRiUyRnd3dy53My5vcmclMkYxOTk5JTJGeGxpbmslMjIlMjB4JTNEJTIyMHB4JTIyJTIweSUzRCUyMjBweCUyMiUyMHZpZXdCb3glM0QlMjIwJTIwMCUyMDE5MjAlMjA3MDAlMjIlMjBlbmFibGUtYmFja2dyb3VuZCUzRCUyMm5ldyUyMDAlMjAwJTIwMTkyMCUyMDcwMCUyMiUyMHhtbCUzQXNwYWNlJTNEJTIycHJlc2VydmUlMjIlM0UlMEElM0NwYXRoJTIwc3R5bGUlM0QlMjJmaWxsJTNBbm9uZSUzQnN0cm9rZSUzQXJlZCUzQnN0cm9rZS1taXRlcmxpbWl0JTNBMTAlMjIlMjBkJTNEJTIyTTAlMkMyNTcuNzhjMjMuMjYlMkMwLjYzJTJDNDcuMzYlMkMyLjIzJTJDNzIuNiUyQzQuOGM0My41MSUyQzQuNDglMkM4NC4yNCUyQzExLjE2JTJDMTIxLjA3JTJDMTkuODQlMEElMDljNDEuNTYlMkM5LjglMkM3OS45MiUyQzIyLjU2JTJDMTE0LjAyJTJDMzcuOTNjMTguNCUyQzguMjQlMkMzNi4zOCUyQzE3LjUzJTJDNTQuOTklMkMyOC4zOGM2OS40NiUyQzQwLjUzJTJDMTI4LjA1JTJDOTMuMjglMkMxODQuNzElMkMxNDQuMyUwQSUwOWM0OS40NyUyQzQ0LjU0JTJDMTAwLjYzJTJDOTAuNiUyQzE1OC42NSUyQzEyOC4xMmM0My4zMyUyQzI4LjAyJTJDODUuNTIlMkM0Ni42NSUyQzEyNS40MSUyQzU1LjM5YzI0LjkxJTJDNS40NiUyQzQ5LjE5JTJDNy4xNCUyQzcyLjE3JTJDNSUwQSUwOWM4NC45LTguMDUlMkMxNTMuNjgtNjYuODIlMkMyMDguOTQtMTE0LjA1Yzc2LjcxLTY1LjM3JTJDMTUyLjg5LTEyNi42OCUyQzIyNi40LTE4Mi4yM2M0OS0zNi45OCUyQzk3LjE2LTcyLjMzJTJDMTQzLjc0LTEwNi41MmwwLjA5LTAuMDYlMEElMDljMTguNjMtMTMuNjclMkMzNy44OS0yNy44MSUyQzU2Ljg1LTQxLjc5YzE4Ljg5LTEzLjkzJTJDNDEuNS0yOS40NSUyQzY2LjA1LTM4Ljg5YzEzLTUlMkMyNS43NC03Ljk1JTJDMzcuODctOC43NyUwQSUwOWMxMy43My0wLjkzJTJDMjcuMjIlMkMwLjgzJTJDNDAuMTElMkM1LjIyYzI2LjklMkM5LjE1JTJDNDcuODMlMkMyOC4wNyUyQzYzLjk5JTJDNTcuODRjMTQuMiUyQzI2LjE2JTJDMjIuMzMlMkM1Ni4yNSUyQzI4LjgzJTJDODIuMzklMEElMDljMzAuNzUlMkMxMjQuNiUyQzc0LjUlMkMyMTcuMDQlMkMxMzcuNjclMkMyOTAuOTFjMS45MiUyQzIuMjQlMkMzLjg2JTJDNC40NyUyQzUuODQlMkM2LjY5JTIyJTJGJTNFJTBBJTNDJTJGc3ZnJTNFJTNDJTJGZGl2JTNF\u00bb][vc_column css=\u00bb.vc_custom_1719585101894{margin-bottom: -150px !important;border-bottom-width: -70px !important;padding-top: 0px !important;padding-bottom: 0px !important;}\u00bb][vc_row_inner row_content_width=\u00bbgrid\u00bb][vc_column_inner css=\u00bb.vc_custom_1567499344778{padding-top: 0px !important;padding-bottom: 0px !important;}\u00bb][vc_empty_space height=\u00bb40px\u00bb][\/vc_column_inner][\/vc_row_inner][\/vc_column][\/vc_row][vc_row disable_background_image=\u00bb\u00bb css=\u00bb.vc_custom_1569325891658{padding-top: 119px !important;padding-bottom: 82px !important;}\u00bb simple_background_color=\u00bb#000000&#8243;][vc_column [&hellip;]<\/p>\n","protected":false},"author":4,"featured_media":0,"parent":0,"menu_order":0,"comment_status":"closed","ping_status":"closed","template":"full-width.php","meta":{"om_disable_all_campaigns":false,"_monsterinsights_skip_tracking":false,"_monsterinsights_sitenote_active":false,"_monsterinsights_sitenote_note":"","_monsterinsights_sitenote_category":0,"footnotes":""},"class_list":["post-7183","page","type-page","status-publish","hentry"],"aioseo_notices":[],"_links":{"self":[{"href":"https:\/\/www.simpedil.eu\/es\/wp-json\/wp\/v2\/pages\/7183","targetHints":{"allow":["GET"]}}],"collection":[{"href":"https:\/\/www.simpedil.eu\/es\/wp-json\/wp\/v2\/pages"}],"about":[{"href":"https:\/\/www.simpedil.eu\/es\/wp-json\/wp\/v2\/types\/page"}],"author":[{"embeddable":true,"href":"https:\/\/www.simpedil.eu\/es\/wp-json\/wp\/v2\/users\/4"}],"replies":[{"embeddable":true,"href":"https:\/\/www.simpedil.eu\/es\/wp-json\/wp\/v2\/comments?post=7183"}],"version-history":[{"count":8,"href":"https:\/\/www.simpedil.eu\/es\/wp-json\/wp\/v2\/pages\/7183\/revisions"}],"predecessor-version":[{"id":8934,"href":"https:\/\/www.simpedil.eu\/es\/wp-json\/wp\/v2\/pages\/7183\/revisions\/8934"}],"wp:attachment":[{"href":"https:\/\/www.simpedil.eu\/es\/wp-json\/wp\/v2\/media?parent=7183"}],"curies":[{"name":"wp","href":"https:\/\/api.w.org\/{rel}","templated":true}]}}