{"id":7143,"date":"2024-05-06T20:59:05","date_gmt":"2024-05-06T18:59:05","guid":{"rendered":"https:\/\/www.simpedil.eu\/ofmer-owner-club\/"},"modified":"2024-10-03T15:00:11","modified_gmt":"2024-10-03T13:00:11","slug":"simpedil-owner-club","status":"publish","type":"page","link":"https:\/\/www.simpedil.eu\/es\/simpedil-owner-club\/","title":{"rendered":"SIMPEDIL OWNER CLUB"},"content":{"rendered":"<section class=\"wpb-content-wrapper\"><p>[vc_row disable_background_image=\u00bb1024&#8243; enable_background_svg=\u00bbyes\u00bb animated_text_position=\u00bbright\u00bb disable_animated_text=\u00bb\u00bb animated_text=\u00bbracing\u00bb animated_text_color=\u00bb#101010&#8243; simple_background_color=\u00bb#000000&#8243; el_class=\u00bbmkdf-row-margin-top\u00bb css=\u00bb.vc_custom_1714982762415{padding-top: 100px !important;padding-bottom: 100px !important;}\u00bb][vc_column css=\u00bb.vc_custom_1568717806229{padding-top: 0px !important;padding-bottom: 0px !important;}\u00bb][vc_row_inner row_content_width=\u00bbgrid\u00bb][vc_column_inner css=\u00bb.vc_custom_1716473700704{margin-bottom: -100px !important;padding-top: 0px !important;padding-bottom: 0px !important;}\u00bb]<div class=\"mkdf-elements-holder   mkdf-one-column  mkdf-responsive-mode-768 \" ><div class=\"mkdf-eh-item   mkdf-horizontal-alignment-center \"  data-item-class=\"mkdf-eh-custom-5775\">\n\t<div class=\"mkdf-eh-item-inner\">\n\t\t<div class=\"mkdf-eh-item-content mkdf-eh-custom-5775\" >\n\t\t\t[vc_column_text]<\/p>\n<h3 style=\"text-align: center;\"><span style=\"color: #ffffff;\"><strong>Al convertirse en cliente de Simpedil, puede formar parte del programa de fidelidad del Simpedil Owner Club.<\/strong><\/span><\/h3>\n<h4 style=\"text-align: center;\"><span style=\"color: #ffffff;\"><strong>Este club fue creado para ofrecer a los clientes una serie de beneficios personalizados adaptados a sus necesidades.<\/strong><\/span><\/h4>\n<p>[\/vc_column_text]\t\t<\/div>\n\t<\/div>\n<\/div><\/div>[\/vc_column_inner][\/vc_row_inner][\/vc_column][\/vc_row][vc_row disable_background_image=\u00bb\u00bb][vc_column]<div class=\"mkdf-elements-holder   mkdf-one-column  mkdf-responsive-mode-768 \" ><div class=\"mkdf-eh-item   mkdf-horizontal-alignment-center \"  data-item-class=\"mkdf-eh-custom-2682\">\n\t<div class=\"mkdf-eh-item-inner\">\n\t\t<div class=\"mkdf-eh-item-content mkdf-eh-custom-2682\" >\n\t\t\t[vc_empty_space height=\u00bb50px\u00bb]<a itemprop=\"url\" href=\"http:\/\/25859542.hs-sites-eu1.com\/simpedil-owner-club-warranty\" target=\"_blank\"  class=\"mkdf-btn mkdf-btn-medium mkdf-btn-predefined\"  >\n            <span class=\"mkdf-btn-predefined-line-holder\">\n            <span class=\"mkdf-btn-line-hidden\"><\/span>\n            <span class=\"mkdf-btn-text\">Registre su m\u00e1quina<\/span>\n\t        <span class=\"mkdf-btn-line\"><\/span>\n            <i class=\"mkdf-btn-predefined-icon mkdf-icon-ion-icon ion-ios-play \"><\/i>\n        <\/span>\n    <\/a>[vc_empty_space height=\u00bb50px\u00bb]\t\t<\/div>\n\t<\/div>\n<\/div><\/div>[\/vc_column][\/vc_row][vc_row disable_background_image=\u00bb\u00bb css=\u00bb.vc_custom_1570546487736{background-image: url(https:\/\/grandprix.qodeinteractive.com\/wp-content\/uploads\/2019\/09\/h3-bck-img-4.png?id=1591) !important;background-position: center !important;background-repeat: no-repeat !important;background-size: cover !important;}\u00bb simple_background_color=\u00bb#000000&#8243;][vc_column css=\u00bb.vc_custom_1568724725566{padding-top: 0px !important;}\u00bb][vc_row_inner row_content_width=\u00bbgrid\u00bb][vc_column_inner width=\u00bb1\/4&#8243;]<div class=\"mkdf-elements-holder   mkdf-four-columns  mkdf-responsive-mode-1024 \" ><div class=\"mkdf-eh-item    \"  data-item-class=\"mkdf-eh-custom-2474\" data-1025-1399=\"154px 15px 6px 0px\" data-769-1024=\"154px 0px 0px 8px\" data-681-768=\"154px 0px 0px 8px\" data-680=\"154px 0px 0px 8px\">\n\t<div class=\"mkdf-eh-item-inner\">\n\t\t<div class=\"mkdf-eh-item-content mkdf-eh-custom-2474\" style=\"padding: 154px 15px 6px 0px\">\n\t\t\t<div class=\"mkdf-iwt clearfix  mkdf-iwt-icon-left mkdf-iwt-icon-medium mkdf-has-appear-animation\">\n\t\t\t\t\t\t<div class=\"mkdf-iwt-icon\">\n\t\t\t\t\t\t\t\t\t\t\t\t\t\t\t<img loading=\"lazy\" decoding=\"async\" width=\"50\" height=\"50\" src=\"https:\/\/www.simpedil.eu\/wp-content\/uploads\/2024\/05\/OFMER_ICON-04.png\" class=\"attachment-full size-full\" alt=\"\" \/>\t\t\t\t\t\n\t\t\t\t\t\t\t\t<\/div>\n\t\t\t<div class=\"mkdf-iwt-content\" style=\"padding-left: 25px\">\n\t\t\t\t\t\t\t\t<h4 class=\"mkdf-iwt-title\" style=\"color: #ffffff\">\n\t\t\t\t\t<span class=\"mkdf-iwt-title-text\">CONTENIDOS PERSONALIZADOS:<\/span>\n\t\t\t<\/h4>\n\t\t\t\t\t\t\t\t\t<p class=\"mkdf-iwt-text\" style=\"color: #b2b2b2;margin-top: 12px\">Acceso a una amplia gama de contenidos personalizados dise\u00f1ados espec\u00edficamente para las necesidades profesionales de los clientes.<\/p>\n\t\t\t\t\t<\/div>\n\t\t\t<\/div>\n[vc_empty_space height=\u00bb60px\u00bb]\t\t<\/div>\n\t<\/div>\n<\/div><\/div>[\/vc_column_inner][vc_column_inner width=\u00bb1\/4&#8243;]<div class=\"mkdf-elements-holder   mkdf-four-columns  mkdf-responsive-mode-1024 \" ><div class=\"mkdf-eh-item    \"  data-item-class=\"mkdf-eh-custom-3159\">\n\t<div class=\"mkdf-eh-item-inner\">\n\t\t<div class=\"mkdf-eh-item-content mkdf-eh-custom-3159\" style=\"padding: 154px 15px 6px 0px\">\n\t\t\t<div class=\"mkdf-iwt clearfix  mkdf-iwt-icon-left mkdf-iwt-icon-medium mkdf-has-appear-animation\">\n\t\t\t\t\t\t<div class=\"mkdf-iwt-icon\">\n\t\t\t\t\t\t\t\t\t\t\t\t\t\t\t<img loading=\"lazy\" decoding=\"async\" width=\"50\" height=\"50\" src=\"https:\/\/www.simpedil.eu\/wp-content\/uploads\/2024\/05\/OFMER_ICON-03.png\" class=\"attachment-full size-full\" alt=\"\" \/>\t\t\t\t\t\n\t\t\t\t\t\t\t\t<\/div>\n\t\t\t<div class=\"mkdf-iwt-content\" style=\"padding-left: 25px\">\n\t\t\t\t\t\t\t\t<h4 class=\"mkdf-iwt-title\" style=\"color: #ffffff\">\n\t\t\t\t\t<span class=\"mkdf-iwt-title-text\">Garant\u00edas de la m\u00e1quina:<\/span>\n\t\t\t<\/h4>\n\t\t\t\t\t\t\t\t\t<p class=\"mkdf-iwt-text\" style=\"color: #b2b2b2;margin-top: 12px\">M\u00e1xima seguridad con nuestras garant\u00edas de m\u00e1quina para un rendimiento fiable y duradero.<\/p>\n\t\t\t\t\t<\/div>\n\t\t\t<\/div>\n[vc_empty_space height=\u00bb60px\u00bb]\t\t<\/div>\n\t<\/div>\n<\/div><\/div>[\/vc_column_inner][vc_column_inner width=\u00bb1\/4&#8243;]<div class=\"mkdf-elements-holder   mkdf-four-columns  mkdf-responsive-mode-1024 \" ><div class=\"mkdf-eh-item    \"  data-item-class=\"mkdf-eh-custom-2981\">\n\t<div class=\"mkdf-eh-item-inner\">\n\t\t<div class=\"mkdf-eh-item-content mkdf-eh-custom-2981\" style=\"padding: 154px 15px 6px 0px\">\n\t\t\t<div class=\"mkdf-iwt clearfix  mkdf-iwt-icon-left mkdf-iwt-icon-medium mkdf-has-appear-animation\">\n\t\t\t\t\t\t<div class=\"mkdf-iwt-icon\">\n\t\t\t\t\t\t\t\t\t\t\t\t\t\t\t<img loading=\"lazy\" decoding=\"async\" width=\"50\" height=\"50\" src=\"https:\/\/www.simpedil.eu\/wp-content\/uploads\/2024\/05\/OFMER_ICON-02.png\" class=\"attachment-full size-full\" alt=\"\" \/>\t\t\t\t\t\n\t\t\t\t\t\t\t\t<\/div>\n\t\t\t<div class=\"mkdf-iwt-content\" style=\"padding-left: 25px\">\n\t\t\t\t\t\t\t\t<h4 class=\"mkdf-iwt-title\" style=\"color: #ffffff\">\n\t\t\t\t\t<span class=\"mkdf-iwt-title-text\">Gesti\u00f3n de la atenci\u00f3n preferente:<\/span>\n\t\t\t<\/h4>\n\t\t\t\t\t\t\t\t\t<p class=\"mkdf-iwt-text\" style=\"color: #b2b2b2;margin-top: 12px\">Posibilidad de solicitar asistencia directamente in situ, garantizando una intervenci\u00f3n r\u00e1pida para no interrumpir el flujo de trabajo.<\/p>\n\t\t\t\t\t<\/div>\n\t\t\t<\/div>\n[vc_empty_space height=\u00bb60px\u00bb]\t\t<\/div>\n\t<\/div>\n<\/div><\/div>[\/vc_column_inner][vc_column_inner width=\u00bb1\/4&#8243;]<div class=\"mkdf-elements-holder   mkdf-four-columns  mkdf-responsive-mode-1024 \" ><div class=\"mkdf-eh-item    \"  data-item-class=\"mkdf-eh-custom-2880\">\n\t<div class=\"mkdf-eh-item-inner\">\n\t\t<div class=\"mkdf-eh-item-content mkdf-eh-custom-2880\" style=\"padding: 154px 15px 6px 0px\">\n\t\t\t<div class=\"mkdf-iwt clearfix  mkdf-iwt-icon-left mkdf-iwt-icon-medium mkdf-has-appear-animation\">\n\t\t\t\t\t\t<div class=\"mkdf-iwt-icon\">\n\t\t\t\t\t\t\t\t\t\t\t\t\t\t\t<img loading=\"lazy\" decoding=\"async\" width=\"50\" height=\"50\" src=\"https:\/\/www.simpedil.eu\/wp-content\/uploads\/2024\/05\/OFMER_ICON-01.png\" class=\"attachment-full size-full\" alt=\"\" \/>\t\t\t\t\t\n\t\t\t\t\t\t\t\t<\/div>\n\t\t\t<div class=\"mkdf-iwt-content\" style=\"padding-left: 25px\">\n\t\t\t\t\t\t\t\t<h4 class=\"mkdf-iwt-title\" style=\"color: #ffffff\">\n\t\t\t\t\t<span class=\"mkdf-iwt-title-text\">Descuentos exclusivos:<\/span>\n\t\t\t<\/h4>\n\t\t\t\t\t\t\t\t\t<p class=\"mkdf-iwt-text\" style=\"color: #b2b2b2;margin-top: 12px\">Descuentos especiales durante todo el a\u00f1o en la compra de m\u00e1quinas y piezas de repuesto, reservados exclusivamente a los socios del club.<\/p>\n\t\t\t\t\t<\/div>\n\t\t\t<\/div>\n[vc_empty_space height=\u00bb60px\u00bb]\t\t<\/div>\n\t<\/div>\n<\/div><\/div>[\/vc_column_inner][\/vc_row_inner][\/vc_column][\/vc_row]<\/p>\n<\/section>","protected":false},"excerpt":{"rendered":"<p>[vc_row disable_background_image=\u00bb1024&#8243; enable_background_svg=\u00bbyes\u00bb animated_text_position=\u00bbright\u00bb disable_animated_text=\u00bb\u00bb animated_text=\u00bbracing\u00bb animated_text_color=\u00bb#101010&#8243; simple_background_color=\u00bb#000000&#8243; el_class=\u00bbmkdf-row-margin-top\u00bb css=\u00bb.vc_custom_1714982762415{padding-top: 100px !important;padding-bottom: 100px !important;}\u00bb][vc_column css=\u00bb.vc_custom_1568717806229{padding-top: 0px !important;padding-bottom: 0px !important;}\u00bb][vc_row_inner row_content_width=\u00bbgrid\u00bb][vc_column_inner css=\u00bb.vc_custom_1716473700704{margin-bottom: -100px !important;padding-top: 0px !important;padding-bottom: 0px !important;}\u00bb][\/vc_column_inner][\/vc_row_inner][\/vc_column][\/vc_row][vc_row disable_background_image=\u00bb\u00bb][vc_column][\/vc_column][\/vc_row][vc_row disable_background_image=\u00bb\u00bb css=\u00bb.vc_custom_1570546487736{background-image: url(https:\/\/grandprix.qodeinteractive.com\/wp-content\/uploads\/2019\/09\/h3-bck-img-4.png?id=1591) !important;background-position: center !important;background-repeat: no-repeat !important;background-size: cover !important;}\u00bb simple_background_color=\u00bb#000000&#8243;][vc_column css=\u00bb.vc_custom_1568724725566{padding-top: 0px !important;}\u00bb][vc_row_inner row_content_width=\u00bbgrid\u00bb][vc_column_inner width=\u00bb1\/4&#8243;][\/vc_column_inner][vc_column_inner width=\u00bb1\/4&#8243;][\/vc_column_inner][vc_column_inner width=\u00bb1\/4&#8243;][\/vc_column_inner][vc_column_inner width=\u00bb1\/4&#8243;][\/vc_column_inner][\/vc_row_inner][\/vc_column][\/vc_row]<\/p>\n","protected":false},"author":4,"featured_media":0,"parent":0,"menu_order":0,"comment_status":"closed","ping_status":"closed","template":"full-width.php","meta":{"om_disable_all_campaigns":false,"_monsterinsights_skip_tracking":false,"_monsterinsights_sitenote_active":false,"_monsterinsights_sitenote_note":"","_monsterinsights_sitenote_category":0,"footnotes":""},"class_list":["post-7143","page","type-page","status-publish","hentry"],"aioseo_notices":[],"_links":{"self":[{"href":"https:\/\/www.simpedil.eu\/es\/wp-json\/wp\/v2\/pages\/7143","targetHints":{"allow":["GET"]}}],"collection":[{"href":"https:\/\/www.simpedil.eu\/es\/wp-json\/wp\/v2\/pages"}],"about":[{"href":"https:\/\/www.simpedil.eu\/es\/wp-json\/wp\/v2\/types\/page"}],"author":[{"embeddable":true,"href":"https:\/\/www.simpedil.eu\/es\/wp-json\/wp\/v2\/users\/4"}],"replies":[{"embeddable":true,"href":"https:\/\/www.simpedil.eu\/es\/wp-json\/wp\/v2\/comments?post=7143"}],"version-history":[{"count":8,"href":"https:\/\/www.simpedil.eu\/es\/wp-json\/wp\/v2\/pages\/7143\/revisions"}],"predecessor-version":[{"id":8231,"href":"https:\/\/www.simpedil.eu\/es\/wp-json\/wp\/v2\/pages\/7143\/revisions\/8231"}],"wp:attachment":[{"href":"https:\/\/www.simpedil.eu\/es\/wp-json\/wp\/v2\/media?parent=7143"}],"curies":[{"name":"wp","href":"https:\/\/api.w.org\/{rel}","templated":true}]}}