{"id":7124,"date":"2024-05-05T15:21:45","date_gmt":"2024-05-05T13:21:45","guid":{"rendered":"https:\/\/www.simpedil.eu\/progettazione-di-soluzioni-innovative\/"},"modified":"2024-10-08T15:41:22","modified_gmt":"2024-10-08T13:41:22","slug":"diseno-de-soluciones-innovadoras","status":"publish","type":"page","link":"https:\/\/www.simpedil.eu\/es\/diseno-de-soluciones-innovadoras\/","title":{"rendered":"Producci\u00f3n"},"content":{"rendered":"<section class=\"wpb-content-wrapper\"><p>[vc_row disable_background_image=\u00bb1024&#8243; enable_background_svg=\u00bbyes\u00bb animated_text_position=\u00bbright\u00bb disable_animated_text=\u00bb\u00bb animated_text=\u00bbracing\u00bb animated_text_color=\u00bb#101010&#8243; simple_background_color=\u00bb#000000&#8243; el_class=\u00bbmkdf-row-margin-top\u00bb css=\u00bb.vc_custom_1715020666274{margin-bottom: 10px !important;padding-top: 100px !important;padding-bottom: 100px !important;}\u00bb][vc_column css=\u00bb.vc_custom_1716472979020{padding-top: 0px !important;padding-bottom: 0px !important;}\u00bb][vc_row_inner row_content_width=\u00bbgrid\u00bb][vc_column_inner css=\u00bb.vc_custom_1716472994662{margin-bottom: -50px !important;border-bottom-width: -70px !important;padding-top: 0px !important;padding-bottom: 0px !important;}\u00bb]<div class=\"mkdf-elements-holder   mkdf-one-column  mkdf-responsive-mode-768 \" ><div class=\"mkdf-eh-item   mkdf-horizontal-alignment-center \"  data-item-class=\"mkdf-eh-custom-3771\">\n\t<div class=\"mkdf-eh-item-inner\">\n\t\t<div class=\"mkdf-eh-item-content mkdf-eh-custom-3771\" >\n\t\t\t<div class=\"mkdf-section-title-holder    mkdf-has-appear-animation\" style=\"text-align: center\">\n\t<div class=\"mkdf-st-inner\">\n\t\t\t\t\t\t<h2 class=\"mkdf-st-title\" style=\"color: #ffffff\">\n\t\t\t\t\t\t\t\t\tTaller Mec\u00e1nico\t\t\t\t\t\t\t<\/h2>\n\t\t\t\t\t\t\t<\/div>\n<\/div>[vc_column_text]<\/p>\n<p class=\"p1\">Durante m\u00e1s de 40 a\u00f1os, Simpedil ha sido sin\u00f3nimo de excelencia en el sector. Nuestro taller, el coraz\u00f3n palpitante de la empresa, es un lugar donde el dise\u00f1o de soluciones innovadoras se fusiona con la maestr\u00eda artesanal, creando soluciones mec\u00e1nicas de la m\u00e1s alta calidad. Cada componente producido en nuestro taller es el resultado de un proceso riguroso que comienza con la selecci\u00f3n de materiales de primera calidad de proveedores certificados y culmina con verificaciones precisas para garantizar la fiabilidad y durabilidad a lo largo del tiempo.<\/p>\n<p>[\/vc_column_text][vc_empty_space height=\u00bb60px\u00bb]\t\t<\/div>\n\t<\/div>\n<\/div><\/div>[\/vc_column_inner][\/vc_row_inner][\/vc_column][\/vc_row][vc_row disable_background_image=\u00bb1024&#8243; enable_background_svg=\u00bbyes\u00bb animated_text_position=\u00bbright\u00bb disable_animated_text=\u00bb\u00bb animated_text=\u00bbracing\u00bb animated_text_color=\u00bb#101010&#8243; simple_background_color=\u00bb#000000&#8243; el_class=\u00bbmkdf-row-margin-top\u00bb animated_text_overlay_image=\u00bb2357&#8243; background_svg=\u00bbJTNDZGl2JTIwY2xhc3MlM0QlMjJta2RmLWFuaW1hdGVkLWJhY2tncm91bmQtc3ZnJTIyJTNFJTNDc3ZnJTIweG1sbnMlM0QlMjJodHRwJTNBJTJGJTJGd3d3LnczLm9yZyUyRjIwMDAlMkZzdmclMjIlMjB4bWxucyUzQXhsaW5rJTNEJTIyaHR0cCUzQSUyRiUyRnd3dy53My5vcmclMkYxOTk5JTJGeGxpbmslMjIlMjB4JTNEJTIyMHB4JTIyJTIweSUzRCUyMjBweCUyMiUyMHZpZXdCb3glM0QlMjIwJTIwMCUyMDE5MjAlMjA3MDAlMjIlMjBlbmFibGUtYmFja2dyb3VuZCUzRCUyMm5ldyUyMDAlMjAwJTIwMTkyMCUyMDcwMCUyMiUyMHhtbCUzQXNwYWNlJTNEJTIycHJlc2VydmUlMjIlM0UlMEElM0NwYXRoJTIwc3R5bGUlM0QlMjJmaWxsJTNBbm9uZSUzQnN0cm9rZSUzQXJlZCUzQnN0cm9rZS1taXRlcmxpbWl0JTNBMTAlMjIlMjBkJTNEJTIyTTAlMkMyNTcuNzhjMjMuMjYlMkMwLjYzJTJDNDcuMzYlMkMyLjIzJTJDNzIuNiUyQzQuOGM0My41MSUyQzQuNDglMkM4NC4yNCUyQzExLjE2JTJDMTIxLjA3JTJDMTkuODQlMEElMDljNDEuNTYlMkM5LjglMkM3OS45MiUyQzIyLjU2JTJDMTE0LjAyJTJDMzcuOTNjMTguNCUyQzguMjQlMkMzNi4zOCUyQzE3LjUzJTJDNTQuOTklMkMyOC4zOGM2OS40NiUyQzQwLjUzJTJDMTI4LjA1JTJDOTMuMjglMkMxODQuNzElMkMxNDQuMyUwQSUwOWM0OS40NyUyQzQ0LjU0JTJDMTAwLjYzJTJDOTAuNiUyQzE1OC42NSUyQzEyOC4xMmM0My4zMyUyQzI4LjAyJTJDODUuNTIlMkM0Ni42NSUyQzEyNS40MSUyQzU1LjM5YzI0LjkxJTJDNS40NiUyQzQ5LjE5JTJDNy4xNCUyQzcyLjE3JTJDNSUwQSUwOWM4NC45LTguMDUlMkMxNTMuNjgtNjYuODIlMkMyMDguOTQtMTE0LjA1Yzc2LjcxLTY1LjM3JTJDMTUyLjg5LTEyNi42OCUyQzIyNi40LTE4Mi4yM2M0OS0zNi45OCUyQzk3LjE2LTcyLjMzJTJDMTQzLjc0LTEwNi41MmwwLjA5LTAuMDYlMEElMDljMTguNjMtMTMuNjclMkMzNy44OS0yNy44MSUyQzU2Ljg1LTQxLjc5YzE4Ljg5LTEzLjkzJTJDNDEuNS0yOS40NSUyQzY2LjA1LTM4Ljg5YzEzLTUlMkMyNS43NC03Ljk1JTJDMzcuODctOC43NyUwQSUwOWMxMy43My0wLjkzJTJDMjcuMjIlMkMwLjgzJTJDNDAuMTElMkM1LjIyYzI2LjklMkM5LjE1JTJDNDcuODMlMkMyOC4wNyUyQzYzLjk5JTJDNTcuODRjMTQuMiUyQzI2LjE2JTJDMjIuMzMlMkM1Ni4yNSUyQzI4LjgzJTJDODIuMzklMEElMDljMzAuNzUlMkMxMjQuNiUyQzc0LjUlMkMyMTcuMDQlMkMxMzcuNjclMkMyOTAuOTFjMS45MiUyQzIuMjQlMkMzLjg2JTJDNC40NyUyQzUuODQlMkM2LjY5JTIyJTJGJTNFJTBBJTNDJTJGc3ZnJTNFJTNDJTJGZGl2JTNF\u00bb][vc_column css=\u00bb.vc_custom_1716473241671{margin-top: -100px !important;margin-bottom: -100px !important;border-top-width: -50px !important;border-bottom-width: -70px !important;padding-top: 0px !important;padding-bottom: 0px !important;}\u00bb][vc_row_inner row_content_width=\u00bbgrid\u00bb][vc_column_inner css=\u00bb.vc_custom_1567499344778{padding-top: 0px !important;padding-bottom: 0px !important;}\u00bb]<div class=\"mkdf-elements-holder   mkdf-one-column  mkdf-responsive-mode-768 \" ><div class=\"mkdf-eh-item    \"  data-item-class=\"mkdf-eh-custom-8695\" data-1400-1600=\"195px 0 238px\" data-1025-1399=\"183px 0 227px\" data-769-1024=\"160px 0 150px\" data-681-768=\"144px 0 150px\" data-680=\"105px 0 150px\">\n\t<div class=\"mkdf-eh-item-inner\">\n\t\t<div class=\"mkdf-eh-item-content mkdf-eh-custom-8695\" style=\"padding: 195px 0 238px\">\n\t\t\t<div class=\"mkdf-item-showcase-specific-holder  mkdf-iss-text-left mkdf-light-skin mkdf-has-appear-animation\">\n\t<div class=\"mkdf-iss-content\">\n\t\t<div class=\"mkdf-iss-info-section\">\n\t\t\t\t\t\t\t\t\t\t<h2 class=\"mkdf-iss-title\" style=\"color: #ffffff\">\n\t\t\t\t\tTecnolog\u00eda CNC para M\u00e1xima Precisi\u00f3n\t\t\t\t<\/h2>\n\t\t\t\t\t\t\t\t\t\t<p class=\"mkdf-is-text\" style=\"color: #b2b2b2\">Nuestras m\u00e1quinas CNC representan el conocimiento de una tecnolog\u00eda de vanguardia que nos ha transformado en un verdadero Taller 4.0. Estas herramientas altamente tecnol\u00f3gicas nos permiten producir componentes con precisi\u00f3n milim\u00e9trica, garantizando que cada pieza cumpla con los est\u00e1ndares de calidad m\u00e1s altos. El uso de la tecnolog\u00eda CNC optimiza los procesos de producci\u00f3n, reduciendo los tiempos de procesamiento y mejorando la eficiencia general.<\/p>\n\t\t\t\t\t\t\t\t\t\t<\/div>\n\t\t<div class=\"mkdf-iss-media-section\">\n\t\t\t<div class=\"mkdf-iss-al-and-si-holder\">\n\t\t\t\t<div class=\"mkdf-iss-additional-link-holder\">\n\t\t\t\t\t\t\t\t\t<\/div>\n\t\t\t\t<div class=\"mkdf-iss-second-image-holder\">\n\t\t\t\t\t\t\t\t\t<\/div>\n\t\t\t<\/div>\n\t\t\t<div class=\"mkdf-iss-main-image-holder\">\n\t\t\t\t<img loading=\"lazy\" decoding=\"async\" width=\"1000\" height=\"667\" src=\"https:\/\/www.simpedil.eu\/wp-content\/uploads\/2024\/07\/OFMER_PRODUZIONE-01.png\" class=\"attachment-full size-full\" alt=\"\" style=\"transform: scale(1.4)\" srcset=\"https:\/\/www.simpedil.eu\/wp-content\/uploads\/2024\/07\/OFMER_PRODUZIONE-01.png 1000w, https:\/\/www.simpedil.eu\/wp-content\/uploads\/2024\/07\/OFMER_PRODUZIONE-01-300x200.png 300w, https:\/\/www.simpedil.eu\/wp-content\/uploads\/2024\/07\/OFMER_PRODUZIONE-01-768x512.png 768w, https:\/\/www.simpedil.eu\/wp-content\/uploads\/2024\/07\/OFMER_PRODUZIONE-01-600x400.png 600w\" sizes=\"auto, (max-width: 1000px) 100vw, 1000px\" \/>\t\t\t<\/div>\n\t\t\t<div class=\"mkdf-iss-icon-holder\">\n\t\t\t\t\t\t\t<\/div>\n\t\t<\/div>\n\t<\/div>\n<\/div>\t\t<\/div>\n\t<\/div>\n<\/div><\/div>[\/vc_column_inner][\/vc_row_inner][vc_row_inner row_content_width=\u00bbgrid\u00bb][vc_column_inner css=\u00bb.vc_custom_1716473205008{margin-top: -100px !important;margin-bottom: -100px !important;border-top-width: -50px !important;border-bottom-width: -70px !important;padding-top: 0px !important;padding-bottom: 0px !important;}\u00bb]<div class=\"mkdf-elements-holder   mkdf-one-column  mkdf-responsive-mode-768 \" ><div class=\"mkdf-eh-item    \"  data-item-class=\"mkdf-eh-custom-2370\" data-1400-1600=\"195px 0 238px\" data-1025-1399=\"183px 0 227px\" data-769-1024=\"160px 0 150px\" data-681-768=\"144px 0 150px\" data-680=\"105px 0 150px\">\n\t<div class=\"mkdf-eh-item-inner\">\n\t\t<div class=\"mkdf-eh-item-content mkdf-eh-custom-2370\" style=\"padding: 195px 0 238px\">\n\t\t\t<div class=\"mkdf-item-showcase-specific-holder  mkdf-iss-text-right mkdf-light-skin mkdf-has-appear-animation\">\n\t<div class=\"mkdf-iss-content\">\n\t\t<div class=\"mkdf-iss-info-section\">\n\t\t\t\t\t\t\t\t\t\t<h2 class=\"mkdf-iss-title\" style=\"color: #ffffff\">\n\t\t\t\t\tProducci\u00f3n Interna: Una Ventaja Competitiva\t\t\t\t<\/h2>\n\t\t\t\t\t\t\t\t\t\t<p class=\"mkdf-is-text\" style=\"color: #b2b2b2\">Creemos que el verdadero control de calidad proviene de la experiencia. Por eso, producimos internamente cada componente de nuestros productos. Nuestro equipo de expertos supervisa cada fase del proceso, garantizando que cada m\u00e1quina de Simpedil sea fiable, de alto rendimiento y cumpla con los est\u00e1ndares de la empresa.<\/p>\n\t\t\t\t\t\t\t\t\t\t<\/div>\n\t\t<div class=\"mkdf-iss-media-section\">\n\t\t\t<div class=\"mkdf-iss-al-and-si-holder\">\n\t\t\t\t<div class=\"mkdf-iss-additional-link-holder\">\n\t\t\t\t\t\t\t\t\t<\/div>\n\t\t\t\t<div class=\"mkdf-iss-second-image-holder\">\n\t\t\t\t\t\t\t\t\t<\/div>\n\t\t\t<\/div>\n\t\t\t<div class=\"mkdf-iss-main-image-holder\">\n\t\t\t\t<img loading=\"lazy\" decoding=\"async\" width=\"1000\" height=\"667\" src=\"https:\/\/www.simpedil.eu\/wp-content\/uploads\/2024\/07\/OFMER_PRODUZIONE-02.png\" class=\"attachment-full size-full\" alt=\"\" style=\"transform: scale(1.4)\" srcset=\"https:\/\/www.simpedil.eu\/wp-content\/uploads\/2024\/07\/OFMER_PRODUZIONE-02.png 1000w, https:\/\/www.simpedil.eu\/wp-content\/uploads\/2024\/07\/OFMER_PRODUZIONE-02-300x200.png 300w, https:\/\/www.simpedil.eu\/wp-content\/uploads\/2024\/07\/OFMER_PRODUZIONE-02-768x512.png 768w, https:\/\/www.simpedil.eu\/wp-content\/uploads\/2024\/07\/OFMER_PRODUZIONE-02-600x400.png 600w\" sizes=\"auto, (max-width: 1000px) 100vw, 1000px\" \/>\t\t\t<\/div>\n\t\t\t<div class=\"mkdf-iss-icon-holder\">\n\t\t\t\t\t\t\t<\/div>\n\t\t<\/div>\n\t<\/div>\n<\/div>\t\t<\/div>\n\t<\/div>\n<\/div><\/div>[\/vc_column_inner][\/vc_row_inner][vc_row_inner row_content_width=\u00bbgrid\u00bb][vc_column_inner css=\u00bb.vc_custom_1716473190479{margin-top: -100px !important;margin-bottom: -100px !important;border-top-width: -50px !important;border-bottom-width: -70px !important;padding-top: 0px !important;padding-bottom: 0px !important;}\u00bb]<div class=\"mkdf-elements-holder   mkdf-one-column  mkdf-responsive-mode-768 \" ><div class=\"mkdf-eh-item    \"  data-item-class=\"mkdf-eh-custom-4161\" data-1400-1600=\"195px 0 238px\" data-1025-1399=\"183px 0 227px\" data-769-1024=\"160px 0 150px\" data-681-768=\"144px 0 150px\" data-680=\"105px 0 150px\">\n\t<div class=\"mkdf-eh-item-inner\">\n\t\t<div class=\"mkdf-eh-item-content mkdf-eh-custom-4161\" style=\"padding: 195px 0 238px\">\n\t\t\t<div class=\"mkdf-item-showcase-specific-holder  mkdf-iss-text-left mkdf-light-skin mkdf-has-appear-animation\">\n\t<div class=\"mkdf-iss-content\">\n\t\t<div class=\"mkdf-iss-info-section\">\n\t\t\t\t\t\t\t\t\t\t<h2 class=\"mkdf-iss-title\" style=\"color: #ffffff\">\n\t\t\t\t\tLa Fuerza de Nuestro Equipo\t\t\t\t<\/h2>\n\t\t\t\t\t\t\t\t\t\t<p class=\"mkdf-is-text\" style=\"color: #b2b2b2\">Nuestras m\u00e1quinas no son solo el resultado de procesos de construcci\u00f3n, sino tambi\u00e9n de la pasi\u00f3n y la experiencia de nuestros trabajadores especializados. Cada componente es producto de manos expertas, que trabajan con cuidado y dedicaci\u00f3n para asegurar la excelencia en cada detalle.<\/p>\n\t\t\t\t\t\t\t\t\t\t<\/div>\n\t\t<div class=\"mkdf-iss-media-section\">\n\t\t\t<div class=\"mkdf-iss-al-and-si-holder\">\n\t\t\t\t<div class=\"mkdf-iss-additional-link-holder\">\n\t\t\t\t\t\t\t\t\t<\/div>\n\t\t\t\t<div class=\"mkdf-iss-second-image-holder\">\n\t\t\t\t\t\t\t\t\t<\/div>\n\t\t\t<\/div>\n\t\t\t<div class=\"mkdf-iss-main-image-holder\">\n\t\t\t\t<img loading=\"lazy\" decoding=\"async\" width=\"5184\" height=\"2920\" src=\"https:\/\/www.simpedil.eu\/wp-content\/uploads\/2024\/10\/foto-team.png\" class=\"attachment-full size-full\" alt=\"\" style=\"transform: scale(1.4)\" srcset=\"https:\/\/www.simpedil.eu\/wp-content\/uploads\/2024\/10\/foto-team.png 5184w, https:\/\/www.simpedil.eu\/wp-content\/uploads\/2024\/10\/foto-team-300x169.png 300w, https:\/\/www.simpedil.eu\/wp-content\/uploads\/2024\/10\/foto-team-1024x577.png 1024w, https:\/\/www.simpedil.eu\/wp-content\/uploads\/2024\/10\/foto-team-768x433.png 768w, https:\/\/www.simpedil.eu\/wp-content\/uploads\/2024\/10\/foto-team-1536x865.png 1536w, https:\/\/www.simpedil.eu\/wp-content\/uploads\/2024\/10\/foto-team-600x338.png 600w\" sizes=\"auto, (max-width: 5184px) 100vw, 5184px\" \/>\t\t\t<\/div>\n\t\t\t<div class=\"mkdf-iss-icon-holder\">\n\t\t\t\t\t\t\t<\/div>\n\t\t<\/div>\n\t<\/div>\n<\/div>\t\t<\/div>\n\t<\/div>\n<\/div><\/div>[\/vc_column_inner][\/vc_row_inner][\/vc_column][\/vc_row][vc_row disable_background_image=\u00bb1024&#8243; enable_background_svg=\u00bbyes\u00bb animated_text_position=\u00bbright\u00bb disable_animated_text=\u00bb\u00bb animated_text=\u00bbracing\u00bb animated_text_color=\u00bb#101010&#8243; simple_background_color=\u00bb#000000&#8243; el_class=\u00bbmkdf-row-margin-top\u00bb css=\u00bb.vc_custom_1715020666274{margin-bottom: 10px !important;padding-top: 100px !important;padding-bottom: 100px !important;}\u00bb][vc_column css=\u00bb.vc_custom_1716472979020{padding-top: 0px !important;padding-bottom: 0px !important;}\u00bb][vc_row_inner row_content_width=\u00bbgrid\u00bb][vc_column_inner css=\u00bb.vc_custom_1716472994662{margin-bottom: -50px !important;border-bottom-width: -70px !important;padding-top: 0px !important;padding-bottom: 0px !important;}\u00bb]<div class=\"mkdf-elements-holder   mkdf-one-column  mkdf-responsive-mode-768 \" ><div class=\"mkdf-eh-item   mkdf-horizontal-alignment-center \"  data-item-class=\"mkdf-eh-custom-1012\">\n\t<div class=\"mkdf-eh-item-inner\">\n\t\t<div class=\"mkdf-eh-item-content mkdf-eh-custom-1012\" >\n\t\t\t<div class=\"mkdf-section-title-holder    mkdf-has-appear-animation\" style=\"text-align: center\">\n\t<div class=\"mkdf-st-inner\">\n\t\t\t\t\t\t<h2 class=\"mkdf-st-title\" style=\"color: #ffffff\">\n\t\t\t\t\t\t\t\t\tR&amp;D Soluciones Personalizadas\t\t\t\t\t\t\t<\/h2>\n\t\t\t\t\t\t\t<\/div>\n<\/div>[vc_column_text]Nuestro equipo de Investigaci\u00f3n y Desarrollo (R&amp;D) es el coraz\u00f3n de Ofmer, dedic\u00e1ndose diariamente al dise\u00f1o de soluciones innovadoras y de alto rendimiento para mejorar la calidad y durabilidad de nuestros productos. Gracias a nuestro compromiso constante, podemos realizar pruebas y an\u00e1lisis en una amplia gama de materiales y tratamientos, identificando aquellos de la mejor calidad para hacer nuestras m\u00e1quinas m\u00e1s robustas, eficientes y precisas.<\/p>\n<p>En los sitios de construcci\u00f3n, disponer de m\u00e1quinas capaces de soportar un uso continuo es fundamental. Gracias a nuestra investigaci\u00f3n avanzada, podemos seleccionar los mejores materiales para todos los componentes, garantizando productos que reducen los tiempos de trabajo y minimizan el desgaste con el tiempo. Invertir en m\u00e1quinas de alto rendimiento implica un costo inicial m\u00e1s alto, pero los beneficios se manifiestan en t\u00e9rminos de eficiencia y durabilidad.<\/p>\n<p>Reconocemos que cada cliente tiene necesidades \u00fanicas. Por lo tanto, nuestro equipo de dise\u00f1adores est\u00e1 siempre disponible para personalizar los modelos b\u00e1sicos de las m\u00e1quinas, ofreciendo soluciones perfectamente adaptadas a las necesidades espec\u00edficas de cada proyecto.[\/vc_column_text][vc_empty_space height=\u00bb60&#8243;][vc_single_image image=\u00bb3582&#8243; img_size=\u00bblarge\u00bb alignment=\u00bbcenter\u00bb][vc_empty_space height=\u00bb60px\u00bb]\t\t<\/div>\n\t<\/div>\n<\/div><\/div>[\/vc_column_inner][\/vc_row_inner][\/vc_column][\/vc_row]<\/p>\n<\/section>","protected":false},"excerpt":{"rendered":"<p>[vc_row disable_background_image=\u00bb1024&#8243; enable_background_svg=\u00bbyes\u00bb animated_text_position=\u00bbright\u00bb disable_animated_text=\u00bb\u00bb animated_text=\u00bbracing\u00bb animated_text_color=\u00bb#101010&#8243; simple_background_color=\u00bb#000000&#8243; el_class=\u00bbmkdf-row-margin-top\u00bb css=\u00bb.vc_custom_1715020666274{margin-bottom: 10px !important;padding-top: 100px !important;padding-bottom: 100px !important;}\u00bb][vc_column css=\u00bb.vc_custom_1716472979020{padding-top: 0px !important;padding-bottom: 0px !important;}\u00bb][vc_row_inner row_content_width=\u00bbgrid\u00bb][vc_column_inner css=\u00bb.vc_custom_1716472994662{margin-bottom: -50px !important;border-bottom-width: -70px !important;padding-top: 0px !important;padding-bottom: 0px !important;}\u00bb][\/vc_column_inner][\/vc_row_inner][\/vc_column][\/vc_row][vc_row disable_background_image=\u00bb1024&#8243; enable_background_svg=\u00bbyes\u00bb animated_text_position=\u00bbright\u00bb disable_animated_text=\u00bb\u00bb animated_text=\u00bbracing\u00bb animated_text_color=\u00bb#101010&#8243; simple_background_color=\u00bb#000000&#8243; el_class=\u00bbmkdf-row-margin-top\u00bb animated_text_overlay_image=\u00bb2357&#8243; background_svg=\u00bbJTNDZGl2JTIwY2xhc3MlM0QlMjJta2RmLWFuaW1hdGVkLWJhY2tncm91bmQtc3ZnJTIyJTNFJTNDc3ZnJTIweG1sbnMlM0QlMjJodHRwJTNBJTJGJTJGd3d3LnczLm9yZyUyRjIwMDAlMkZzdmclMjIlMjB4bWxucyUzQXhsaW5rJTNEJTIyaHR0cCUzQSUyRiUyRnd3dy53My5vcmclMkYxOTk5JTJGeGxpbmslMjIlMjB4JTNEJTIyMHB4JTIyJTIweSUzRCUyMjBweCUyMiUyMHZpZXdCb3glM0QlMjIwJTIwMCUyMDE5MjAlMjA3MDAlMjIlMjBlbmFibGUtYmFja2dyb3VuZCUzRCUyMm5ldyUyMDAlMjAwJTIwMTkyMCUyMDcwMCUyMiUyMHhtbCUzQXNwYWNlJTNEJTIycHJlc2VydmUlMjIlM0UlMEElM0NwYXRoJTIwc3R5bGUlM0QlMjJmaWxsJTNBbm9uZSUzQnN0cm9rZSUzQXJlZCUzQnN0cm9rZS1taXRlcmxpbWl0JTNBMTAlMjIlMjBkJTNEJTIyTTAlMkMyNTcuNzhjMjMuMjYlMkMwLjYzJTJDNDcuMzYlMkMyLjIzJTJDNzIuNiUyQzQuOGM0My41MSUyQzQuNDglMkM4NC4yNCUyQzExLjE2JTJDMTIxLjA3JTJDMTkuODQlMEElMDljNDEuNTYlMkM5LjglMkM3OS45MiUyQzIyLjU2JTJDMTE0LjAyJTJDMzcuOTNjMTguNCUyQzguMjQlMkMzNi4zOCUyQzE3LjUzJTJDNTQuOTklMkMyOC4zOGM2OS40NiUyQzQwLjUzJTJDMTI4LjA1JTJDOTMuMjglMkMxODQuNzElMkMxNDQuMyUwQSUwOWM0OS40NyUyQzQ0LjU0JTJDMTAwLjYzJTJDOTAuNiUyQzE1OC42NSUyQzEyOC4xMmM0My4zMyUyQzI4LjAyJTJDODUuNTIlMkM0Ni42NSUyQzEyNS40MSUyQzU1LjM5YzI0LjkxJTJDNS40NiUyQzQ5LjE5JTJDNy4xNCUyQzcyLjE3JTJDNSUwQSUwOWM4NC45LTguMDUlMkMxNTMuNjgtNjYuODIlMkMyMDguOTQtMTE0LjA1Yzc2LjcxLTY1LjM3JTJDMTUyLjg5LTEyNi42OCUyQzIyNi40LTE4Mi4yM2M0OS0zNi45OCUyQzk3LjE2LTcyLjMzJTJDMTQzLjc0LTEwNi41MmwwLjA5LTAuMDYlMEElMDljMTguNjMtMTMuNjclMkMzNy44OS0yNy44MSUyQzU2Ljg1LTQxLjc5YzE4Ljg5LTEzLjkzJTJDNDEuNS0yOS40NSUyQzY2LjA1LTM4Ljg5YzEzLTUlMkMyNS43NC03Ljk1JTJDMzcuODctOC43NyUwQSUwOWMxMy43My0wLjkzJTJDMjcuMjIlMkMwLjgzJTJDNDAuMTElMkM1LjIyYzI2LjklMkM5LjE1JTJDNDcuODMlMkMyOC4wNyUyQzYzLjk5JTJDNTcuODRjMTQuMiUyQzI2LjE2JTJDMjIuMzMlMkM1Ni4yNSUyQzI4LjgzJTJDODIuMzklMEElMDljMzAuNzUlMkMxMjQuNiUyQzc0LjUlMkMyMTcuMDQlMkMxMzcuNjclMkMyOTAuOTFjMS45MiUyQzIuMjQlMkMzLjg2JTJDNC40NyUyQzUuODQlMkM2LjY5JTIyJTJGJTNFJTBBJTNDJTJGc3ZnJTNFJTNDJTJGZGl2JTNF\u00bb][vc_column css=\u00bb.vc_custom_1716473241671{margin-top: -100px !important;margin-bottom: -100px !important;border-top-width: -50px !important;border-bottom-width: -70px !important;padding-top: 0px [&hellip;]<\/p>\n","protected":false},"author":4,"featured_media":0,"parent":0,"menu_order":0,"comment_status":"closed","ping_status":"closed","template":"full-width.php","meta":{"om_disable_all_campaigns":false,"_monsterinsights_skip_tracking":false,"_monsterinsights_sitenote_active":false,"_monsterinsights_sitenote_note":"","_monsterinsights_sitenote_category":0,"footnotes":""},"class_list":["post-7124","page","type-page","status-publish","hentry"],"aioseo_notices":[],"_links":{"self":[{"href":"https:\/\/www.simpedil.eu\/es\/wp-json\/wp\/v2\/pages\/7124","targetHints":{"allow":["GET"]}}],"collection":[{"href":"https:\/\/www.simpedil.eu\/es\/wp-json\/wp\/v2\/pages"}],"about":[{"href":"https:\/\/www.simpedil.eu\/es\/wp-json\/wp\/v2\/types\/page"}],"author":[{"embeddable":true,"href":"https:\/\/www.simpedil.eu\/es\/wp-json\/wp\/v2\/users\/4"}],"replies":[{"embeddable":true,"href":"https:\/\/www.simpedil.eu\/es\/wp-json\/wp\/v2\/comments?post=7124"}],"version-history":[{"count":8,"href":"https:\/\/www.simpedil.eu\/es\/wp-json\/wp\/v2\/pages\/7124\/revisions"}],"predecessor-version":[{"id":8303,"href":"https:\/\/www.simpedil.eu\/es\/wp-json\/wp\/v2\/pages\/7124\/revisions\/8303"}],"wp:attachment":[{"href":"https:\/\/www.simpedil.eu\/es\/wp-json\/wp\/v2\/media?parent=7124"}],"curies":[{"name":"wp","href":"https:\/\/api.w.org\/{rel}","templated":true}]}}